{"id":22,"date":"2020-07-02T11:42:30","date_gmt":"2020-07-02T11:42:30","guid":{"rendered":"http:\/\/www.inofermuar.com\/yeni\/?page_id=22"},"modified":"2020-07-26T22:32:04","modified_gmt":"2020-07-26T22:32:04","slug":"naylon-fermuarlar","status":"publish","type":"page","link":"https:\/\/www.inofermuar.com\/ru\/naylon-fermuarlar\/","title":{"rendered":"Naylon Fermuarlar"},"content":{"rendered":"<h2>Naylon Fermuarlar<\/h2>\n<div>\n<p>        <img decoding=\"async\" src=\"\/yeni\/wp-content\/uploads\/2020\/07\/IMG_8185-400x267-1.jpg\" alt=\"\"><\/p>\n<div>Say\u0131s\u0131z farkl\u0131 di\u015f renk ve \u015ferit se\u00e7enekleriyle naylon fermuarlar<\/div>\n<\/div>\n<ul>\n<li>\n<p>        <img decoding=\"async\" src=\"\/yeni\/wp-content\/uploads\/2020\/07\/IMG_7422-600x400-1.jpg\" alt=\"\"><\/p>\n<h4>IMG_7422-600&#215;400<\/h4>\n<\/li>\n<li>\n<p>        <img decoding=\"async\" src=\"\/yeni\/wp-content\/uploads\/2020\/07\/IMG_8185-400x267-2.jpg\" alt=\"\"><\/p>\n<h4>IMG_8185-400&#215;267<\/h4>\n<\/li>\n<li>\n<p>        <img decoding=\"async\" src=\"\/yeni\/wp-content\/uploads\/2020\/07\/IMG_8231-300x200-1.jpg\" alt=\"\"><\/p>\n<h4>IMG_8231-300&#215;200<\/h4>\n<\/li>\n<li>\n<p>        <img decoding=\"async\" src=\"\/yeni\/wp-content\/uploads\/2020\/07\/IMG_8244-600x400-1.jpg\" alt=\"\"><\/p>\n<h4>IMG_8244-600&#215;400<\/h4>\n<\/li>\n<\/ul>\n<h1>Tipler<\/h1>\n<ul>\n<li>\n<p>        <img decoding=\"async\" src=\"\/yeni\/wp-content\/uploads\/2020\/07\/T5_ino_nylon-400x400-1.jpg\" alt=\"\"><\/p>\n<h4>T5<\/h4>\n<\/li>\n<li>\n<p>        <img decoding=\"async\" src=\"\/yeni\/wp-content\/uploads\/2020\/07\/T10_ino_nylon-400x400-1.jpg\" alt=\"\"><\/p>\n<h4>T10<\/h4>\n<\/li>\n<li>\n<p>        <img decoding=\"async\" src=\"\/yeni\/wp-content\/uploads\/2020\/07\/T11_ino_nylon-400x400-1.jpg\" alt=\"\"><\/p>\n<h4>T11<\/h4>\n<\/li>\n<\/ul>\n<h1>Di\u015f Renkleri<\/h1>\n<ul>\n<li>\n<p>        <img decoding=\"async\" src=\"\/yeni\/wp-content\/uploads\/2020\/07\/T5_gold.jpg\" alt=\"\"><\/p>\n<h4>T5 Alt\u0131n<\/h4>\n<\/li>\n<li>\n<p>        <img decoding=\"async\" src=\"\/yeni\/wp-content\/uploads\/2020\/07\/T5-light-gold.jpg\" alt=\"\"><\/p>\n<h4>T5 Light Alt\u0131n<\/h4>\n<\/li>\n<li>\n<p>        <img decoding=\"async\" src=\"\/yeni\/wp-content\/uploads\/2020\/07\/T5_antik_sari.jpg\" alt=\"\"><\/p>\n<h4>T5 Antik Sar\u0131<\/h4>\n<\/li>\n<li>\n<p>        <img decoding=\"async\" src=\"\/yeni\/wp-content\/uploads\/2020\/07\/T5_silver.jpg\" alt=\"\"><\/p>\n<h4>T5 G\u00fcm\u00fc\u015f<\/h4>\n<\/li>\n<li>\n<p>        <img decoding=\"async\" src=\"\/yeni\/wp-content\/uploads\/2020\/07\/T10_gold.jpg\" alt=\"\"><\/p>\n<h4>T10 Alt\u0131n<\/h4>\n<\/li>\n<li>\n<p>        <img decoding=\"async\" src=\"\/yeni\/wp-content\/uploads\/2020\/07\/T10-light-gold.jpg\" alt=\"\"><\/p>\n<h4>T10 Light Alt\u0131n<\/h4>\n<\/li>\n<li>\n<p>        <img decoding=\"async\" src=\"\/yeni\/wp-content\/uploads\/2020\/07\/T10_rose_gold.jpg\" alt=\"\"><\/p>\n<h4>T10 Rose Alt\u0131n<\/h4>\n<\/li>\n<li>\n<p>        <img decoding=\"async\" src=\"\/yeni\/wp-content\/uploads\/2020\/07\/T10_light_rose_gold.jpg\" alt=\"\"><\/p>\n<h4>T10 Rose Alt\u0131n ( Light )<\/h4>\n<\/li>\n<li>\n<p>        <img decoding=\"async\" src=\"\/yeni\/wp-content\/uploads\/2020\/07\/T10_silver.jpg\" alt=\"\"><\/p>\n<h4>T10 G\u00fcm\u00fc\u015f<\/h4>\n<\/li>\n<li>\n<p>        <img decoding=\"async\" src=\"\/yeni\/wp-content\/uploads\/2020\/07\/T10-silver-red.jpg\" alt=\"\"><\/p>\n<h4>T10 G\u00fcm\u00fc\u015f K\u0131rm\u0131z\u0131<\/h4>\n<\/li>\n<li>\n<p>        <img decoding=\"async\" src=\"\/yeni\/wp-content\/uploads\/2020\/07\/T10_renkli_silver_mavi.jpg\" alt=\"\"><\/p>\n<h4>T10 G\u00fcm\u00fc\u015f Mavi<\/h4>\n<\/li>\n<li>\n<p>        <img decoding=\"async\" src=\"\/yeni\/wp-content\/uploads\/2020\/07\/T10-silver-purple.jpg\" alt=\"\"><\/p>\n<h4>T10 G\u00fcm\u00fc\u015f Mor<\/h4>\n<\/li>\n<li>\n<p>        <img decoding=\"async\" src=\"\/yeni\/wp-content\/uploads\/2020\/07\/T10_renkli_silver_turkuaz.jpg\" alt=\"\"><\/p>\n<h4>T10 G\u00fcm\u00fc\u015f Turkuaz<\/h4>\n<\/li>\n<li>\n<p>        <img decoding=\"async\" src=\"\/yeni\/wp-content\/uploads\/2020\/07\/T10-silver-green.jpg\" alt=\"\"><\/p>\n<h4>T10 G\u00fcm\u00fc\u015f Ye\u015fil<\/h4>\n<\/li>\n<li>\n<p>        <img decoding=\"async\" src=\"\/yeni\/wp-content\/uploads\/2020\/07\/T10-silver-light-green.jpg\" alt=\"\"><\/p>\n<h4>T10 G\u00fcm\u00fc\u015f Light Ye\u015fil<\/h4>\n<\/li>\n<li>\n<p>        <img decoding=\"async\" src=\"\/yeni\/wp-content\/uploads\/2020\/07\/T10_black_nickel.jpg\" alt=\"\"><\/p>\n<h4>T10 Siyah Nikel<\/h4>\n<\/li>\n<li>\n<p>        <img decoding=\"async\" src=\"\/yeni\/wp-content\/uploads\/2020\/07\/T10-painted-tone-on-tone.jpg\" alt=\"\"><\/p>\n<h4>T10 Boyali \/ Tonaton<\/h4>\n<\/li>\n<\/ul>\n<p><!-- {\"name\":\"Metal Kaplama\",\"type\":\"layout\",\"children\":[{\"type\":\"section\",\"props\":{\"style\":\"primary\",\"width\":\"default\",\"vertical_align\":\"middle\",\"title_position\":\"top-left\",\"title_rotation\":\"left\",\"title_breakpoint\":\"xl\",\"image_position\":\"center-center\",\"padding\":\"xsmall\",\"image\":\"wp-content\\\/uploads\\\/2020\\\/07\\\/6.png\",\"preserve_color\":true,\"text_color\":\"light\",\"image_size\":\"cover\"},\"children\":[{\"type\":\"row\",\"children\":[{\"type\":\"column\",\"props\":{\"image_position\":\"center-center\",\"media_overlay_gradient\":\"\"},\"children\":[{\"type\":\"headline\",\"props\":{\"title_element\":\"h2\",\"content\":\"Naylon Fermuarlar\"}}]}]}],\"name\":\"ust\"},{\"type\":\"section\",\"props\":{\"style\":\"default\",\"width\":\"xlarge\",\"vertical_align\":\"middle\",\"title_position\":\"top-left\",\"title_rotation\":\"left\",\"title_breakpoint\":\"xl\",\"image_position\":\"center-center\",\"padding_remove_horizontal\":false},\"children\":[{\"type\":\"row\",\"children\":[{\"type\":\"column\",\"props\":{\"image_position\":\"center-center\",\"media_overlay_gradient\":\"\"},\"children\":[{\"type\":\"panel\",\"props\":{\"link_text\":\"Read more\",\"title_hover_style\":\"reset\",\"title_element\":\"h3\",\"title_align\":\"top\",\"title_grid_width\":\"1-2\",\"title_grid_breakpoint\":\"m\",\"meta_style\":\"meta\",\"meta_align\":\"below-title\",\"content_column_breakpoint\":\"m\",\"icon_width\":80,\"image_align\":\"right\",\"image_grid_width\":\"1-2\",\"image_grid_breakpoint\":\"m\",\"image_svg_color\":\"emphasis\",\"link_style\":\"default\",\"margin\":\"default\",\"title\":\"\",\"content\":\"Say\\u0131s\\u0131z farkl\\u0131 di\\u015f renk ve \\u015ferit se\\u00e7enekleriyle naylon fermuarlar\",\"image\":\"wp-content\\\/uploads\\\/2020\\\/07\\\/IMG_8185-400x267-1.jpg\",\"image_box_decoration\":\"primary\",\"content_style\":\"lead\",\"content_dropcap\":true,\"image_width\":\"615\",\"image_height\":\"409\"}}]}]},{\"type\":\"row\",\"children\":[{\"type\":\"column\",\"props\":{\"image_position\":\"center-center\",\"media_overlay_gradient\":\"\"},\"children\":[{\"type\":\"grid\",\"props\":{\"show_title\":false,\"show_meta\":false,\"show_content\":false,\"show_image\":true,\"show_link\":true,\"grid_default\":\"2\",\"grid_medium\":\"2\",\"filter_style\":\"tab\",\"filter_all\":true,\"filter_position\":\"top\",\"filter_align\":\"left\",\"filter_grid_width\":\"auto\",\"filter_grid_breakpoint\":\"m\",\"title_hover_style\":\"reset\",\"title_element\":\"h4\",\"title_align\":\"top\",\"title_grid_width\":\"1-2\",\"title_grid_breakpoint\":\"m\",\"meta_style\":\"meta\",\"meta_align\":\"below-title\",\"content_column_breakpoint\":\"m\",\"icon_width\":80,\"image_align\":\"top\",\"image_grid_width\":\"1-2\",\"image_grid_breakpoint\":\"m\",\"image_svg_color\":\"emphasis\",\"link_text\":\"\",\"link_style\":\"default\",\"margin\":\"default\",\"item_animation\":\"\",\"grid_large\":\"4\",\"grid_xlarge\":\"4\",\"text_align\":\"center\",\"image_border\":\"rounded\",\"panel_style\":\"card-default\",\"panel_size\":\"small\",\"panel_card_image\":false,\"panel_link\":true,\"grid_masonry\":false,\"title_style\":\"h5\",\"image_link\":true,\"image_svg_inline\":false,\"grid_small\":\"2\",\"lightbox\":true},\"children\":[{\"type\":\"grid_item\",\"props\":{\"title\":\"IMG_7422-600x400\",\"image\":\"wp-content\\\/uploads\\\/2020\\\/07\\\/IMG_7422-600x400-1.jpg\"}},{\"type\":\"grid_item\",\"props\":{\"title\":\"IMG_8185-400x267\",\"image\":\"wp-content\\\/uploads\\\/2020\\\/07\\\/IMG_8185-400x267-2.jpg\"}},{\"type\":\"grid_item\",\"props\":{\"title\":\"IMG_8231-300x200\",\"image\":\"wp-content\\\/uploads\\\/2020\\\/07\\\/IMG_8231-300x200-1.jpg\"}},{\"type\":\"grid_item\",\"props\":{\"title\":\"IMG_8244-600x400\",\"image\":\"wp-content\\\/uploads\\\/2020\\\/07\\\/IMG_8244-600x400-1.jpg\"}}],\"name\":\"galeri\"}]}]}]},{\"type\":\"section\",\"props\":{\"style\":\"default\",\"width\":\"default\",\"vertical_align\":\"middle\",\"title_position\":\"top-left\",\"title_rotation\":\"left\",\"title_breakpoint\":\"xl\",\"image_position\":\"center-center\"},\"children\":[{\"type\":\"row\",\"children\":[{\"type\":\"column\",\"props\":{\"image_position\":\"center-center\",\"media_overlay_gradient\":\"\"},\"children\":[{\"type\":\"headline\",\"props\":{\"title_element\":\"h1\",\"content\":\"Tipler\",\"text_align\":\"center\"}},{\"type\":\"grid\",\"props\":{\"show_title\":true,\"show_meta\":true,\"show_content\":false,\"show_image\":true,\"show_link\":true,\"grid_default\":\"2\",\"grid_medium\":\"3\",\"filter_style\":\"tab\",\"filter_all\":true,\"filter_position\":\"top\",\"filter_align\":\"left\",\"filter_grid_width\":\"auto\",\"filter_grid_breakpoint\":\"m\",\"title_hover_style\":\"reset\",\"title_element\":\"h4\",\"title_align\":\"top\",\"title_grid_width\":\"1-2\",\"title_grid_breakpoint\":\"m\",\"meta_style\":\"meta\",\"meta_align\":\"below-title\",\"content_column_breakpoint\":\"m\",\"icon_width\":80,\"image_align\":\"top\",\"image_grid_width\":\"1-2\",\"image_grid_breakpoint\":\"m\",\"image_svg_color\":\"emphasis\",\"link_text\":\"\",\"link_style\":\"default\",\"margin\":\"default\",\"item_animation\":\"\",\"grid_large\":\"5\",\"grid_xlarge\":\"5\",\"text_align\":\"center\",\"image_border\":\"rounded\",\"panel_style\":\"card-default\",\"panel_size\":\"small\",\"panel_card_image\":true,\"item_maxwidth\":\"2xlarge\",\"panel_link\":true,\"grid_masonry\":false,\"title_style\":\"h5\",\"image_link\":true,\"image_svg_inline\":false,\"grid_small\":\"2\",\"lightbox\":true},\"children\":[{\"type\":\"grid_item\",\"props\":{\"title\":\"T5\",\"image\":\"wp-content\\\/uploads\\\/2020\\\/07\\\/T5_ino_nylon-400x400-1.jpg\"}},{\"type\":\"grid_item\",\"props\":{\"title\":\"T10\",\"image\":\"wp-content\\\/uploads\\\/2020\\\/07\\\/T10_ino_nylon-400x400-1.jpg\"}},{\"type\":\"grid_item\",\"props\":{\"title\":\"T11\",\"image\":\"wp-content\\\/uploads\\\/2020\\\/07\\\/T11_ino_nylon-400x400-1.jpg\"}}],\"name\":\"galeri\"},{\"type\":\"headline\",\"props\":{\"title_element\":\"h1\",\"content\":\"Di\\u015f Renkleri\",\"text_align\":\"center\"}},{\"type\":\"grid\",\"props\":{\"show_title\":true,\"show_meta\":true,\"show_content\":false,\"show_image\":true,\"show_link\":true,\"grid_default\":\"3\",\"grid_medium\":\"3\",\"filter_style\":\"tab\",\"filter_all\":true,\"filter_position\":\"top\",\"filter_align\":\"left\",\"filter_grid_width\":\"auto\",\"filter_grid_breakpoint\":\"m\",\"title_hover_style\":\"reset\",\"title_element\":\"h4\",\"title_align\":\"top\",\"title_grid_width\":\"1-2\",\"title_grid_breakpoint\":\"m\",\"meta_style\":\"meta\",\"meta_align\":\"below-title\",\"content_column_breakpoint\":\"m\",\"icon_width\":80,\"image_align\":\"top\",\"image_grid_width\":\"1-2\",\"image_grid_breakpoint\":\"m\",\"image_svg_color\":\"emphasis\",\"link_text\":\"\",\"link_style\":\"default\",\"margin\":\"default\",\"item_animation\":\"\",\"grid_large\":\"6\",\"grid_xlarge\":\"6\",\"text_align\":\"center\",\"image_border\":\"rounded\",\"panel_style\":\"card-default\",\"panel_size\":\"small\",\"panel_card_image\":true,\"item_maxwidth\":\"2xlarge\",\"panel_link\":true,\"grid_masonry\":false,\"title_style\":\"h5\",\"image_link\":true,\"image_svg_inline\":false,\"grid_small\":\"3\",\"lightbox\":true},\"children\":[{\"type\":\"grid_item\",\"props\":{\"title\":\"T5 Alt\\u0131n\",\"image\":\"wp-content\\\/uploads\\\/2020\\\/07\\\/T5_gold.jpg\",\"meta\":\"\"}},{\"type\":\"grid_item\",\"props\":{\"title\":\"T5 Light Alt\\u0131n\",\"image\":\"wp-content\\\/uploads\\\/2020\\\/07\\\/T5-light-gold.jpg\"}},{\"type\":\"grid_item\",\"props\":{\"title\":\"T5 Antik Sar\\u0131\",\"image\":\"wp-content\\\/uploads\\\/2020\\\/07\\\/T5_antik_sari.jpg\"}},{\"type\":\"grid_item\",\"props\":{\"title\":\"T5 G\\u00fcm\\u00fc\\u015f\",\"image\":\"wp-content\\\/uploads\\\/2020\\\/07\\\/T5_silver.jpg\"}},{\"type\":\"grid_item\",\"props\":{\"title\":\"T10 Alt\\u0131n\",\"image\":\"wp-content\\\/uploads\\\/2020\\\/07\\\/T10_gold.jpg\"}},{\"type\":\"grid_item\",\"props\":{\"title\":\"T10 Light Alt\\u0131n\",\"image\":\"wp-content\\\/uploads\\\/2020\\\/07\\\/T10-light-gold.jpg\"}},{\"type\":\"grid_item\",\"props\":{\"title\":\"T10 Rose Alt\\u0131n\",\"image\":\"wp-content\\\/uploads\\\/2020\\\/07\\\/T10_rose_gold.jpg\"}},{\"type\":\"grid_item\",\"props\":{\"title\":\"T10 Rose Alt\\u0131n ( Light )\",\"image\":\"wp-content\\\/uploads\\\/2020\\\/07\\\/T10_light_rose_gold.jpg\"}},{\"type\":\"grid_item\",\"props\":{\"title\":\"T10 G\\u00fcm\\u00fc\\u015f\",\"image\":\"wp-content\\\/uploads\\\/2020\\\/07\\\/T10_silver.jpg\"}},{\"type\":\"grid_item\",\"props\":{\"title\":\"T10 G\\u00fcm\\u00fc\\u015f K\\u0131rm\\u0131z\\u0131\",\"image\":\"wp-content\\\/uploads\\\/2020\\\/07\\\/T10-silver-red.jpg\"}},{\"type\":\"grid_item\",\"props\":{\"title\":\"T10 G\\u00fcm\\u00fc\\u015f Mavi\",\"image\":\"wp-content\\\/uploads\\\/2020\\\/07\\\/T10_renkli_silver_mavi.jpg\"}},{\"type\":\"grid_item\",\"props\":{\"title\":\"T10 G\\u00fcm\\u00fc\\u015f Mor\",\"image\":\"wp-content\\\/uploads\\\/2020\\\/07\\\/T10-silver-purple.jpg\"}},{\"type\":\"grid_item\",\"props\":{\"title\":\"T10 G\\u00fcm\\u00fc\\u015f Turkuaz\",\"image\":\"wp-content\\\/uploads\\\/2020\\\/07\\\/T10_renkli_silver_turkuaz.jpg\"}},{\"type\":\"grid_item\",\"props\":{\"title\":\"T10 G\\u00fcm\\u00fc\\u015f Ye\\u015fil\",\"image\":\"wp-content\\\/uploads\\\/2020\\\/07\\\/T10-silver-green.jpg\"}},{\"type\":\"grid_item\",\"props\":{\"title\":\"T10 G\\u00fcm\\u00fc\\u015f Light Ye\\u015fil\",\"image\":\"wp-content\\\/uploads\\\/2020\\\/07\\\/T10-silver-light-green.jpg\"}},{\"type\":\"grid_item\",\"props\":{\"title\":\"T10 Siyah Nikel\",\"image\":\"wp-content\\\/uploads\\\/2020\\\/07\\\/T10_black_nickel.jpg\"}},{\"type\":\"grid_item\",\"props\":{\"title\":\"T10 Boyali \\\/ Tonaton\",\"image\":\"wp-content\\\/uploads\\\/2020\\\/07\\\/T10-painted-tone-on-tone.jpg\"}}],\"name\":\"galeri\"}]}]}]}],\"version\":\"2.1.1\"} --><\/p>\n","protected":false},"excerpt":{"rendered":"<p>Naylon Fermuarlar Say\u0131s\u0131z farkl\u0131 di\u015f renk ve \u015ferit se\u00e7enekleriyle naylon fermuarlar IMG_7422-600&#215;400 IMG_8185-400&#215;267 IMG_8231-300&#215;200 IMG_8244-600&#215;400 Tipler T5 T10 T11 Di\u015f Renkleri T5 Alt\u0131n T5 Light Alt\u0131n T5 Antik Sar\u0131 T5 G\u00fcm\u00fc\u015f T10 Alt\u0131n T10 Light Alt\u0131n T10 Rose Alt\u0131n T10 Rose Alt\u0131n ( Light ) T10 G\u00fcm\u00fc\u015f T10 G\u00fcm\u00fc\u015f K\u0131rm\u0131z\u0131 T10 G\u00fcm\u00fc\u015f Mavi T10 G\u00fcm\u00fc\u015f [&hellip;]<\/p>\n","protected":false},"author":1,"featured_media":0,"parent":0,"menu_order":0,"comment_status":"closed","ping_status":"closed","template":"","meta":{"_joinchat":[]},"yoast_head":"<!-- This site is optimized with the Yoast SEO plugin v19.10 - https:\/\/yoast.com\/wordpress\/plugins\/seo\/ -->\n<title>Naylon Fermuarlar<\/title>\n<meta name=\"description\" content=\"Naylon Fermuarlar Say\u0131s\u0131z farkl\u0131 di\u015f renk ve \u015ferit se\u00e7enekleriyle naylon fermuarlar IMG_7422-600x400 IMG_8185-400x267 IMG_8231-300x200 IMG_8244-600x400 Tipler T5 T10 T11 Di\u015f Renkleri T5 Alt\u0131n T5 Light Alt\u0131n T5 Antik Sar\u0131 T5 G\u00fcm\u00fc\u015f T10 Alt\u0131n T10 Light Alt\u0131n T10 Rose Alt\u0131n T10 Rose Alt\u0131n ( Light ) T10 G\u00fcm\u00fc\u015f T10 G\u00fcm\u00fc\u015f K\u0131rm\u0131z\u0131 T10 G\u00fcm\u00fc\u015f Mavi T10 G\u00fcm\u00fc\u015f&hellip;\" \/>\n<meta name=\"robots\" content=\"index, follow, max-snippet:-1, max-image-preview:large, max-video-preview:-1\" \/>\n<link rel=\"canonical\" href=\"http:\/\/Naylon%20Fermuarlar%20Say\u0131s\u0131z%20farkl\u0131%20di\u015f%20renk%20ve%20\u015ferit%20se\u00e7enekleriyle%20naylon%20fermuarlar%20IMG_7422-600x400%20IMG_8185-400x267%20IMG_8231-300x200%20IMG_8244-600x400%20Tipler%20T5%20T10%20T11%20Di\u015f%20Renkleri%20T5%20Alt\u0131n%20T5%20Light%20Alt\u0131n%20T5%20Antik%20Sar\u0131%20T5%20G\u00fcm\u00fc\u015f%20T10%20Alt\u0131n%20T10%20Light%20Alt\u0131n%20T10%20Rose%20Alt\u0131n%20T10%20Rose%20Alt\u0131n%20(%20Light%20)%20T10%20G\u00fcm\u00fc\u015f%20T10%20G\u00fcm\u00fc\u015f%20K\u0131rm\u0131z\u0131%20T10%20G\u00fcm\u00fc\u015f%20Mavi%20T10%20G\u00fcm\u00fc\u015f&hellip;\" \/>\n<meta property=\"og:locale\" content=\"ru_RU\" \/>\n<meta property=\"og:type\" content=\"article\" \/>\n<meta property=\"og:title\" content=\"Naylon Fermuarlar\" \/>\n<meta property=\"og:description\" content=\"Naylon Fermuarlar Say\u0131s\u0131z farkl\u0131 di\u015f renk ve \u015ferit se\u00e7enekleriyle naylon fermuarlar IMG_7422-600x400 IMG_8185-400x267 IMG_8231-300x200 IMG_8244-600x400 Tipler T5 T10 T11 Di\u015f Renkleri T5 Alt\u0131n T5 Light Alt\u0131n T5 Antik Sar\u0131 T5 G\u00fcm\u00fc\u015f T10 Alt\u0131n T10 Light Alt\u0131n T10 Rose Alt\u0131n T10 Rose Alt\u0131n ( Light ) T10 G\u00fcm\u00fc\u015f T10 G\u00fcm\u00fc\u015f K\u0131rm\u0131z\u0131 T10 G\u00fcm\u00fc\u015f Mavi T10 G\u00fcm\u00fc\u015f&hellip;\" \/>\n<meta property=\"og:url\" content=\"https:\/\/www.inofermuar.com\/ru\/naylon-fermuarlar\/\" \/>\n<meta property=\"og:site_name\" content=\"\u041c\u043e\u043b\u043d\u0438\u0438 INOX\" \/>\n<meta property=\"article:publisher\" content=\"https:\/\/facebook.com\/inofermuar\" \/>\n<meta property=\"article:modified_time\" content=\"2020-07-26T22:32:04+00:00\" \/>\n<meta name=\"twitter:card\" content=\"summary_large_image\" \/>\n<meta name=\"twitter:site\" content=\"@inofermuar\" \/>\n<script type=\"application\/ld+json\" class=\"yoast-schema-graph\">{\"@context\":\"https:\/\/schema.org\",\"@graph\":[{\"@type\":\"WebPage\",\"@id\":\"https:\/\/www.inofermuar.com\/ru\/naylon-fermuarlar\/\",\"url\":\"https:\/\/www.inofermuar.com\/ru\/naylon-fermuarlar\/\",\"name\":\"Naylon Fermuarlar - \u041c\u043e\u043b\u043d\u0438\u0438 INOX\",\"isPartOf\":{\"@id\":\"https:\/\/www.inofermuar.com\/#website\"},\"datePublished\":\"2020-07-02T11:42:30+00:00\",\"dateModified\":\"2020-07-26T22:32:04+00:00\",\"breadcrumb\":{\"@id\":\"https:\/\/www.inofermuar.com\/ru\/naylon-fermuarlar\/#breadcrumb\"},\"inLanguage\":\"ru-RU\",\"potentialAction\":[{\"@type\":\"ReadAction\",\"target\":[\"https:\/\/www.inofermuar.com\/ru\/naylon-fermuarlar\/\"]}]},{\"@type\":\"BreadcrumbList\",\"@id\":\"https:\/\/www.inofermuar.com\/ru\/naylon-fermuarlar\/#breadcrumb\",\"itemListElement\":[{\"@type\":\"ListItem\",\"position\":1,\"name\":\"\u0413\u043b\u0430\u0432\u043d\u0430\u044f\",\"item\":\"https:\/\/www.inofermuar.com\/\"},{\"@type\":\"ListItem\",\"position\":2,\"name\":\"Naylon Fermuarlar\"}]},{\"@type\":\"WebSite\",\"@id\":\"https:\/\/www.inofermuar.com\/ru\/#website\",\"url\":\"https:\/\/www.inofermuar.com\/ru\/\",\"name\":\"\u0130NO Fermuar\",\"description\":\"Fermuar &Ccedil;e\u015fitleri ve Fermuar Modelleri\",\"publisher\":{\"@id\":\"https:\/\/www.inofermuar.com\/ru\/#organization\"},\"potentialAction\":[{\"@type\":\"SearchAction\",\"target\":{\"@type\":\"EntryPoint\",\"urlTemplate\":\"https:\/\/www.inofermuar.com\/ru\/?s={search_term_string}\"},\"query-input\":\"required name=search_term_string\"}],\"inLanguage\":\"ru-RU\"},{\"@type\":\"Organization\",\"@id\":\"https:\/\/www.inofermuar.com\/ru\/#organization\",\"name\":\"\u0130no Fermuar\",\"url\":\"https:\/\/www.inofermuar.com\/ru\/\",\"logo\":{\"@type\":\"ImageObject\",\"inLanguage\":\"ru-RU\",\"@id\":\"https:\/\/www.inofermuar.com\/ru\/#\/schema\/logo\/image\/\",\"url\":\"https:\/\/www.inofermuar.com\/wp-content\/uploads\/2020\/07\/normal_logo-2.png\",\"contentUrl\":\"https:\/\/www.inofermuar.com\/wp-content\/uploads\/2020\/07\/normal_logo-2.png\",\"width\":150,\"height\":83,\"caption\":\"\u0130no Fermuar\"},\"image\":{\"@id\":\"https:\/\/www.inofermuar.com\/ru\/#\/schema\/logo\/image\/\"},\"sameAs\":[\"https:\/\/instagram.com\/inofermuar\",\"https:\/\/www.linkedin.com\/company\/inofermuar\/\",\"https:\/\/www.youtube.com\/channel\/UCFh3mdP_xsOQ-OBVD-bvMnA\",\"https:\/\/facebook.com\/inofermuar\",\"https:\/\/twitter.com\/inofermuar\"]}]}<\/script>\n<!-- \/ Yoast SEO plugin. -->","yoast_head_json":{"title":"Naylon Fermuarlar","description":"Naylon Fermuarlar Say\u0131s\u0131z farkl\u0131 di\u015f renk ve \u015ferit se\u00e7enekleriyle naylon fermuarlar IMG_7422-600x400 IMG_8185-400x267 IMG_8231-300x200 IMG_8244-600x400 Tipler T5 T10 T11 Di\u015f Renkleri T5 Alt\u0131n T5 Light Alt\u0131n T5 Antik Sar\u0131 T5 G\u00fcm\u00fc\u015f T10 Alt\u0131n T10 Light Alt\u0131n T10 Rose Alt\u0131n T10 Rose Alt\u0131n ( Light ) T10 G\u00fcm\u00fc\u015f T10 G\u00fcm\u00fc\u015f K\u0131rm\u0131z\u0131 T10 G\u00fcm\u00fc\u015f Mavi T10 G\u00fcm\u00fc\u015f&hellip;","robots":{"index":"index","follow":"follow","max-snippet":"max-snippet:-1","max-image-preview":"max-image-preview:large","max-video-preview":"max-video-preview:-1"},"canonical":"Naylon Fermuarlar Say\u0131s\u0131z farkl\u0131 di\u015f renk ve \u015ferit se\u00e7enekleriyle naylon fermuarlar IMG_7422-600x400 IMG_8185-400x267 IMG_8231-300x200 IMG_8244-600x400 Tipler T5 T10 T11 Di\u015f Renkleri T5 Alt\u0131n T5 Light Alt\u0131n T5 Antik Sar\u0131 T5 G\u00fcm\u00fc\u015f T10 Alt\u0131n T10 Light Alt\u0131n T10 Rose Alt\u0131n T10 Rose Alt\u0131n ( Light ) T10 G\u00fcm\u00fc\u015f T10 G\u00fcm\u00fc\u015f K\u0131rm\u0131z\u0131 T10 G\u00fcm\u00fc\u015f Mavi T10 G\u00fcm\u00fc\u015f&hellip;","og_locale":"ru_RU","og_type":"article","og_title":"Naylon Fermuarlar","og_description":"Naylon Fermuarlar Say\u0131s\u0131z farkl\u0131 di\u015f renk ve \u015ferit se\u00e7enekleriyle naylon fermuarlar IMG_7422-600x400 IMG_8185-400x267 IMG_8231-300x200 IMG_8244-600x400 Tipler T5 T10 T11 Di\u015f Renkleri T5 Alt\u0131n T5 Light Alt\u0131n T5 Antik Sar\u0131 T5 G\u00fcm\u00fc\u015f T10 Alt\u0131n T10 Light Alt\u0131n T10 Rose Alt\u0131n T10 Rose Alt\u0131n ( Light ) T10 G\u00fcm\u00fc\u015f T10 G\u00fcm\u00fc\u015f K\u0131rm\u0131z\u0131 T10 G\u00fcm\u00fc\u015f Mavi T10 G\u00fcm\u00fc\u015f&hellip;","og_url":"https:\/\/www.inofermuar.com\/ru\/naylon-fermuarlar\/","og_site_name":"\u041c\u043e\u043b\u043d\u0438\u0438 INOX","article_publisher":"https:\/\/facebook.com\/inofermuar","article_modified_time":"2020-07-26T22:32:04+00:00","twitter_card":"summary_large_image","twitter_site":"@inofermuar","schema":{"@context":"https:\/\/schema.org","@graph":[{"@type":"WebPage","@id":"https:\/\/www.inofermuar.com\/ru\/naylon-fermuarlar\/","url":"https:\/\/www.inofermuar.com\/ru\/naylon-fermuarlar\/","name":"Naylon Fermuarlar - \u041c\u043e\u043b\u043d\u0438\u0438 INOX","isPartOf":{"@id":"https:\/\/www.inofermuar.com\/#website"},"datePublished":"2020-07-02T11:42:30+00:00","dateModified":"2020-07-26T22:32:04+00:00","breadcrumb":{"@id":"https:\/\/www.inofermuar.com\/ru\/naylon-fermuarlar\/#breadcrumb"},"inLanguage":"ru-RU","potentialAction":[{"@type":"ReadAction","target":["https:\/\/www.inofermuar.com\/ru\/naylon-fermuarlar\/"]}]},{"@type":"BreadcrumbList","@id":"https:\/\/www.inofermuar.com\/ru\/naylon-fermuarlar\/#breadcrumb","itemListElement":[{"@type":"ListItem","position":1,"name":"\u0413\u043b\u0430\u0432\u043d\u0430\u044f","item":"https:\/\/www.inofermuar.com\/"},{"@type":"ListItem","position":2,"name":"Naylon Fermuarlar"}]},{"@type":"WebSite","@id":"https:\/\/www.inofermuar.com\/ru\/#website","url":"https:\/\/www.inofermuar.com\/ru\/","name":"\u0130NO Fermuar","description":"Fermuar &Ccedil;e\u015fitleri ve Fermuar Modelleri","publisher":{"@id":"https:\/\/www.inofermuar.com\/ru\/#organization"},"potentialAction":[{"@type":"SearchAction","target":{"@type":"EntryPoint","urlTemplate":"https:\/\/www.inofermuar.com\/ru\/?s={search_term_string}"},"query-input":"required name=search_term_string"}],"inLanguage":"ru-RU"},{"@type":"Organization","@id":"https:\/\/www.inofermuar.com\/ru\/#organization","name":"\u0130no Fermuar","url":"https:\/\/www.inofermuar.com\/ru\/","logo":{"@type":"ImageObject","inLanguage":"ru-RU","@id":"https:\/\/www.inofermuar.com\/ru\/#\/schema\/logo\/image\/","url":"https:\/\/www.inofermuar.com\/wp-content\/uploads\/2020\/07\/normal_logo-2.png","contentUrl":"https:\/\/www.inofermuar.com\/wp-content\/uploads\/2020\/07\/normal_logo-2.png","width":150,"height":83,"caption":"\u0130no Fermuar"},"image":{"@id":"https:\/\/www.inofermuar.com\/ru\/#\/schema\/logo\/image\/"},"sameAs":["https:\/\/instagram.com\/inofermuar","https:\/\/www.linkedin.com\/company\/inofermuar\/","https:\/\/www.youtube.com\/channel\/UCFh3mdP_xsOQ-OBVD-bvMnA","https:\/\/facebook.com\/inofermuar","https:\/\/twitter.com\/inofermuar"]}]}},"_links":{"self":[{"href":"https:\/\/www.inofermuar.com\/ru\/wp-json\/wp\/v2\/pages\/22"}],"collection":[{"href":"https:\/\/www.inofermuar.com\/ru\/wp-json\/wp\/v2\/pages"}],"about":[{"href":"https:\/\/www.inofermuar.com\/ru\/wp-json\/wp\/v2\/types\/page"}],"author":[{"embeddable":true,"href":"https:\/\/www.inofermuar.com\/ru\/wp-json\/wp\/v2\/users\/1"}],"replies":[{"embeddable":true,"href":"https:\/\/www.inofermuar.com\/ru\/wp-json\/wp\/v2\/comments?post=22"}],"version-history":[{"count":33,"href":"https:\/\/www.inofermuar.com\/ru\/wp-json\/wp\/v2\/pages\/22\/revisions"}],"predecessor-version":[{"id":925,"href":"https:\/\/www.inofermuar.com\/ru\/wp-json\/wp\/v2\/pages\/22\/revisions\/925"}],"wp:attachment":[{"href":"https:\/\/www.inofermuar.com\/ru\/wp-json\/wp\/v2\/media?parent=22"}],"curies":[{"name":"wp","href":"https:\/\/api.w.org\/{rel}","templated":true}]}}