{"id":20,"date":"2020-07-02T11:42:29","date_gmt":"2020-07-02T11:42:29","guid":{"rendered":"http:\/\/www.inofermuar.com\/yeni\/?page_id=20"},"modified":"2020-07-26T15:22:29","modified_gmt":"2020-07-26T15:22:29","slug":"kaplama-metal-fermuar","status":"publish","type":"page","link":"https:\/\/www.inofermuar.com\/ru\/kaplama-metal-fermuar\/","title":{"rendered":"Kaplama Metal Fermuar"},"content":{"rendered":"<h2>Kaplama Metal Fermuarlar<\/h2>\n<div>\n<p>        <img decoding=\"async\" src=\"\/yeni\/wp-content\/uploads\/2020\/07\/inox01-1200x800-1.jpg\" alt=\"\"><\/p>\n<div>\n<p>Standart kaplama metal fermuar serimizi Inox olarak adland\u0131r\u0131yoruz.<\/p>\n<p>Inox serisi metal fermuarlar\u0131n di\u015fleri pirin\u00e7ten kesilmekte ve e\u015f zamanl\u0131 olarak kendi \u00fcretimimiz olan fermuar \u015feritlerine \u00e7ak\u0131lmaktad\u0131r. Metal fermuar\u0131n ve k\u00fcrs\u00f6r\u00fcn iyi bir ak\u0131\u015fa sahip olmas\u0131 i\u00e7in di\u015fler t\u0131ra\u015flan\u0131p, cilalan\u0131r. Son a\u015famada ise kaplama havuzlar\u0131nda istenilen metal ile metal fermuarlar kaplanmaktad\u0131r.<\/p>\n<p>Inox serisi kaplama metal fermuarlar\u0131n \u00fcretiminin her a\u015famas\u0131 %100 kendi fabrikam\u0131zda yap\u0131lmaktad\u0131r.<\/p>\n<\/div>\n<\/div>\n<ul>\n<li>\n<p>        <img decoding=\"async\" src=\"\/yeni\/wp-content\/uploads\/2020\/07\/inox02-1-600x400-1.jpg\" alt=\"\"><\/p>\n<h4>inox02-1-600&#215;400<\/h4>\n<\/li>\n<li>\n<p>        <img decoding=\"async\" src=\"\/yeni\/wp-content\/uploads\/2020\/07\/inox03-600x400-1.jpg\" alt=\"\"><\/p>\n<h4>inox03-600&#215;400<\/h4>\n<\/li>\n<li>\n<p>        <img decoding=\"async\" src=\"\/yeni\/wp-content\/uploads\/2020\/07\/inox04-600x400-1.jpg\" alt=\"\"><\/p>\n<h4>inox04-600&#215;400<\/h4>\n<\/li>\n<li>\n<p>        <img decoding=\"async\" src=\"\/yeni\/wp-content\/uploads\/2020\/07\/inox05-600x400-1.jpg\" alt=\"\"><\/p>\n<h4>inox05-600&#215;400<\/h4>\n<\/li>\n<\/ul>\n<h1>Tipler<\/h1>\n<ul>\n<li>\n<p>        <img decoding=\"async\" src=\"\/yeni\/wp-content\/uploads\/2020\/07\/T2_inox.jpg\" alt=\"\"><\/p>\n<h4>T2<\/h4>\n<\/li>\n<li>\n<p>        <img decoding=\"async\" src=\"\/yeni\/wp-content\/uploads\/2020\/07\/T4_inox.jpg\" alt=\"\"><\/p>\n<h4>T4<\/h4>\n<\/li>\n<li>\n<p>        <img decoding=\"async\" src=\"\/yeni\/wp-content\/uploads\/2020\/07\/T5_inox.jpg\" alt=\"\"><\/p>\n<h4>T5<\/h4>\n<\/li>\n<li>\n<p>        <img decoding=\"async\" src=\"\/yeni\/wp-content\/uploads\/2020\/07\/T8_inox_2.jpg\" alt=\"\"><\/p>\n<h4>T8<\/h4>\n<\/li>\n<li>\n<p>        <img decoding=\"async\" src=\"\/yeni\/wp-content\/uploads\/2020\/07\/T10_inox.jpg\" alt=\"\"><\/p>\n<h4>T10<\/h4>\n<\/li>\n<\/ul>\n<h1>Kaplamalar<\/h1>\n<ul>\n<li>\n<p>        <img decoding=\"async\" src=\"\/yeni\/wp-content\/uploads\/2020\/07\/inox-nikel.jpg\" alt=\"\"><\/p>\n<h4>Nikel<\/h4>\n<\/li>\n<li>\n<p>        <img decoding=\"async\" src=\"\/yeni\/wp-content\/uploads\/2020\/07\/inox-siyah-nikel.jpg\" alt=\"\"><\/p>\n<h4>Siyah Nikel<\/h4>\n<\/li>\n<li>\n<p>        <img decoding=\"async\" src=\"\/yeni\/wp-content\/uploads\/2020\/07\/inox-light-gold.jpg\" alt=\"\"><\/p>\n<h4>Light Alt\u0131n<\/h4>\n<\/li>\n<li>\n<p>        <img decoding=\"async\" src=\"\/yeni\/wp-content\/uploads\/2020\/07\/inox-bakir.jpg\" alt=\"\"><\/p>\n<h4>Bakir (free)<\/h4>\n<\/li>\n<li>\n<p>        <img decoding=\"async\" src=\"\/yeni\/wp-content\/uploads\/2020\/07\/inox-free-nikel.jpg\" alt=\"\"><\/p>\n<h4>Nikel ( Free )<\/h4>\n<\/li>\n<li>\n<p>        <img decoding=\"async\" src=\"\/yeni\/wp-content\/uploads\/2020\/07\/inox-free-black-nikel.jpg\" alt=\"\"><\/p>\n<h4>Siyah Nikel ( Free )<\/h4>\n<\/li>\n<li>\n<p>        <img decoding=\"async\" src=\"\/yeni\/wp-content\/uploads\/2020\/07\/inox-free-light-gold.jpg\" alt=\"\"><\/p>\n<h4>Light Alt\u0131n ( Free )<\/h4>\n<\/li>\n<li>\n<p>        <img decoding=\"async\" src=\"\/yeni\/wp-content\/uploads\/2020\/07\/inox-rose-gold.jpg\" alt=\"\"><\/p>\n<h4>Roze Alt\u0131n ( Free )<\/h4>\n<\/li>\n<\/ul>\n<div>* free ibaresi nikel i\u00e7ermeyen \u00fcr\u00fcnleri niteler.<\/div>\n<p><!-- {\"name\":\"urun\",\"type\":\"layout\",\"children\":[{\"type\":\"section\",\"props\":{\"style\":\"primary\",\"width\":\"default\",\"vertical_align\":\"middle\",\"title_position\":\"top-left\",\"title_rotation\":\"left\",\"title_breakpoint\":\"xl\",\"image_position\":\"center-center\",\"padding\":\"xsmall\",\"image\":\"wp-content\\\/uploads\\\/2020\\\/07\\\/6.png\",\"preserve_color\":true,\"text_color\":\"light\",\"image_size\":\"cover\"},\"children\":[{\"type\":\"row\",\"children\":[{\"type\":\"column\",\"props\":{\"image_position\":\"center-center\",\"media_overlay_gradient\":\"\"},\"children\":[{\"type\":\"headline\",\"props\":{\"title_element\":\"h2\",\"content\":\"Kaplama Metal Fermuarlar\"}}]}]}],\"name\":\"ust\"},{\"type\":\"section\",\"props\":{\"style\":\"default\",\"width\":\"xlarge\",\"vertical_align\":\"middle\",\"title_position\":\"top-left\",\"title_rotation\":\"left\",\"title_breakpoint\":\"xl\",\"image_position\":\"center-center\",\"padding_remove_horizontal\":false},\"children\":[{\"type\":\"row\",\"children\":[{\"type\":\"column\",\"props\":{\"image_position\":\"center-center\",\"media_overlay_gradient\":\"\"},\"children\":[{\"type\":\"panel\",\"props\":{\"link_text\":\"Read more\",\"title_hover_style\":\"reset\",\"title_element\":\"h3\",\"title_align\":\"top\",\"title_grid_width\":\"1-2\",\"title_grid_breakpoint\":\"m\",\"meta_style\":\"meta\",\"meta_align\":\"below-title\",\"content_column_breakpoint\":\"m\",\"icon_width\":80,\"image_align\":\"right\",\"image_grid_width\":\"1-2\",\"image_grid_breakpoint\":\"m\",\"image_svg_color\":\"emphasis\",\"link_style\":\"default\",\"margin\":\"default\",\"title\":\"\",\"content\":\"\n\n<p>Standart kaplama metal fermuar serimizi Inox olarak adland\\u0131r\\u0131yoruz.<\\\/p>\\n\n\n<p>Inox serisi metal fermuarlar\\u0131n di\\u015fleri pirin\\u00e7ten kesilmekte ve e\\u015f zamanl\\u0131 olarak kendi \\u00fcretimimiz olan fermuar \\u015feritlerine \\u00e7ak\\u0131lmaktad\\u0131r. Metal fermuar\\u0131n ve k\\u00fcrs\\u00f6r\\u00fcn iyi bir ak\\u0131\\u015fa sahip olmas\\u0131 i\\u00e7in di\\u015fler t\\u0131ra\\u015flan\\u0131p, cilalan\\u0131r. Son a\\u015famada ise kaplama havuzlar\\u0131nda istenilen metal ile metal fermuarlar kaplanmaktad\\u0131r.<\\\/p>\\n\n\n<p>Inox serisi kaplama metal fermuarlar\\u0131n \\u00fcretiminin her a\\u015famas\\u0131 %100 kendi fabrikam\\u0131zda yap\\u0131lmaktad\\u0131r.<\\\/p>\",\"image\":\"wp-content\\\/uploads\\\/2020\\\/07\\\/inox01-1200x800-1.jpg\",\"image_box_decoration\":\"primary\",\"content_style\":\"lead\",\"content_dropcap\":true}}]}]},{\"type\":\"row\",\"children\":[{\"type\":\"column\",\"props\":{\"image_position\":\"center-center\",\"media_overlay_gradient\":\"\"},\"children\":[{\"type\":\"grid\",\"props\":{\"show_title\":false,\"show_meta\":false,\"show_content\":false,\"show_image\":true,\"show_link\":true,\"grid_default\":\"2\",\"grid_medium\":\"2\",\"filter_style\":\"tab\",\"filter_all\":true,\"filter_position\":\"top\",\"filter_align\":\"left\",\"filter_grid_width\":\"auto\",\"filter_grid_breakpoint\":\"m\",\"title_hover_style\":\"reset\",\"title_element\":\"h4\",\"title_align\":\"top\",\"title_grid_width\":\"1-2\",\"title_grid_breakpoint\":\"m\",\"meta_style\":\"meta\",\"meta_align\":\"below-title\",\"content_column_breakpoint\":\"m\",\"icon_width\":80,\"image_align\":\"top\",\"image_grid_width\":\"1-2\",\"image_grid_breakpoint\":\"m\",\"image_svg_color\":\"emphasis\",\"link_text\":\"\",\"link_style\":\"default\",\"margin\":\"default\",\"item_animation\":\"\",\"grid_large\":\"4\",\"grid_xlarge\":\"4\",\"text_align\":\"center\",\"image_border\":\"rounded\",\"panel_style\":\"card-default\",\"panel_size\":\"small\",\"panel_card_image\":false,\"panel_link\":true,\"grid_masonry\":false,\"title_style\":\"h5\",\"image_link\":true,\"image_svg_inline\":false,\"grid_small\":\"2\",\"lightbox\":true},\"children\":[{\"type\":\"grid_item\",\"props\":{\"title\":\"inox02-1-600x400\",\"image\":\"wp-content\\\/uploads\\\/2020\\\/07\\\/inox02-1-600x400-1.jpg\"}},{\"type\":\"grid_item\",\"props\":{\"title\":\"inox03-600x400\",\"image\":\"wp-content\\\/uploads\\\/2020\\\/07\\\/inox03-600x400-1.jpg\"}},{\"type\":\"grid_item\",\"props\":{\"title\":\"inox04-600x400\",\"image\":\"wp-content\\\/uploads\\\/2020\\\/07\\\/inox04-600x400-1.jpg\"}},{\"type\":\"grid_item\",\"props\":{\"title\":\"inox05-600x400\",\"image\":\"wp-content\\\/uploads\\\/2020\\\/07\\\/inox05-600x400-1.jpg\"}}],\"name\":\"galeri\"}]}]}]},{\"type\":\"section\",\"props\":{\"style\":\"default\",\"width\":\"default\",\"vertical_align\":\"middle\",\"title_position\":\"top-left\",\"title_rotation\":\"left\",\"title_breakpoint\":\"xl\",\"image_position\":\"center-center\"},\"children\":[{\"type\":\"row\",\"children\":[{\"type\":\"column\",\"props\":{\"image_position\":\"center-center\",\"media_overlay_gradient\":\"\"},\"children\":[{\"type\":\"headline\",\"props\":{\"title_element\":\"h1\",\"content\":\"Tipler\",\"text_align\":\"center\"}},{\"type\":\"grid\",\"props\":{\"show_title\":true,\"show_meta\":true,\"show_content\":false,\"show_image\":true,\"show_link\":true,\"grid_default\":\"2\",\"grid_medium\":\"3\",\"filter_style\":\"tab\",\"filter_all\":true,\"filter_position\":\"top\",\"filter_align\":\"left\",\"filter_grid_width\":\"auto\",\"filter_grid_breakpoint\":\"m\",\"title_hover_style\":\"reset\",\"title_element\":\"h4\",\"title_align\":\"top\",\"title_grid_width\":\"1-2\",\"title_grid_breakpoint\":\"m\",\"meta_style\":\"meta\",\"meta_align\":\"below-title\",\"content_column_breakpoint\":\"m\",\"icon_width\":80,\"image_align\":\"top\",\"image_grid_width\":\"1-2\",\"image_grid_breakpoint\":\"m\",\"image_svg_color\":\"emphasis\",\"link_text\":\"\",\"link_style\":\"default\",\"margin\":\"default\",\"item_animation\":\"\",\"grid_large\":\"5\",\"grid_xlarge\":\"5\",\"text_align\":\"center\",\"image_border\":\"rounded\",\"panel_style\":\"card-default\",\"panel_size\":\"small\",\"panel_card_image\":true,\"item_maxwidth\":\"2xlarge\",\"panel_link\":true,\"grid_masonry\":false,\"title_style\":\"h5\",\"image_link\":true,\"image_svg_inline\":false,\"grid_small\":\"2\",\"lightbox\":true},\"children\":[{\"type\":\"grid_item\",\"props\":{\"title\":\"T2\",\"image\":\"wp-content\\\/uploads\\\/2020\\\/07\\\/T2_inox.jpg\"}},{\"type\":\"grid_item\",\"props\":{\"title\":\"T4\",\"image\":\"wp-content\\\/uploads\\\/2020\\\/07\\\/T4_inox.jpg\"}},{\"type\":\"grid_item\",\"props\":{\"title\":\"T5\",\"image\":\"wp-content\\\/uploads\\\/2020\\\/07\\\/T5_inox.jpg\"}},{\"type\":\"grid_item\",\"props\":{\"title\":\"T8\",\"image\":\"wp-content\\\/uploads\\\/2020\\\/07\\\/T8_inox_2.jpg\"}},{\"type\":\"grid_item\",\"props\":{\"title\":\"T10\",\"image\":\"wp-content\\\/uploads\\\/2020\\\/07\\\/T10_inox.jpg\"}}],\"name\":\"galeri\"},{\"type\":\"headline\",\"props\":{\"title_element\":\"h1\",\"content\":\"Kaplamalar\",\"text_align\":\"center\"}},{\"type\":\"grid\",\"props\":{\"show_title\":true,\"show_meta\":true,\"show_content\":false,\"show_image\":true,\"show_link\":true,\"grid_default\":\"3\",\"grid_medium\":\"2\",\"filter_style\":\"tab\",\"filter_all\":true,\"filter_position\":\"top\",\"filter_align\":\"left\",\"filter_grid_width\":\"auto\",\"filter_grid_breakpoint\":\"m\",\"title_hover_style\":\"reset\",\"title_element\":\"h4\",\"title_align\":\"top\",\"title_grid_width\":\"1-2\",\"title_grid_breakpoint\":\"m\",\"meta_style\":\"meta\",\"meta_align\":\"below-title\",\"content_column_breakpoint\":\"m\",\"icon_width\":80,\"image_align\":\"top\",\"image_grid_width\":\"1-2\",\"image_grid_breakpoint\":\"m\",\"image_svg_color\":\"emphasis\",\"link_text\":\"\",\"link_style\":\"default\",\"margin\":\"default\",\"item_animation\":\"\",\"grid_large\":\"4\",\"grid_xlarge\":\"4\",\"text_align\":\"center\",\"image_border\":\"rounded\",\"panel_style\":\"card-default\",\"panel_size\":\"small\",\"panel_card_image\":true,\"item_maxwidth\":\"2xlarge\",\"panel_link\":true,\"grid_masonry\":false,\"title_style\":\"h5\",\"image_link\":true,\"image_svg_inline\":false,\"grid_small\":\"2\",\"lightbox\":true},\"children\":[{\"type\":\"grid_item\",\"props\":{\"title\":\"Nikel\",\"image\":\"wp-content\\\/uploads\\\/2020\\\/07\\\/inox-nikel.jpg\"}},{\"type\":\"grid_item\",\"props\":{\"title\":\"Siyah Nikel\",\"image\":\"wp-content\\\/uploads\\\/2020\\\/07\\\/inox-siyah-nikel.jpg\"}},{\"type\":\"grid_item\",\"props\":{\"title\":\"Light Alt\\u0131n\",\"image\":\"wp-content\\\/uploads\\\/2020\\\/07\\\/inox-light-gold.jpg\"}},{\"type\":\"grid_item\",\"props\":{\"title\":\"Bakir (free)\",\"image\":\"wp-content\\\/uploads\\\/2020\\\/07\\\/inox-bakir.jpg\"}},{\"type\":\"grid_item\",\"props\":{\"title\":\"Nikel ( Free )\",\"image\":\"wp-content\\\/uploads\\\/2020\\\/07\\\/inox-free-nikel.jpg\"}},{\"type\":\"grid_item\",\"props\":{\"title\":\"Siyah Nikel ( Free )\",\"image\":\"wp-content\\\/uploads\\\/2020\\\/07\\\/inox-free-black-nikel.jpg\"}},{\"type\":\"grid_item\",\"props\":{\"title\":\"Light Alt\\u0131n ( Free )\",\"image\":\"wp-content\\\/uploads\\\/2020\\\/07\\\/inox-free-light-gold.jpg\"}},{\"type\":\"grid_item\",\"props\":{\"title\":\"Roze Alt\\u0131n ( Free )\",\"image\":\"wp-content\\\/uploads\\\/2020\\\/07\\\/inox-rose-gold.jpg\"}}],\"name\":\"galeri\"},{\"type\":\"text\",\"props\":{\"margin\":\"default\",\"column_breakpoint\":\"m\",\"content\":\"* free ibaresi nikel i\\u00e7ermeyen \\u00fcr\\u00fcnleri niteler.\"}}]}]}]}],\"version\":\"2.1.1\"} --><\/p>\n","protected":false},"excerpt":{"rendered":"<p>Kaplama Metal Fermuarlar Standart kaplama metal fermuar serimizi Inox olarak adland\u0131r\u0131yoruz. Inox serisi metal fermuarlar\u0131n di\u015fleri pirin\u00e7ten kesilmekte ve e\u015f zamanl\u0131 olarak kendi \u00fcretimimiz olan fermuar \u015feritlerine \u00e7ak\u0131lmaktad\u0131r. Metal fermuar\u0131n ve k\u00fcrs\u00f6r\u00fcn iyi bir ak\u0131\u015fa sahip olmas\u0131 i\u00e7in di\u015fler t\u0131ra\u015flan\u0131p, cilalan\u0131r. Son a\u015famada ise kaplama havuzlar\u0131nda istenilen metal ile metal fermuarlar kaplanmaktad\u0131r. Inox serisi kaplama [&hellip;]<\/p>\n","protected":false},"author":1,"featured_media":0,"parent":0,"menu_order":0,"comment_status":"closed","ping_status":"closed","template":"","meta":{"_joinchat":[]},"yoast_head":"<!-- This site is optimized with the Yoast SEO plugin v19.10 - https:\/\/yoast.com\/wordpress\/plugins\/seo\/ -->\n<title>Kaplama Metal Fermuar<\/title>\n<meta name=\"description\" content=\"Kaplama Metal Fermuarlar Standart kaplama metal fermuar serimizi Inox olarak adland\u0131r\u0131yoruz. Inox serisi metal fermuarlar\u0131n di\u015fleri pirin\u00e7ten kesilmekte ve e\u015f zamanl\u0131 olarak kendi \u00fcretimimiz olan fermuar \u015feritlerine \u00e7ak\u0131lmaktad\u0131r. Metal fermuar\u0131n ve k\u00fcrs\u00f6r\u00fcn iyi bir ak\u0131\u015fa sahip olmas\u0131 i\u00e7in di\u015fler t\u0131ra\u015flan\u0131p, cilalan\u0131r. Son a\u015famada ise kaplama havuzlar\u0131nda istenilen metal ile metal fermuarlar kaplanmaktad\u0131r. Inox serisi kaplama&hellip;\" \/>\n<meta name=\"robots\" content=\"index, follow, max-snippet:-1, max-image-preview:large, max-video-preview:-1\" \/>\n<link rel=\"canonical\" href=\"http:\/\/Kaplama%20Metal%20Fermuarlar%20Standart%20kaplama%20metal%20fermuar%20serimizi%20Inox%20olarak%20adland\u0131r\u0131yoruz.%20Inox%20serisi%20metal%20fermuarlar\u0131n%20di\u015fleri%20pirin\u00e7ten%20kesilmekte%20ve%20e\u015f%20zamanl\u0131%20olarak%20kendi%20\u00fcretimimiz%20olan%20fermuar%20\u015feritlerine%20\u00e7ak\u0131lmaktad\u0131r.%20Metal%20fermuar\u0131n%20ve%20k\u00fcrs\u00f6r\u00fcn%20iyi%20bir%20ak\u0131\u015fa%20sahip%20olmas\u0131%20i\u00e7in%20di\u015fler%20t\u0131ra\u015flan\u0131p,%20cilalan\u0131r.%20Son%20a\u015famada%20ise%20kaplama%20havuzlar\u0131nda%20istenilen%20metal%20ile%20metal%20fermuarlar%20kaplanmaktad\u0131r.%20Inox%20serisi%20kaplama&hellip;\" \/>\n<meta property=\"og:locale\" content=\"ru_RU\" \/>\n<meta property=\"og:type\" content=\"article\" \/>\n<meta property=\"og:title\" content=\"Kaplama Metal Fermuar\" \/>\n<meta property=\"og:description\" content=\"Kaplama Metal Fermuarlar Standart kaplama metal fermuar serimizi Inox olarak adland\u0131r\u0131yoruz. Inox serisi metal fermuarlar\u0131n di\u015fleri pirin\u00e7ten kesilmekte ve e\u015f zamanl\u0131 olarak kendi \u00fcretimimiz olan fermuar \u015feritlerine \u00e7ak\u0131lmaktad\u0131r. Metal fermuar\u0131n ve k\u00fcrs\u00f6r\u00fcn iyi bir ak\u0131\u015fa sahip olmas\u0131 i\u00e7in di\u015fler t\u0131ra\u015flan\u0131p, cilalan\u0131r. Son a\u015famada ise kaplama havuzlar\u0131nda istenilen metal ile metal fermuarlar kaplanmaktad\u0131r. Inox serisi kaplama&hellip;\" \/>\n<meta property=\"og:url\" content=\"https:\/\/www.inofermuar.com\/ru\/kaplama-metal-fermuar\/\" \/>\n<meta property=\"og:site_name\" content=\"\u041c\u043e\u043b\u043d\u0438\u0438 INOX\" \/>\n<meta property=\"article:publisher\" content=\"https:\/\/facebook.com\/inofermuar\" \/>\n<meta property=\"article:modified_time\" content=\"2020-07-26T15:22:29+00:00\" \/>\n<meta name=\"twitter:card\" content=\"summary_large_image\" \/>\n<meta name=\"twitter:site\" content=\"@inofermuar\" \/>\n<meta name=\"twitter:label1\" content=\"\u041f\u0440\u0438\u043c\u0435\u0440\u043d\u043e\u0435 \u0432\u0440\u0435\u043c\u044f \u0434\u043b\u044f \u0447\u0442\u0435\u043d\u0438\u044f\" \/>\n\t<meta name=\"twitter:data1\" content=\"1 \u043c\u0438\u043d\u0443\u0442\u0430\" \/>\n<script type=\"application\/ld+json\" class=\"yoast-schema-graph\">{\"@context\":\"https:\/\/schema.org\",\"@graph\":[{\"@type\":\"WebPage\",\"@id\":\"https:\/\/www.inofermuar.com\/ru\/kaplama-metal-fermuar\/\",\"url\":\"https:\/\/www.inofermuar.com\/ru\/kaplama-metal-fermuar\/\",\"name\":\"Kaplama Metal Fermuar - \u041c\u043e\u043b\u043d\u0438\u0438 INOX\",\"isPartOf\":{\"@id\":\"https:\/\/www.inofermuar.com\/#website\"},\"datePublished\":\"2020-07-02T11:42:29+00:00\",\"dateModified\":\"2020-07-26T15:22:29+00:00\",\"breadcrumb\":{\"@id\":\"https:\/\/www.inofermuar.com\/ru\/kaplama-metal-fermuar\/#breadcrumb\"},\"inLanguage\":\"ru-RU\",\"potentialAction\":[{\"@type\":\"ReadAction\",\"target\":[\"https:\/\/www.inofermuar.com\/ru\/kaplama-metal-fermuar\/\"]}]},{\"@type\":\"BreadcrumbList\",\"@id\":\"https:\/\/www.inofermuar.com\/ru\/kaplama-metal-fermuar\/#breadcrumb\",\"itemListElement\":[{\"@type\":\"ListItem\",\"position\":1,\"name\":\"\u0413\u043b\u0430\u0432\u043d\u0430\u044f\",\"item\":\"https:\/\/www.inofermuar.com\/\"},{\"@type\":\"ListItem\",\"position\":2,\"name\":\"Kaplama Metal Fermuar\"}]},{\"@type\":\"WebSite\",\"@id\":\"https:\/\/www.inofermuar.com\/ru\/#website\",\"url\":\"https:\/\/www.inofermuar.com\/ru\/\",\"name\":\"\u0130NO Fermuar\",\"description\":\"Fermuar &Ccedil;e\u015fitleri ve Fermuar Modelleri\",\"publisher\":{\"@id\":\"https:\/\/www.inofermuar.com\/ru\/#organization\"},\"potentialAction\":[{\"@type\":\"SearchAction\",\"target\":{\"@type\":\"EntryPoint\",\"urlTemplate\":\"https:\/\/www.inofermuar.com\/ru\/?s={search_term_string}\"},\"query-input\":\"required name=search_term_string\"}],\"inLanguage\":\"ru-RU\"},{\"@type\":\"Organization\",\"@id\":\"https:\/\/www.inofermuar.com\/ru\/#organization\",\"name\":\"\u0130no Fermuar\",\"url\":\"https:\/\/www.inofermuar.com\/ru\/\",\"logo\":{\"@type\":\"ImageObject\",\"inLanguage\":\"ru-RU\",\"@id\":\"https:\/\/www.inofermuar.com\/ru\/#\/schema\/logo\/image\/\",\"url\":\"https:\/\/www.inofermuar.com\/wp-content\/uploads\/2020\/07\/normal_logo-2.png\",\"contentUrl\":\"https:\/\/www.inofermuar.com\/wp-content\/uploads\/2020\/07\/normal_logo-2.png\",\"width\":150,\"height\":83,\"caption\":\"\u0130no Fermuar\"},\"image\":{\"@id\":\"https:\/\/www.inofermuar.com\/ru\/#\/schema\/logo\/image\/\"},\"sameAs\":[\"https:\/\/instagram.com\/inofermuar\",\"https:\/\/www.linkedin.com\/company\/inofermuar\/\",\"https:\/\/www.youtube.com\/channel\/UCFh3mdP_xsOQ-OBVD-bvMnA\",\"https:\/\/facebook.com\/inofermuar\",\"https:\/\/twitter.com\/inofermuar\"]}]}<\/script>\n<!-- \/ Yoast SEO plugin. -->","yoast_head_json":{"title":"Kaplama Metal Fermuar","description":"Kaplama Metal Fermuarlar Standart kaplama metal fermuar serimizi Inox olarak adland\u0131r\u0131yoruz. Inox serisi metal fermuarlar\u0131n di\u015fleri pirin\u00e7ten kesilmekte ve e\u015f zamanl\u0131 olarak kendi \u00fcretimimiz olan fermuar \u015feritlerine \u00e7ak\u0131lmaktad\u0131r. Metal fermuar\u0131n ve k\u00fcrs\u00f6r\u00fcn iyi bir ak\u0131\u015fa sahip olmas\u0131 i\u00e7in di\u015fler t\u0131ra\u015flan\u0131p, cilalan\u0131r. Son a\u015famada ise kaplama havuzlar\u0131nda istenilen metal ile metal fermuarlar kaplanmaktad\u0131r. Inox serisi kaplama&hellip;","robots":{"index":"index","follow":"follow","max-snippet":"max-snippet:-1","max-image-preview":"max-image-preview:large","max-video-preview":"max-video-preview:-1"},"canonical":"Kaplama Metal Fermuarlar Standart kaplama metal fermuar serimizi Inox olarak adland\u0131r\u0131yoruz. Inox serisi metal fermuarlar\u0131n di\u015fleri pirin\u00e7ten kesilmekte ve e\u015f zamanl\u0131 olarak kendi \u00fcretimimiz olan fermuar \u015feritlerine \u00e7ak\u0131lmaktad\u0131r. Metal fermuar\u0131n ve k\u00fcrs\u00f6r\u00fcn iyi bir ak\u0131\u015fa sahip olmas\u0131 i\u00e7in di\u015fler t\u0131ra\u015flan\u0131p, cilalan\u0131r. Son a\u015famada ise kaplama havuzlar\u0131nda istenilen metal ile metal fermuarlar kaplanmaktad\u0131r. Inox serisi kaplama&hellip;","og_locale":"ru_RU","og_type":"article","og_title":"Kaplama Metal Fermuar","og_description":"Kaplama Metal Fermuarlar Standart kaplama metal fermuar serimizi Inox olarak adland\u0131r\u0131yoruz. Inox serisi metal fermuarlar\u0131n di\u015fleri pirin\u00e7ten kesilmekte ve e\u015f zamanl\u0131 olarak kendi \u00fcretimimiz olan fermuar \u015feritlerine \u00e7ak\u0131lmaktad\u0131r. Metal fermuar\u0131n ve k\u00fcrs\u00f6r\u00fcn iyi bir ak\u0131\u015fa sahip olmas\u0131 i\u00e7in di\u015fler t\u0131ra\u015flan\u0131p, cilalan\u0131r. Son a\u015famada ise kaplama havuzlar\u0131nda istenilen metal ile metal fermuarlar kaplanmaktad\u0131r. Inox serisi kaplama&hellip;","og_url":"https:\/\/www.inofermuar.com\/ru\/kaplama-metal-fermuar\/","og_site_name":"\u041c\u043e\u043b\u043d\u0438\u0438 INOX","article_publisher":"https:\/\/facebook.com\/inofermuar","article_modified_time":"2020-07-26T15:22:29+00:00","twitter_card":"summary_large_image","twitter_site":"@inofermuar","twitter_misc":{"\u041f\u0440\u0438\u043c\u0435\u0440\u043d\u043e\u0435 \u0432\u0440\u0435\u043c\u044f \u0434\u043b\u044f \u0447\u0442\u0435\u043d\u0438\u044f":"1 \u043c\u0438\u043d\u0443\u0442\u0430"},"schema":{"@context":"https:\/\/schema.org","@graph":[{"@type":"WebPage","@id":"https:\/\/www.inofermuar.com\/ru\/kaplama-metal-fermuar\/","url":"https:\/\/www.inofermuar.com\/ru\/kaplama-metal-fermuar\/","name":"Kaplama Metal Fermuar - \u041c\u043e\u043b\u043d\u0438\u0438 INOX","isPartOf":{"@id":"https:\/\/www.inofermuar.com\/#website"},"datePublished":"2020-07-02T11:42:29+00:00","dateModified":"2020-07-26T15:22:29+00:00","breadcrumb":{"@id":"https:\/\/www.inofermuar.com\/ru\/kaplama-metal-fermuar\/#breadcrumb"},"inLanguage":"ru-RU","potentialAction":[{"@type":"ReadAction","target":["https:\/\/www.inofermuar.com\/ru\/kaplama-metal-fermuar\/"]}]},{"@type":"BreadcrumbList","@id":"https:\/\/www.inofermuar.com\/ru\/kaplama-metal-fermuar\/#breadcrumb","itemListElement":[{"@type":"ListItem","position":1,"name":"\u0413\u043b\u0430\u0432\u043d\u0430\u044f","item":"https:\/\/www.inofermuar.com\/"},{"@type":"ListItem","position":2,"name":"Kaplama Metal Fermuar"}]},{"@type":"WebSite","@id":"https:\/\/www.inofermuar.com\/ru\/#website","url":"https:\/\/www.inofermuar.com\/ru\/","name":"\u0130NO Fermuar","description":"Fermuar &Ccedil;e\u015fitleri ve Fermuar Modelleri","publisher":{"@id":"https:\/\/www.inofermuar.com\/ru\/#organization"},"potentialAction":[{"@type":"SearchAction","target":{"@type":"EntryPoint","urlTemplate":"https:\/\/www.inofermuar.com\/ru\/?s={search_term_string}"},"query-input":"required name=search_term_string"}],"inLanguage":"ru-RU"},{"@type":"Organization","@id":"https:\/\/www.inofermuar.com\/ru\/#organization","name":"\u0130no Fermuar","url":"https:\/\/www.inofermuar.com\/ru\/","logo":{"@type":"ImageObject","inLanguage":"ru-RU","@id":"https:\/\/www.inofermuar.com\/ru\/#\/schema\/logo\/image\/","url":"https:\/\/www.inofermuar.com\/wp-content\/uploads\/2020\/07\/normal_logo-2.png","contentUrl":"https:\/\/www.inofermuar.com\/wp-content\/uploads\/2020\/07\/normal_logo-2.png","width":150,"height":83,"caption":"\u0130no Fermuar"},"image":{"@id":"https:\/\/www.inofermuar.com\/ru\/#\/schema\/logo\/image\/"},"sameAs":["https:\/\/instagram.com\/inofermuar","https:\/\/www.linkedin.com\/company\/inofermuar\/","https:\/\/www.youtube.com\/channel\/UCFh3mdP_xsOQ-OBVD-bvMnA","https:\/\/facebook.com\/inofermuar","https:\/\/twitter.com\/inofermuar"]}]}},"_links":{"self":[{"href":"https:\/\/www.inofermuar.com\/ru\/wp-json\/wp\/v2\/pages\/20"}],"collection":[{"href":"https:\/\/www.inofermuar.com\/ru\/wp-json\/wp\/v2\/pages"}],"about":[{"href":"https:\/\/www.inofermuar.com\/ru\/wp-json\/wp\/v2\/types\/page"}],"author":[{"embeddable":true,"href":"https:\/\/www.inofermuar.com\/ru\/wp-json\/wp\/v2\/users\/1"}],"replies":[{"embeddable":true,"href":"https:\/\/www.inofermuar.com\/ru\/wp-json\/wp\/v2\/comments?post=20"}],"version-history":[{"count":16,"href":"https:\/\/www.inofermuar.com\/ru\/wp-json\/wp\/v2\/pages\/20\/revisions"}],"predecessor-version":[{"id":519,"href":"https:\/\/www.inofermuar.com\/ru\/wp-json\/wp\/v2\/pages\/20\/revisions\/519"}],"wp:attachment":[{"href":"https:\/\/www.inofermuar.com\/ru\/wp-json\/wp\/v2\/media?parent=20"}],"curies":[{"name":"wp","href":"https:\/\/api.w.org\/{rel}","templated":true}]}}