{"id":1499,"date":"2021-05-03T15:04:16","date_gmt":"2021-05-03T15:04:16","guid":{"rendered":"https:\/\/www.inofermuar.com\/?page_id=1499"},"modified":"2026-02-10T21:33:20","modified_gmt":"2026-02-10T21:33:20","slug":"kalite-politikamiz","status":"publish","type":"page","link":"https:\/\/www.inofermuar.com\/ru\/quality-management\/","title":{"rendered":"\u041f\u043e\u043b\u0438\u0442\u0438\u043a\u0430 \u041a\u0430\u0447\u0435\u0441\u0442\u0432\u0430"},"content":{"rendered":"<h2>Kalite Politikam\u0131z<\/h2>\n<div>\n<p>        <img decoding=\"async\" src=\"\/wp-content\/uploads\/2020\/07\/IMG_0271.jpg\" alt=\"\"><\/p>\n<h3>Kalite politikam\u0131z<\/h3>\n<div>\n<p>Biz \u0130no fermuar olarak; tecr\u00fcbeli \u00a0uzman kadromuzla sekt\u00f6r\u00fcn ihtiya\u00e7lar\u0131na cevap vermek ve sekt\u00f6r\u00fcn geli\u015fmesine katk\u0131da bulunmak amac\u0131yla kaliteyi kendimize prensip edinmekteyiz.<\/p>\n<p>\u00dcr\u00fcnlerimizin \u00fcretim s\u00fcrecinden ba\u015flayarak m\u00fc\u015fteriye teslimine ve t\u00fcketici taraf\u0131ndan kullan\u0131lmas\u0131na kadar her a\u015famas\u0131yla yak\u0131ndan ilgilenmekteyiz. Ge\u00e7mi\u015ften gelen tecr\u00fcbemizle teknolojik geli\u015fmeleri de kullanarak kalite \u00e7\u0131tam\u0131z\u0131 her zaman yukar\u0131ya \u00e7\u0131kartmaktay\u0131z.<\/p>\n<p>Hedefimiz , \u0130\u00e7inde bulundu\u011fumuz sekt\u00f6rde en kaliteli\u00a0 fermuar\u0131 \u00fcreten , zaman\u0131nda sevkiyat yapan, tutarl\u0131 fiyat politikas\u0131na sahip , \u00fcr\u00fcnlerini aranan hale getiren bir marka olma yolunda istikrarl\u0131 bir \u015fekilde kararl\u0131l\u0131kla ve azimle ilerlemektir.<\/p>\n<\/div>\n<\/div>\n<p><!--more--><br \/>\n<!-- {\"type\":\"layout\",\"children\":[{\"type\":\"section\",\"props\":{\"style\":\"primary\",\"width\":\"default\",\"vertical_align\":\"middle\",\"title_position\":\"top-left\",\"title_rotation\":\"left\",\"title_breakpoint\":\"xl\",\"image_position\":\"center-center\",\"padding\":\"xsmall\",\"image\":\"wp-content\\\/uploads\\\/2020\\\/07\\\/6.png\",\"preserve_color\":true,\"text_color\":\"light\",\"image_size\":\"cover\"},\"children\":[{\"type\":\"row\",\"children\":[{\"type\":\"column\",\"props\":{\"image_position\":\"center-center\",\"media_overlay_gradient\":\"\",\"position_sticky_breakpoint\":\"m\"},\"children\":[{\"type\":\"headline\",\"props\":{\"title_element\":\"h2\",\"content\":\"Kalite Politikam\\u0131z\",\"content_en_us\":\"Quality Management\",\"content_ru_ru\":\"\\u041f\\u043e\\u043b\\u0438\\u0442\\u0438\\u043a\\u0430 \\u041a\\u0430\\u0447\\u0435\\u0441\\u0442\\u0432\\u0430\"}}]}]}],\"name\":\"ust\"},{\"type\":\"section\",\"props\":{\"style\":\"default\",\"width\":\"default\",\"vertical_align\":\"middle\",\"title_position\":\"top-left\",\"title_rotation\":\"left\",\"title_breakpoint\":\"xl\",\"image_position\":\"center-center\"},\"children\":[{\"type\":\"row\",\"children\":[{\"type\":\"column\",\"props\":{\"image_position\":\"center-center\",\"media_overlay_gradient\":\"\",\"position_sticky_breakpoint\":\"m\"},\"children\":[{\"type\":\"panel\",\"props\":{\"link_text\":\"Read more\",\"title_hover_style\":\"reset\",\"title_element\":\"h3\",\"title_align\":\"top\",\"title_grid_width\":\"1-2\",\"title_grid_breakpoint\":\"m\",\"meta_style\":\"text-meta\",\"meta_align\":\"below-title\",\"meta_element\":\"div\",\"content_column_breakpoint\":\"m\",\"icon_width\":80,\"image_align\":\"left\",\"image_grid_width\":\"1-2\",\"image_grid_breakpoint\":\"m\",\"image_svg_color\":\"emphasis\",\"link_style\":\"default\",\"margin\":\"default\",\"content\":\"\n\n<p>Biz \\u0130no fermuar olarak; tecr\\u00fcbeli \\u00a0uzman kadromuzla sekt\\u00f6r\\u00fcn ihtiya\\u00e7lar\\u0131na cevap vermek ve sekt\\u00f6r\\u00fcn geli\\u015fmesine katk\\u0131da bulunmak amac\\u0131yla kaliteyi kendimize prensip edinmekteyiz.<\\\/p>\\n\n\n<p>\\u00dcr\\u00fcnlerimizin \\u00fcretim s\\u00fcrecinden ba\\u015flayarak m\\u00fc\\u015fteriye teslimine ve t\\u00fcketici taraf\\u0131ndan kullan\\u0131lmas\\u0131na kadar her a\\u015famas\\u0131yla yak\\u0131ndan ilgilenmekteyiz. Ge\\u00e7mi\\u015ften gelen tecr\\u00fcbemizle teknolojik geli\\u015fmeleri de kullanarak kalite \\u00e7\\u0131tam\\u0131z\\u0131 her zaman yukar\\u0131ya \\u00e7\\u0131kartmaktay\\u0131z.<\\\/p>\\n\n\n<p>Hedefimiz , \\u0130\\u00e7inde bulundu\\u011fumuz sekt\\u00f6rde en kaliteli\\u00a0 fermuar\\u0131 \\u00fcreten , zaman\\u0131nda sevkiyat yapan, tutarl\\u0131 fiyat politikas\\u0131na sahip , \\u00fcr\\u00fcnlerini aranan hale getiren bir marka olma yolunda istikrarl\\u0131 bir \\u015fekilde kararl\\u0131l\\u0131kla ve azimle ilerlemektir.<\\\/p>\",\"title\":\"Kalite politikam\\u0131z\",\"image\":\"wp-content\\\/uploads\\\/2020\\\/07\\\/IMG_0271.jpg\",\"image_box_decoration\":\"primary\",\"text_align\":\"justify\",\"title_ru_ru\":\"\\u041f\\u043e\\u043b\\u0438\\u0442\\u0438\\u043a\\u0430 \\u041a\\u0430\\u0447\\u0435\\u0441\\u0442\\u0432\\u0430 \\u0432 \\u041a\\u043e\\u043c\\u043f\\u0430\\u043d\\u0438\\u0438\",\"title_en_us\":\"Quality Management in Our Company\",\"content_en_us\":\"\n\n<p>As Ino Zipper, we have adopted quality as our principle in order to meet the needs of the sector and contribute to its development with our experienced expert staff.<\\\/p>\\n\n\n<p>We are closely involved in every stage of our products, from the production process to delivery to the customer and use by the consumer. Using our experience from the past and technological developments, we are constantly raising our quality standards.<\\\/p>\\n\\n\n\n<p>Our goal is to steadily and resolutely progress towards becoming a brand that produces the highest quality zippers in our sector, delivers on time, has a consistent pricing policy, and makes its products sought after.<\\\/p>\",\"content_ru_ru\":\"\n\n<p>\\u041a\\u043e\\u043c\\u043f\\u0430\\u043d\\u0438\\u044f Ino Zipper \\u043f\\u0440\\u0438\\u043d\\u044f\\u043b\\u0430 \\u043a\\u0430\\u0447\\u0435\\u0441\\u0442\\u0432\\u043e \\u043a\\u0430\\u043a \\u0441\\u0432\\u043e\\u0439 \\u0433\\u043b\\u0430\\u0432\\u043d\\u044b\\u0439 \\u043f\\u0440\\u0438\\u043d\\u0446\\u0438\\u043f, \\u0447\\u0442\\u043e\\u0431\\u044b \\u0443\\u0434\\u043e\\u0432\\u043b\\u0435\\u0442\\u0432\\u043e\\u0440\\u044f\\u0442\\u044c \\u043f\\u043e\\u0442\\u0440\\u0435\\u0431\\u043d\\u043e\\u0441\\u0442\\u0438 \\u043e\\u0442\\u0440\\u0430\\u0441\\u043b\\u0438 \\u0438 \\u0441\\u043f\\u043e\\u0441\\u043e\\u0431\\u0441\\u0442\\u0432\\u043e\\u0432\\u0430\\u0442\\u044c \\u0435\\u0435 \\u0440\\u0430\\u0437\\u0432\\u0438\\u0442\\u0438\\u044e \\u0431\\u043b\\u0430\\u0433\\u043e\\u0434\\u0430\\u0440\\u044f \\u043e\\u043f\\u044b\\u0442\\u043d\\u044b\\u043c \\u0441\\u043f\\u0435\\u0446\\u0438\\u0430\\u043b\\u0438\\u0441\\u0442\\u0430\\u043c.<\\\/p>\\n\n\n<p>\\u041c\\u044b \\u0430\\u043a\\u0442\\u0438\\u0432\\u043d\\u043e \\u0443\\u0447\\u0430\\u0441\\u0442\\u0432\\u0443\\u0435\\u043c \\u043d\\u0430 \\u043a\\u0430\\u0436\\u0434\\u043e\\u043c \\u044d\\u0442\\u0430\\u043f\\u0435 \\u043f\\u0440\\u043e\\u0438\\u0437\\u0432\\u043e\\u0434\\u0441\\u0442\\u0432\\u0430 \\u043d\\u0430\\u0448\\u0435\\u0439 \\u043f\\u0440\\u043e\\u0434\\u0443\\u043a\\u0446\\u0438\\u0438, \\u043e\\u0442 \\u043f\\u0440\\u043e\\u0438\\u0437\\u0432\\u043e\\u0434\\u0441\\u0442\\u0432\\u0435\\u043d\\u043d\\u043e\\u0433\\u043e \\u043f\\u0440\\u043e\\u0446\\u0435\\u0441\\u0441\\u0430 \\u0434\\u043e \\u0434\\u043e\\u0441\\u0442\\u0430\\u0432\\u043a\\u0438 \\u043a\\u043b\\u0438\\u0435\\u043d\\u0442\\u0443 \\u0438 \\u0438\\u0441\\u043f\\u043e\\u043b\\u044c\\u0437\\u043e\\u0432\\u0430\\u043d\\u0438\\u044f \\u043f\\u043e\\u0442\\u0440\\u0435\\u0431\\u0438\\u0442\\u0435\\u043b\\u0435\\u043c. \\u0418\\u0441\\u043f\\u043e\\u043b\\u044c\\u0437\\u0443\\u044f \\u043d\\u0430\\u0448 \\u0431\\u043e\\u0433\\u0430\\u0442\\u044b\\u0439 \\u043e\\u043f\\u044b\\u0442 \\u0438 \\u0442\\u0435\\u0445\\u043d\\u043e\\u043b\\u043e\\u0433\\u0438\\u0447\\u0435\\u0441\\u043a\\u0438\\u0435 \\u0440\\u0430\\u0437\\u0440\\u0430\\u0431\\u043e\\u0442\\u043a\\u0438, \\u043c\\u044b \\u043f\\u043e\\u0441\\u0442\\u043e\\u044f\\u043d\\u043d\\u043e \\u043f\\u043e\\u0432\\u044b\\u0448\\u0430\\u0435\\u043c \\u0441\\u0442\\u0430\\u043d\\u0434\\u0430\\u0440\\u0442\\u044b \\u043a\\u0430\\u0447\\u0435\\u0441\\u0442\\u0432\\u0430.<\\\/p>\\n\\n\n\n<p>\\u041d\\u0430\\u0448\\u0430 \\u0446\\u0435\\u043b\\u044c \\u2014 \\u043d\\u0435\\u0443\\u043a\\u043b\\u043e\\u043d\\u043d\\u043e \\u0438 \\u0440\\u0435\\u0448\\u0438\\u0442\\u0435\\u043b\\u044c\\u043d\\u043e \\u0434\\u0432\\u0438\\u0433\\u0430\\u0442\\u044c\\u0441\\u044f \\u043a \\u0442\\u043e\\u043c\\u0443, \\u0447\\u0442\\u043e\\u0431\\u044b \\u0441\\u0442\\u0430\\u0442\\u044c \\u0431\\u0440\\u0435\\u043d\\u0434\\u043e\\u043c, \\u043f\\u0440\\u043e\\u0438\\u0437\\u0432\\u043e\\u0434\\u044f\\u0449\\u0438\\u043c \\u043c\\u043e\\u043b\\u043d\\u0438\\u0438 \\u0432\\u044b\\u0441\\u043e\\u0447\\u0430\\u0439\\u0448\\u0435\\u0433\\u043e \\u043a\\u0430\\u0447\\u0435\\u0441\\u0442\\u0432\\u0430 \\u0432 \\u043d\\u0430\\u0448\\u0435\\u0439 \\u043e\\u0442\\u0440\\u0430\\u0441\\u043b\\u0438, \\u043e\\u0441\\u0443\\u0449\\u0435\\u0441\\u0442\\u0432\\u043b\\u044f\\u044e\\u0449\\u0438\\u043c \\u0441\\u0432\\u043e\\u0435\\u0432\\u0440\\u0435\\u043c\\u0435\\u043d\\u043d\\u0443\\u044e \\u0434\\u043e\\u0441\\u0442\\u0430\\u0432\\u043a\\u0443, \\u0438\\u043c\\u0435\\u044e\\u0449\\u0438\\u043c \\u0441\\u0442\\u0430\\u0431\\u0438\\u043b\\u044c\\u043d\\u0443\\u044e \\u0446\\u0435\\u043d\\u043e\\u0432\\u0443\\u044e \\u043f\\u043e\\u043b\\u0438\\u0442\\u0438\\u043a\\u0443 \\u0438 \\u0434\\u0435\\u043b\\u0430\\u044e\\u0449\\u0438\\u043c \\u0441\\u0432\\u043e\\u044e \\u043f\\u0440\\u043e\\u0434\\u0443\\u043a\\u0446\\u0438\\u044e \\u0432\\u043e\\u0441\\u0442\\u0440\\u0435\\u0431\\u043e\\u0432\\u0430\\u043d\\u043d\\u043e\\u0439.<\\\/p>\"},\"modified\":\"2021-05-03T15:03:38.410Z\",\"name\":\"kalite\"}]}]}]}],\"version\":\"3.0.9\"} --><\/p>\n","protected":false},"excerpt":{"rendered":"<p>Kalite Politikam\u0131z Kalite politikam\u0131z Biz \u0130no fermuar olarak; tecr\u00fcbeli \u00a0uzman kadromuzla sekt\u00f6r\u00fcn ihtiya\u00e7lar\u0131na cevap vermek ve sekt\u00f6r\u00fcn geli\u015fmesine katk\u0131da bulunmak amac\u0131yla kaliteyi kendimize prensip edinmekteyiz. \u00dcr\u00fcnlerimizin \u00fcretim s\u00fcrecinden ba\u015flayarak m\u00fc\u015fteriye teslimine ve t\u00fcketici taraf\u0131ndan kullan\u0131lmas\u0131na kadar her a\u015famas\u0131yla yak\u0131ndan ilgilenmekteyiz. Ge\u00e7mi\u015ften gelen tecr\u00fcbemizle teknolojik geli\u015fmeleri de kullanarak kalite \u00e7\u0131tam\u0131z\u0131 her zaman yukar\u0131ya \u00e7\u0131kartmaktay\u0131z. Hedefimiz , [&hellip;]<\/p>\n","protected":false},"author":1,"featured_media":0,"parent":0,"menu_order":0,"comment_status":"closed","ping_status":"closed","template":"","meta":{"_joinchat":[]},"yoast_head":"<!-- This site is optimized with the Yoast SEO plugin v19.10 - https:\/\/yoast.com\/wordpress\/plugins\/seo\/ -->\n<title>\u041f\u043e\u043b\u0438\u0442\u0438\u043a\u0430 \u041a\u0430\u0447\u0435\u0441\u0442\u0432\u0430<\/title>\n<meta name=\"robots\" content=\"index, follow, max-snippet:-1, max-image-preview:large, max-video-preview:-1\" \/>\n<meta property=\"og:locale\" content=\"ru_RU\" \/>\n<meta property=\"og:type\" content=\"article\" \/>\n<meta property=\"og:title\" content=\"\u041f\u043e\u043b\u0438\u0442\u0438\u043a\u0430 \u041a\u0430\u0447\u0435\u0441\u0442\u0432\u0430\" \/>\n<meta property=\"og:url\" content=\"https:\/\/www.inofermuar.com\/ru\/quality-management\/\" \/>\n<meta property=\"og:site_name\" content=\"\u041c\u043e\u043b\u043d\u0438\u0438 INOX\" \/>\n<meta property=\"article:publisher\" content=\"https:\/\/facebook.com\/inofermuar\" \/>\n<meta property=\"article:modified_time\" content=\"2026-02-10T21:33:20+00:00\" \/>\n<meta name=\"twitter:card\" content=\"summary_large_image\" \/>\n<meta name=\"twitter:site\" content=\"@inofermuar\" \/>\n<meta name=\"twitter:label1\" content=\"\u041f\u0440\u0438\u043c\u0435\u0440\u043d\u043e\u0435 \u0432\u0440\u0435\u043c\u044f \u0434\u043b\u044f \u0447\u0442\u0435\u043d\u0438\u044f\" \/>\n\t<meta name=\"twitter:data1\" content=\"1 \u043c\u0438\u043d\u0443\u0442\u0430\" \/>\n<script type=\"application\/ld+json\" class=\"yoast-schema-graph\">{\"@context\":\"https:\/\/schema.org\",\"@graph\":[{\"@type\":\"WebPage\",\"@id\":\"https:\/\/www.inofermuar.com\/ru\/quality-management\/\",\"url\":\"https:\/\/www.inofermuar.com\/ru\/quality-management\/\",\"name\":\"Kalite Politikam\u0131z - \u041c\u043e\u043b\u043d\u0438\u0438 INOX\",\"isPartOf\":{\"@id\":\"https:\/\/www.inofermuar.com\/#website\"},\"datePublished\":\"2021-05-03T15:04:16+00:00\",\"dateModified\":\"2026-02-10T21:33:20+00:00\",\"breadcrumb\":{\"@id\":\"https:\/\/www.inofermuar.com\/ru\/quality-management\/#breadcrumb\"},\"inLanguage\":\"ru-RU\",\"potentialAction\":[{\"@type\":\"ReadAction\",\"target\":[\"https:\/\/www.inofermuar.com\/ru\/quality-management\/\"]}]},{\"@type\":\"BreadcrumbList\",\"@id\":\"https:\/\/www.inofermuar.com\/ru\/quality-management\/#breadcrumb\",\"itemListElement\":[{\"@type\":\"ListItem\",\"position\":1,\"name\":\"\u0413\u043b\u0430\u0432\u043d\u0430\u044f\",\"item\":\"https:\/\/www.inofermuar.com\/\"},{\"@type\":\"ListItem\",\"position\":2,\"name\":\"\u041f\u043e\u043b\u0438\u0442\u0438\u043a\u0430 \u041a\u0430\u0447\u0435\u0441\u0442\u0432\u0430\"}]},{\"@type\":\"WebSite\",\"@id\":\"https:\/\/www.inofermuar.com\/ru\/#website\",\"url\":\"https:\/\/www.inofermuar.com\/ru\/\",\"name\":\"\u0130NO Fermuar\",\"description\":\"Fermuar &Ccedil;e\u015fitleri ve Fermuar Modelleri\",\"publisher\":{\"@id\":\"https:\/\/www.inofermuar.com\/ru\/#organization\"},\"potentialAction\":[{\"@type\":\"SearchAction\",\"target\":{\"@type\":\"EntryPoint\",\"urlTemplate\":\"https:\/\/www.inofermuar.com\/ru\/?s={search_term_string}\"},\"query-input\":\"required name=search_term_string\"}],\"inLanguage\":\"ru-RU\"},{\"@type\":\"Organization\",\"@id\":\"https:\/\/www.inofermuar.com\/ru\/#organization\",\"name\":\"\u0130no Fermuar\",\"url\":\"https:\/\/www.inofermuar.com\/ru\/\",\"logo\":{\"@type\":\"ImageObject\",\"inLanguage\":\"ru-RU\",\"@id\":\"https:\/\/www.inofermuar.com\/ru\/#\/schema\/logo\/image\/\",\"url\":\"https:\/\/www.inofermuar.com\/wp-content\/uploads\/2020\/07\/normal_logo-2.png\",\"contentUrl\":\"https:\/\/www.inofermuar.com\/wp-content\/uploads\/2020\/07\/normal_logo-2.png\",\"width\":150,\"height\":83,\"caption\":\"\u0130no Fermuar\"},\"image\":{\"@id\":\"https:\/\/www.inofermuar.com\/ru\/#\/schema\/logo\/image\/\"},\"sameAs\":[\"https:\/\/instagram.com\/inofermuar\",\"https:\/\/www.linkedin.com\/company\/inofermuar\/\",\"https:\/\/www.youtube.com\/channel\/UCFh3mdP_xsOQ-OBVD-bvMnA\",\"https:\/\/facebook.com\/inofermuar\",\"https:\/\/twitter.com\/inofermuar\"]}]}<\/script>\n<!-- \/ Yoast SEO plugin. -->","yoast_head_json":{"title":"\u041f\u043e\u043b\u0438\u0442\u0438\u043a\u0430 \u041a\u0430\u0447\u0435\u0441\u0442\u0432\u0430","robots":{"index":"index","follow":"follow","max-snippet":"max-snippet:-1","max-image-preview":"max-image-preview:large","max-video-preview":"max-video-preview:-1"},"og_locale":"ru_RU","og_type":"article","og_title":"\u041f\u043e\u043b\u0438\u0442\u0438\u043a\u0430 \u041a\u0430\u0447\u0435\u0441\u0442\u0432\u0430","og_url":"https:\/\/www.inofermuar.com\/ru\/quality-management\/","og_site_name":"\u041c\u043e\u043b\u043d\u0438\u0438 INOX","article_publisher":"https:\/\/facebook.com\/inofermuar","article_modified_time":"2026-02-10T21:33:20+00:00","twitter_card":"summary_large_image","twitter_site":"@inofermuar","twitter_misc":{"\u041f\u0440\u0438\u043c\u0435\u0440\u043d\u043e\u0435 \u0432\u0440\u0435\u043c\u044f \u0434\u043b\u044f \u0447\u0442\u0435\u043d\u0438\u044f":"1 \u043c\u0438\u043d\u0443\u0442\u0430"},"schema":{"@context":"https:\/\/schema.org","@graph":[{"@type":"WebPage","@id":"https:\/\/www.inofermuar.com\/ru\/quality-management\/","url":"https:\/\/www.inofermuar.com\/ru\/quality-management\/","name":"Kalite Politikam\u0131z - \u041c\u043e\u043b\u043d\u0438\u0438 INOX","isPartOf":{"@id":"https:\/\/www.inofermuar.com\/#website"},"datePublished":"2021-05-03T15:04:16+00:00","dateModified":"2026-02-10T21:33:20+00:00","breadcrumb":{"@id":"https:\/\/www.inofermuar.com\/ru\/quality-management\/#breadcrumb"},"inLanguage":"ru-RU","potentialAction":[{"@type":"ReadAction","target":["https:\/\/www.inofermuar.com\/ru\/quality-management\/"]}]},{"@type":"BreadcrumbList","@id":"https:\/\/www.inofermuar.com\/ru\/quality-management\/#breadcrumb","itemListElement":[{"@type":"ListItem","position":1,"name":"\u0413\u043b\u0430\u0432\u043d\u0430\u044f","item":"https:\/\/www.inofermuar.com\/"},{"@type":"ListItem","position":2,"name":"\u041f\u043e\u043b\u0438\u0442\u0438\u043a\u0430 \u041a\u0430\u0447\u0435\u0441\u0442\u0432\u0430"}]},{"@type":"WebSite","@id":"https:\/\/www.inofermuar.com\/ru\/#website","url":"https:\/\/www.inofermuar.com\/ru\/","name":"\u0130NO Fermuar","description":"Fermuar &Ccedil;e\u015fitleri ve Fermuar Modelleri","publisher":{"@id":"https:\/\/www.inofermuar.com\/ru\/#organization"},"potentialAction":[{"@type":"SearchAction","target":{"@type":"EntryPoint","urlTemplate":"https:\/\/www.inofermuar.com\/ru\/?s={search_term_string}"},"query-input":"required name=search_term_string"}],"inLanguage":"ru-RU"},{"@type":"Organization","@id":"https:\/\/www.inofermuar.com\/ru\/#organization","name":"\u0130no Fermuar","url":"https:\/\/www.inofermuar.com\/ru\/","logo":{"@type":"ImageObject","inLanguage":"ru-RU","@id":"https:\/\/www.inofermuar.com\/ru\/#\/schema\/logo\/image\/","url":"https:\/\/www.inofermuar.com\/wp-content\/uploads\/2020\/07\/normal_logo-2.png","contentUrl":"https:\/\/www.inofermuar.com\/wp-content\/uploads\/2020\/07\/normal_logo-2.png","width":150,"height":83,"caption":"\u0130no Fermuar"},"image":{"@id":"https:\/\/www.inofermuar.com\/ru\/#\/schema\/logo\/image\/"},"sameAs":["https:\/\/instagram.com\/inofermuar","https:\/\/www.linkedin.com\/company\/inofermuar\/","https:\/\/www.youtube.com\/channel\/UCFh3mdP_xsOQ-OBVD-bvMnA","https:\/\/facebook.com\/inofermuar","https:\/\/twitter.com\/inofermuar"]}]}},"_links":{"self":[{"href":"https:\/\/www.inofermuar.com\/ru\/wp-json\/wp\/v2\/pages\/1499"}],"collection":[{"href":"https:\/\/www.inofermuar.com\/ru\/wp-json\/wp\/v2\/pages"}],"about":[{"href":"https:\/\/www.inofermuar.com\/ru\/wp-json\/wp\/v2\/types\/page"}],"author":[{"embeddable":true,"href":"https:\/\/www.inofermuar.com\/ru\/wp-json\/wp\/v2\/users\/1"}],"replies":[{"embeddable":true,"href":"https:\/\/www.inofermuar.com\/ru\/wp-json\/wp\/v2\/comments?post=1499"}],"version-history":[{"count":7,"href":"https:\/\/www.inofermuar.com\/ru\/wp-json\/wp\/v2\/pages\/1499\/revisions"}],"predecessor-version":[{"id":1595,"href":"https:\/\/www.inofermuar.com\/ru\/wp-json\/wp\/v2\/pages\/1499\/revisions\/1595"}],"wp:attachment":[{"href":"https:\/\/www.inofermuar.com\/ru\/wp-json\/wp\/v2\/media?parent=1499"}],"curies":[{"name":"wp","href":"https:\/\/api.w.org\/{rel}","templated":true}]}}