{"id":14,"date":"2020-07-02T11:42:29","date_gmt":"2020-07-02T11:42:29","guid":{"rendered":"http:\/\/www.inofermuar.com\/yeni\/?page_id=14"},"modified":"2026-02-10T21:23:14","modified_gmt":"2026-02-10T21:23:14","slug":"tarihce","status":"publish","type":"page","link":"https:\/\/www.inofermuar.com\/ru\/history-of-company\/","title":{"rendered":"\u0418\u0441\u0442\u043e\u0440\u0438\u044f \u041a\u043e\u043c\u043f\u0430\u043d\u0438\u0438"},"content":{"rendered":"<h2>Tarih\u00e7e<\/h2>\n<div>\n<p>        <img decoding=\"async\" src=\"\/wp-content\/uploads\/2020\/07\/J4A0203.jpg\" alt=\"\"><\/p>\n<div>\n<p>2001 y\u0131l\u0131nda\u00a0<strong>\u201d\u00d6zel Fermuar\u2019<\/strong>\u2018 ad\u0131yla kurulan firmam\u0131z, tekstil yan \u00fcr\u00fcnleri alan\u0131nda faaliyet g\u00f6stererek sekt\u00f6re ilk ad\u0131m\u0131n\u0131 atm\u0131\u015ft\u0131r. 2002 y\u0131l\u0131nda Bayrampa\u015fa\u2019daki fabrika binas\u0131na ta\u015f\u0131narak fermuar imalat\u0131na ba\u015flam\u0131\u015ft\u0131r. K\u0131sa s\u00fcrede ismini duyurarak sekt\u00f6rde \u00f6nemli bir yer edinmi\u015f, 2006 y\u0131l\u0131nda \u00fcnvan\u0131n\u0131\u00a0<strong>\u201dINO Fermuar\u201d<\/strong>\u00a0olarak de\u011fi\u015ftirmi\u015f ve 2007 y\u0131l\u0131nda metal b\u00f6l\u00fcm\u00fc kurularak aksesuar \u00fcretimine ba\u015flam\u0131\u015ft\u0131r.<\/p>\n<p>Ba\u015far\u0131l\u0131 ve \u00e7al\u0131\u015fkan i\u015f arkada\u015flar\u0131m\u0131zla sadece yerli firmalar i\u00e7in fermuar ve aksesuar \u00fcretimi yapmakla kalm\u0131yor, Romanya, Fransa gibi Avrupa \u00fclkelerinde, sekt\u00f6r\u00fcn\u00fcn en \u00f6nde gelen firmalar\u0131na ihracat ger\u00e7ekle\u015ftiriyoruz.<\/p>\n<\/div>\n<\/div>\n<p><!--more--><br \/>\n<!-- {\"type\":\"layout\",\"children\":[{\"type\":\"section\",\"props\":{\"style\":\"primary\",\"width\":\"default\",\"vertical_align\":\"middle\",\"title_position\":\"top-left\",\"title_rotation\":\"left\",\"title_breakpoint\":\"xl\",\"image_position\":\"center-center\",\"padding\":\"xsmall\",\"image\":\"wp-content\\\/uploads\\\/2020\\\/07\\\/6.png\",\"preserve_color\":true,\"text_color\":\"light\",\"image_size\":\"cover\"},\"children\":[{\"type\":\"row\",\"children\":[{\"type\":\"column\",\"props\":{\"image_position\":\"center-center\",\"media_overlay_gradient\":\"\",\"position_sticky_breakpoint\":\"m\"},\"children\":[{\"type\":\"headline\",\"props\":{\"title_element\":\"h2\",\"content\":\"Tarih\\u00e7e\",\"content_en_us\":\"History of the company\",\"content_ru_ru\":\"\\u0418\\u0441\\u0442\\u043e\\u0440\\u0438\\u044f \\u041a\\u043e\\u043c\\u043f\\u0430\\u043d\\u0438\\u0438 INO FERMUAR\"}}]}]}],\"name\":\"ust\"},{\"type\":\"section\",\"props\":{\"style\":\"default\",\"width\":\"default\",\"vertical_align\":\"middle\",\"title_position\":\"top-left\",\"title_rotation\":\"left\",\"title_breakpoint\":\"xl\",\"image_position\":\"center-center\"},\"children\":[{\"type\":\"row\",\"children\":[{\"type\":\"column\",\"props\":{\"image_position\":\"center-center\",\"media_overlay_gradient\":\"\",\"position_sticky_breakpoint\":\"m\"},\"children\":[{\"type\":\"panel\",\"props\":{\"link_text\":\"Read more\",\"title_hover_style\":\"reset\",\"title_element\":\"h3\",\"title_align\":\"top\",\"title_grid_width\":\"1-2\",\"title_grid_breakpoint\":\"m\",\"meta_style\":\"text-meta\",\"meta_align\":\"below-title\",\"content_column_breakpoint\":\"m\",\"icon_width\":80,\"image_align\":\"right\",\"image_grid_width\":\"1-3\",\"image_grid_breakpoint\":\"m\",\"image_svg_color\":\"emphasis\",\"link_style\":\"default\",\"margin\":\"default\",\"content\":\"\n\n<p>2001 y\\u0131l\\u0131nda\\u00a0<strong>\\u201d\\u00d6zel Fermuar\\u2019<\\\/strong>\\u2018 ad\\u0131yla kurulan firmam\\u0131z, tekstil yan \\u00fcr\\u00fcnleri alan\\u0131nda faaliyet g\\u00f6stererek sekt\\u00f6re ilk ad\\u0131m\\u0131n\\u0131 atm\\u0131\\u015ft\\u0131r. 2002 y\\u0131l\\u0131nda Bayrampa\\u015fa\\u2019daki fabrika binas\\u0131na ta\\u015f\\u0131narak fermuar imalat\\u0131na ba\\u015flam\\u0131\\u015ft\\u0131r. K\\u0131sa s\\u00fcrede ismini duyurarak sekt\\u00f6rde \\u00f6nemli bir yer edinmi\\u015f, 2006 y\\u0131l\\u0131nda \\u00fcnvan\\u0131n\\u0131\\u00a0<strong>\\u201dINO Fermuar\\u201d<\\\/strong>\\u00a0olarak de\\u011fi\\u015ftirmi\\u015f ve 2007 y\\u0131l\\u0131nda metal b\\u00f6l\\u00fcm\\u00fc kurularak aksesuar \\u00fcretimine ba\\u015flam\\u0131\\u015ft\\u0131r.<\\\/p>\\n\n\n<p>Ba\\u015far\\u0131l\\u0131 ve \\u00e7al\\u0131\\u015fkan i\\u015f arkada\\u015flar\\u0131m\\u0131zla sadece yerli firmalar i\\u00e7in fermuar ve aksesuar \\u00fcretimi yapmakla kalm\\u0131yor, Romanya, Fransa gibi Avrupa \\u00fclkelerinde, sekt\\u00f6r\\u00fcn\\u00fcn en \\u00f6nde gelen firmalar\\u0131na ihracat ger\\u00e7ekle\\u015ftiriyoruz.<\\\/p>\",\"title\":\"\",\"image\":\"wp-content\\\/uploads\\\/2020\\\/07\\\/J4A0203.jpg\",\"image_width\":\"335\",\"image_height\":\"250\",\"text_align\":\"justify\",\"image_box_decoration\":\"primary\",\"meta_element\":\"div\",\"content_ru_ru\":\"\n\n<p>\\u041e\\u0441\\u043d\\u043e\\u0432\\u0430\\u043d\\u043d\\u0430\\u044f \\u0432 2001 \\u0433\\u043e\\u0434\\u0443 \\u043f\\u043e\\u0434 \\u043d\\u0430\\u0437\\u0432\\u0430\\u043d\\u0438\\u0435\\u043c \\u00ab\\u00d6zel Zipper\\u00bb, \\u043d\\u0430\\u0448\\u0430 \\u043a\\u043e\\u043c\\u043f\\u0430\\u043d\\u0438\\u044f \\u0441\\u0434\\u0435\\u043b\\u0430\\u043b\\u0430 \\u0441\\u0432\\u043e\\u0439 \\u043f\\u0435\\u0440\\u0432\\u044b\\u0439 \\u0448\\u0430\\u0433 \\u0432 \\u0442\\u0435\\u043a\\u0441\\u0442\\u0438\\u043b\\u044c\\u043d\\u043e\\u0439 \\u043e\\u0442\\u0440\\u0430\\u0441\\u043b\\u0438, \\u043d\\u0430\\u0447\\u0430\\u0432 \\u043f\\u0440\\u043e\\u0438\\u0437\\u0432\\u043e\\u0434\\u0441\\u0442\\u0432\\u043e \\u043c\\u0435\\u0442\\u0430\\u043b\\u043b\\u0438\\u0447\\u0435\\u0441\\u043a\\u0438\\u0445 \\u0430\\u043a\\u0441\\u0435\\u0441\\u0441\\u0443\\u0430\\u0440\\u043e\\u0432 \\u0438 \\u043c\\u043e\\u043b\\u043d\\u0438\\u0439-\\u0431\\u0435\\u0433\\u0443\\u043d\\u043a\\u043e\\u0432. \\u0412 2002 \\u0433\\u043e\\u0434\\u0443 \\u043c\\u044b \\u043f\\u0435\\u0440\\u0435\\u0435\\u0445\\u0430\\u043b\\u0438 \\u0432 \\u0437\\u0434\\u0430\\u043d\\u0438\\u0435 \\u0441\\u0432\\u043e\\u0435\\u0433\\u043e \\u043d\\u043e\\u0432\\u043e\\u0433\\u043e \\u0437\\u0430\\u0432\\u043e\\u0434\\u0430 \\u0432 \\u0433.\\u0421\\u0442\\u0430\\u043c\\u0431\\u0443\\u043b\\u0435, \\u0411\\u0430\\u0439\\u0440\\u0430\\u043c\\u043f\\u0430\\u0448\\u0435 \\u0438 \\u043d\\u0430\\u0447\\u0430\\u043b\\u0438 \\u043f\\u0440\\u043e\\u0438\\u0437\\u0432\\u043e\\u0434\\u0441\\u0442\\u0432\\u043e \\u043c\\u043e\\u043b\\u043d\\u0438\\u0439 \\u0432\\u0441\\u0435\\u0445 \\u0442\\u0438\\u043f\\u043e\\u0432. \\u041a\\u043e\\u043c\\u043f\\u0430\\u043d\\u0438\\u044f \\u0431\\u044b\\u0441\\u0442\\u0440\\u043e \\u0437\\u0430\\u0432\\u043e\\u0435\\u0432\\u0430\\u043b\\u0430 \\u0441\\u0435\\u0431\\u0435 \\u0438\\u043c\\u044f \\u0438 \\u0437\\u0430\\u043d\\u044f\\u043b\\u0430 \\u0437\\u043d\\u0430\\u0447\\u0438\\u0442\\u0435\\u043b\\u044c\\u043d\\u043e\\u0435 \\u043c\\u0435\\u0441\\u0442\\u043e \\u0432 \\u043e\\u0442\\u0440\\u0430\\u0441\\u043b\\u0438. \\u0412 2006 \\u0433\\u043e\\u0434\\u0443 \\u043d\\u0430\\u0437\\u0432\\u0430\\u043d\\u0438\\u0435 \\u0438\\u0437\\u043c\\u0435\\u043d\\u0438\\u043b\\u0438 \\u043d\\u0430 \\u00abINO Zipper\\u00bb, \\u0430 \\u0432 2007 \\u0433\\u043e\\u0434\\u0443 \\u0441\\u043e\\u0437\\u0434\\u0430\\u043b\\u0438 \\u043d\\u043e\\u0432\\u044b\\u0439 \\u043c\\u0435\\u0442\\u0430\\u043b\\u043b\\u043e\\u043e\\u0431\\u0440\\u0430\\u0431\\u0430\\u0442\\u044b\\u0432\\u0430\\u044e\\u0449\\u0438\\u0439 \\u0446\\u0435\\u0445 \\u0438 \\u043d\\u0430\\u0447\\u0430\\u043b\\u0438 \\u043f\\u0440\\u043e\\u0438\\u0437\\u0432\\u043e\\u0434\\u0441\\u0442\\u0432\\u043e \\u043f\\u043e\\u043b\\u043d\\u043e\\u0433\\u043e \\u0446\\u0438\\u043a\\u043b\\u0430.<\\\/p>\\n\\n\n\n<p>\\u0411\\u043b\\u0430\\u0433\\u043e\\u0434\\u0430\\u0440\\u044f \\u043d\\u0430\\u0448\\u0438\\u043c \\u0443\\u0441\\u043f\\u0435\\u0448\\u043d\\u044b\\u043c \\u0438 \\u0442\\u0440\\u0443\\u0434\\u043e\\u043b\\u044e\\u0431\\u0438\\u0432\\u044b\\u043c \\u0441\\u043e\\u0442\\u0440\\u0443\\u0434\\u043d\\u0438\\u043a\\u0430\\u043c \\u043c\\u044b \\u043d\\u0435 \\u0442\\u043e\\u043b\\u044c\\u043a\\u043e \\u043f\\u0440\\u043e\\u0438\\u0437\\u0432\\u043e\\u0434\\u0438\\u043c \\u043c\\u043e\\u043b\\u043d\\u0438\\u0438 \\u0438 \\u0430\\u043a\\u0441\\u0435\\u0441\\u0441\\u0443\\u0430\\u0440\\u044b \\u0434\\u043b\\u044f \\u043e\\u0442\\u0435\\u0447\\u0435\\u0441\\u0442\\u0432\\u0435\\u043d\\u043d\\u044b\\u0445 \\u043a\\u043e\\u043c\\u043f\\u0430\\u043d\\u0438\\u0439, \\u043d\\u043e \\u0438 \\u044d\\u043a\\u0441\\u043f\\u043e\\u0440\\u0442\\u0438\\u0440\\u0443\\u0435\\u043c \\u0438\\u0445 \\u0432\\u0435\\u0434\\u0443\\u0449\\u0438\\u043c \\u043a\\u043e\\u043c\\u043f\\u0430\\u043d\\u0438\\u044f\\u043c \\u043e\\u0442\\u0440\\u0430\\u0441\\u043b\\u0438 \\u0432 \\u0435\\u0432\\u0440\\u043e\\u043f\\u0435\\u0439\\u0441\\u043a\\u0438\\u0445 \\u0441\\u0442\\u0440\\u0430\\u043d\\u0430\\u0445, \\u0442\\u0430\\u043a\\u0438\\u0445 \\u043a\\u0430\\u043a \\u0420\\u0443\\u043c\\u044b\\u043d\\u0438\\u044f \\u0438 \\u0424\\u0440\\u0430\\u043d\\u0446\\u0438\\u044f, \\u0441\\u0442\\u0440\\u0430\\u043d\\u044b \\u0421\\u041d\\u0413<\\\/p>\",\"content_en_us\":\"\n\n<p>Founded in 2001 under the name \\\"\\u00d6zel Zipper,\\\" our company took its first step into the textile industry by producing metal accessories and zippers. In 2002, we moved to our new factory in Bayrampa\\u015fa, Istanbul, and began producing all types of zippers. The company quickly gained a reputation and established a significant presence in the industry. In 2006, the name was changed to \\\"INO Zipper,\\\" and in 2007, we established a new metalworking line and began full-cycle production.<\\\/p>\\n\\n\n\n<p>Thanks to our successful and hard-working employees, we not only produce zippers and accessories for domestic companies but also export them to leading companies in European countries such as Romania, France, and the CIS countries also.<\\\/p>\"}}]}]}]}],\"version\":\"3.0.9\"} --><\/p>\n","protected":false},"excerpt":{"rendered":"<p>Tarih\u00e7e 2001 y\u0131l\u0131nda\u00a0\u201d\u00d6zel Fermuar\u2019\u2018 ad\u0131yla kurulan firmam\u0131z, tekstil yan \u00fcr\u00fcnleri alan\u0131nda faaliyet g\u00f6stererek sekt\u00f6re ilk ad\u0131m\u0131n\u0131 atm\u0131\u015ft\u0131r. 2002 y\u0131l\u0131nda Bayrampa\u015fa\u2019daki fabrika binas\u0131na ta\u015f\u0131narak fermuar imalat\u0131na ba\u015flam\u0131\u015ft\u0131r. K\u0131sa s\u00fcrede ismini duyurarak sekt\u00f6rde \u00f6nemli bir yer edinmi\u015f, 2006 y\u0131l\u0131nda \u00fcnvan\u0131n\u0131\u00a0\u201dINO Fermuar\u201d\u00a0olarak de\u011fi\u015ftirmi\u015f ve 2007 y\u0131l\u0131nda metal b\u00f6l\u00fcm\u00fc kurularak aksesuar \u00fcretimine ba\u015flam\u0131\u015ft\u0131r. Ba\u015far\u0131l\u0131 ve \u00e7al\u0131\u015fkan i\u015f arkada\u015flar\u0131m\u0131zla sadece [&hellip;]<\/p>\n","protected":false},"author":1,"featured_media":0,"parent":0,"menu_order":0,"comment_status":"closed","ping_status":"closed","template":"","meta":{"_joinchat":[]},"yoast_head":"<!-- This site is optimized with the Yoast SEO plugin v19.10 - https:\/\/yoast.com\/wordpress\/plugins\/seo\/ -->\n<title>\u0418\u0441\u0442\u043e\u0440\u0438\u044f \u041a\u043e\u043c\u043f\u0430\u043d\u0438\u0438<\/title>\n<meta name=\"robots\" content=\"index, follow, max-snippet:-1, max-image-preview:large, max-video-preview:-1\" \/>\n<meta property=\"og:locale\" content=\"ru_RU\" \/>\n<meta property=\"og:type\" content=\"article\" \/>\n<meta property=\"og:title\" content=\"\u0418\u0441\u0442\u043e\u0440\u0438\u044f \u041a\u043e\u043c\u043f\u0430\u043d\u0438\u0438\" \/>\n<meta property=\"og:url\" content=\"https:\/\/www.inofermuar.com\/ru\/history-of-company\/\" \/>\n<meta property=\"og:site_name\" content=\"\u041c\u043e\u043b\u043d\u0438\u0438 INOX\" \/>\n<meta property=\"article:publisher\" content=\"https:\/\/facebook.com\/inofermuar\" \/>\n<meta property=\"article:modified_time\" content=\"2026-02-10T21:23:14+00:00\" \/>\n<meta name=\"twitter:card\" content=\"summary_large_image\" \/>\n<meta name=\"twitter:site\" content=\"@inofermuar\" \/>\n<meta name=\"twitter:label1\" content=\"\u041f\u0440\u0438\u043c\u0435\u0440\u043d\u043e\u0435 \u0432\u0440\u0435\u043c\u044f \u0434\u043b\u044f \u0447\u0442\u0435\u043d\u0438\u044f\" \/>\n\t<meta name=\"twitter:data1\" content=\"1 \u043c\u0438\u043d\u0443\u0442\u0430\" \/>\n<script type=\"application\/ld+json\" class=\"yoast-schema-graph\">{\"@context\":\"https:\/\/schema.org\",\"@graph\":[{\"@type\":\"WebPage\",\"@id\":\"https:\/\/www.inofermuar.com\/ru\/history-of-company\/\",\"url\":\"https:\/\/www.inofermuar.com\/ru\/history-of-company\/\",\"name\":\"Tarih\u00e7e - \u041c\u043e\u043b\u043d\u0438\u0438 INOX\",\"isPartOf\":{\"@id\":\"https:\/\/www.inofermuar.com\/#website\"},\"datePublished\":\"2020-07-02T11:42:29+00:00\",\"dateModified\":\"2026-02-10T21:23:14+00:00\",\"breadcrumb\":{\"@id\":\"https:\/\/www.inofermuar.com\/ru\/history-of-company\/#breadcrumb\"},\"inLanguage\":\"ru-RU\",\"potentialAction\":[{\"@type\":\"ReadAction\",\"target\":[\"https:\/\/www.inofermuar.com\/ru\/history-of-company\/\"]}]},{\"@type\":\"BreadcrumbList\",\"@id\":\"https:\/\/www.inofermuar.com\/ru\/history-of-company\/#breadcrumb\",\"itemListElement\":[{\"@type\":\"ListItem\",\"position\":1,\"name\":\"\u0413\u043b\u0430\u0432\u043d\u0430\u044f\",\"item\":\"https:\/\/www.inofermuar.com\/\"},{\"@type\":\"ListItem\",\"position\":2,\"name\":\"\u0418\u0441\u0442\u043e\u0440\u0438\u044f \u041a\u043e\u043c\u043f\u0430\u043d\u0438\u0438\"}]},{\"@type\":\"WebSite\",\"@id\":\"https:\/\/www.inofermuar.com\/ru\/#website\",\"url\":\"https:\/\/www.inofermuar.com\/ru\/\",\"name\":\"\u0130NO Fermuar\",\"description\":\"Fermuar &Ccedil;e\u015fitleri ve Fermuar Modelleri\",\"publisher\":{\"@id\":\"https:\/\/www.inofermuar.com\/ru\/#organization\"},\"potentialAction\":[{\"@type\":\"SearchAction\",\"target\":{\"@type\":\"EntryPoint\",\"urlTemplate\":\"https:\/\/www.inofermuar.com\/ru\/?s={search_term_string}\"},\"query-input\":\"required name=search_term_string\"}],\"inLanguage\":\"ru-RU\"},{\"@type\":\"Organization\",\"@id\":\"https:\/\/www.inofermuar.com\/ru\/#organization\",\"name\":\"\u0130no Fermuar\",\"url\":\"https:\/\/www.inofermuar.com\/ru\/\",\"logo\":{\"@type\":\"ImageObject\",\"inLanguage\":\"ru-RU\",\"@id\":\"https:\/\/www.inofermuar.com\/ru\/#\/schema\/logo\/image\/\",\"url\":\"https:\/\/www.inofermuar.com\/wp-content\/uploads\/2020\/07\/normal_logo-2.png\",\"contentUrl\":\"https:\/\/www.inofermuar.com\/wp-content\/uploads\/2020\/07\/normal_logo-2.png\",\"width\":150,\"height\":83,\"caption\":\"\u0130no Fermuar\"},\"image\":{\"@id\":\"https:\/\/www.inofermuar.com\/ru\/#\/schema\/logo\/image\/\"},\"sameAs\":[\"https:\/\/instagram.com\/inofermuar\",\"https:\/\/www.linkedin.com\/company\/inofermuar\/\",\"https:\/\/www.youtube.com\/channel\/UCFh3mdP_xsOQ-OBVD-bvMnA\",\"https:\/\/facebook.com\/inofermuar\",\"https:\/\/twitter.com\/inofermuar\"]}]}<\/script>\n<!-- \/ Yoast SEO plugin. -->","yoast_head_json":{"title":"\u0418\u0441\u0442\u043e\u0440\u0438\u044f \u041a\u043e\u043c\u043f\u0430\u043d\u0438\u0438","robots":{"index":"index","follow":"follow","max-snippet":"max-snippet:-1","max-image-preview":"max-image-preview:large","max-video-preview":"max-video-preview:-1"},"og_locale":"ru_RU","og_type":"article","og_title":"\u0418\u0441\u0442\u043e\u0440\u0438\u044f \u041a\u043e\u043c\u043f\u0430\u043d\u0438\u0438","og_url":"https:\/\/www.inofermuar.com\/ru\/history-of-company\/","og_site_name":"\u041c\u043e\u043b\u043d\u0438\u0438 INOX","article_publisher":"https:\/\/facebook.com\/inofermuar","article_modified_time":"2026-02-10T21:23:14+00:00","twitter_card":"summary_large_image","twitter_site":"@inofermuar","twitter_misc":{"\u041f\u0440\u0438\u043c\u0435\u0440\u043d\u043e\u0435 \u0432\u0440\u0435\u043c\u044f \u0434\u043b\u044f \u0447\u0442\u0435\u043d\u0438\u044f":"1 \u043c\u0438\u043d\u0443\u0442\u0430"},"schema":{"@context":"https:\/\/schema.org","@graph":[{"@type":"WebPage","@id":"https:\/\/www.inofermuar.com\/ru\/history-of-company\/","url":"https:\/\/www.inofermuar.com\/ru\/history-of-company\/","name":"Tarih\u00e7e - \u041c\u043e\u043b\u043d\u0438\u0438 INOX","isPartOf":{"@id":"https:\/\/www.inofermuar.com\/#website"},"datePublished":"2020-07-02T11:42:29+00:00","dateModified":"2026-02-10T21:23:14+00:00","breadcrumb":{"@id":"https:\/\/www.inofermuar.com\/ru\/history-of-company\/#breadcrumb"},"inLanguage":"ru-RU","potentialAction":[{"@type":"ReadAction","target":["https:\/\/www.inofermuar.com\/ru\/history-of-company\/"]}]},{"@type":"BreadcrumbList","@id":"https:\/\/www.inofermuar.com\/ru\/history-of-company\/#breadcrumb","itemListElement":[{"@type":"ListItem","position":1,"name":"\u0413\u043b\u0430\u0432\u043d\u0430\u044f","item":"https:\/\/www.inofermuar.com\/"},{"@type":"ListItem","position":2,"name":"\u0418\u0441\u0442\u043e\u0440\u0438\u044f \u041a\u043e\u043c\u043f\u0430\u043d\u0438\u0438"}]},{"@type":"WebSite","@id":"https:\/\/www.inofermuar.com\/ru\/#website","url":"https:\/\/www.inofermuar.com\/ru\/","name":"\u0130NO Fermuar","description":"Fermuar &Ccedil;e\u015fitleri ve Fermuar Modelleri","publisher":{"@id":"https:\/\/www.inofermuar.com\/ru\/#organization"},"potentialAction":[{"@type":"SearchAction","target":{"@type":"EntryPoint","urlTemplate":"https:\/\/www.inofermuar.com\/ru\/?s={search_term_string}"},"query-input":"required name=search_term_string"}],"inLanguage":"ru-RU"},{"@type":"Organization","@id":"https:\/\/www.inofermuar.com\/ru\/#organization","name":"\u0130no Fermuar","url":"https:\/\/www.inofermuar.com\/ru\/","logo":{"@type":"ImageObject","inLanguage":"ru-RU","@id":"https:\/\/www.inofermuar.com\/ru\/#\/schema\/logo\/image\/","url":"https:\/\/www.inofermuar.com\/wp-content\/uploads\/2020\/07\/normal_logo-2.png","contentUrl":"https:\/\/www.inofermuar.com\/wp-content\/uploads\/2020\/07\/normal_logo-2.png","width":150,"height":83,"caption":"\u0130no Fermuar"},"image":{"@id":"https:\/\/www.inofermuar.com\/ru\/#\/schema\/logo\/image\/"},"sameAs":["https:\/\/instagram.com\/inofermuar","https:\/\/www.linkedin.com\/company\/inofermuar\/","https:\/\/www.youtube.com\/channel\/UCFh3mdP_xsOQ-OBVD-bvMnA","https:\/\/facebook.com\/inofermuar","https:\/\/twitter.com\/inofermuar"]}]}},"_links":{"self":[{"href":"https:\/\/www.inofermuar.com\/ru\/wp-json\/wp\/v2\/pages\/14"}],"collection":[{"href":"https:\/\/www.inofermuar.com\/ru\/wp-json\/wp\/v2\/pages"}],"about":[{"href":"https:\/\/www.inofermuar.com\/ru\/wp-json\/wp\/v2\/types\/page"}],"author":[{"embeddable":true,"href":"https:\/\/www.inofermuar.com\/ru\/wp-json\/wp\/v2\/users\/1"}],"replies":[{"embeddable":true,"href":"https:\/\/www.inofermuar.com\/ru\/wp-json\/wp\/v2\/comments?post=14"}],"version-history":[{"count":12,"href":"https:\/\/www.inofermuar.com\/ru\/wp-json\/wp\/v2\/pages\/14\/revisions"}],"predecessor-version":[{"id":1591,"href":"https:\/\/www.inofermuar.com\/ru\/wp-json\/wp\/v2\/pages\/14\/revisions\/1591"}],"wp:attachment":[{"href":"https:\/\/www.inofermuar.com\/ru\/wp-json\/wp\/v2\/media?parent=14"}],"curies":[{"name":"wp","href":"https:\/\/api.w.org\/{rel}","templated":true}]}}