{"id":693,"date":"2020-07-26T17:03:20","date_gmt":"2020-07-26T17:03:20","guid":{"rendered":"http:\/\/www.inofermuar.com\/yeni\/?page_id=693"},"modified":"2026-02-11T11:57:20","modified_gmt":"2026-02-11T11:57:20","slug":"macali-elcikler","status":"publish","type":"page","link":"https:\/\/www.inofermuar.com\/en\/clips-pullers\/","title":{"rendered":"Pullers With Clips"},"content":{"rendered":"<h2>Ma\u00e7al\u0131 Elcikler<\/h2>\n<ul>\n<li>\n<p>        <img decoding=\"async\" src=\"\/wp-content\/uploads\/2020\/07\/EM001.jpg\" alt=\"\"><\/p>\n<h4>EM001<\/h4>\n<\/li>\n<li>\n<p>        <img decoding=\"async\" src=\"\/wp-content\/uploads\/2020\/07\/EM002.jpg\" alt=\"\"><\/p>\n<h4>EM002<\/h4>\n<\/li>\n<li>\n<p>        <img decoding=\"async\" src=\"\/wp-content\/uploads\/2020\/07\/EM003.jpg\" alt=\"\"><\/p>\n<h4>EM003<\/h4>\n<\/li>\n<li>\n<p>        <img decoding=\"async\" src=\"\/wp-content\/uploads\/2020\/07\/EM004.jpg\" alt=\"\"><\/p>\n<h4>EM004<\/h4>\n<\/li>\n<li>\n<p>        <img decoding=\"async\" src=\"\/wp-content\/uploads\/2020\/07\/EM005.jpg\" alt=\"\"><\/p>\n<h4>EM005<\/h4>\n<\/li>\n<li>\n<p>        <img decoding=\"async\" src=\"\/wp-content\/uploads\/2020\/07\/EM006.jpg\" alt=\"\"><\/p>\n<h4>EM006<\/h4>\n<\/li>\n<li>\n<p>        <img decoding=\"async\" src=\"\/wp-content\/uploads\/2020\/07\/EM007.jpg\" alt=\"\"><\/p>\n<h4>EM007<\/h4>\n<\/li>\n<li>\n<p>        <img decoding=\"async\" src=\"\/wp-content\/uploads\/2020\/07\/EM008.jpg\" alt=\"\"><\/p>\n<h4>EM008<\/h4>\n<\/li>\n<li>\n<p>        <img decoding=\"async\" src=\"\/wp-content\/uploads\/2020\/07\/EM009.jpg\" alt=\"\"><\/p>\n<h4>EM009<\/h4>\n<\/li>\n<li>\n<p>        <img decoding=\"async\" src=\"\/wp-content\/uploads\/2020\/07\/EM010.jpg\" alt=\"\"><\/p>\n<h4>EM010<\/h4>\n<\/li>\n<\/ul>\n<p><!--more--><br \/>\n<!-- {\"children\":[{\"type\":\"section\",\"props\":{\"style\":\"primary\",\"width\":\"default\",\"vertical_align\":\"middle\",\"title_position\":\"top-left\",\"title_rotation\":\"left\",\"title_breakpoint\":\"xl\",\"image_position\":\"center-center\",\"padding\":\"xsmall\",\"image\":\"wp-content\\\/uploads\\\/2020\\\/07\\\/6.png\",\"preserve_color\":true,\"text_color\":\"light\",\"image_size\":\"cover\"},\"children\":[{\"type\":\"row\",\"children\":[{\"type\":\"column\",\"props\":{\"image_position\":\"center-center\",\"media_overlay_gradient\":\"\",\"position_sticky_breakpoint\":\"m\"},\"children\":[{\"type\":\"headline\",\"props\":{\"title_element\":\"h2\",\"content\":\"Ma\\u00e7al\\u0131 Elcikler\",\"content_en_us\":\"Pullers With Clips\",\"content_ru_ru\":\"\\u041f\\u0443\\u043b\\u043b\\u0435\\u0440\\u044b \\u0437\\u0430\\u0436\\u0438\\u043c\\u043d\\u044b\\u0435, \\u043c\\u0435\\u0442\\u0430\\u043b\\u043b\\u0438\\u0447\\u0435\\u0441\\u043a\\u0438\\u0435\"}}]}]}],\"name\":\"ust\"},{\"type\":\"section\",\"props\":{\"style\":\"default\",\"width\":\"default\",\"vertical_align\":\"middle\",\"title_position\":\"top-left\",\"title_rotation\":\"left\",\"title_breakpoint\":\"xl\",\"image_position\":\"center-center\"},\"children\":[{\"type\":\"row\",\"children\":[{\"type\":\"column\",\"props\":{\"image_position\":\"center-center\",\"media_overlay_gradient\":\"\",\"position_sticky_breakpoint\":\"m\"},\"children\":[{\"type\":\"grid\",\"props\":{\"show_title\":true,\"show_meta\":true,\"show_content\":false,\"show_image\":true,\"show_link\":true,\"grid_default\":\"3\",\"grid_medium\":\"6\",\"filter_style\":\"tab\",\"filter_all\":true,\"filter_position\":\"top\",\"filter_align\":\"left\",\"filter_grid_width\":\"auto\",\"filter_grid_breakpoint\":\"m\",\"title_hover_style\":\"reset\",\"title_element\":\"h4\",\"title_align\":\"top\",\"title_grid_width\":\"1-2\",\"title_grid_breakpoint\":\"m\",\"meta_style\":\"text-meta\",\"meta_align\":\"below-title\",\"content_column_breakpoint\":\"m\",\"icon_width\":80,\"image_align\":\"top\",\"image_grid_width\":\"1-2\",\"image_grid_breakpoint\":\"m\",\"image_svg_color\":\"emphasis\",\"link_text\":\"\",\"link_style\":\"default\",\"margin\":\"default\",\"item_animation\":true,\"grid_large\":\"6\",\"grid_xlarge\":\"6\",\"text_align\":\"center\",\"image_border\":\"rounded\",\"panel_style\":\"card-default\",\"item_maxwidth\":\"2xlarge\",\"panel_link\":true,\"grid_masonry\":false,\"title_style\":\"h5\",\"image_link\":true,\"image_svg_inline\":false,\"grid_small\":\"3\",\"lightbox\":true,\"panel_image_no_padding\":true,\"panel_padding\":\"small\",\"parallax_easing\":\"1\",\"meta_element\":\"div\"},\"children\":[{\"type\":\"grid_item\",\"props\":{\"title\":\"EM001\",\"image\":\"wp-content\\\/uploads\\\/2020\\\/07\\\/EM001.jpg\"}},{\"type\":\"grid_item\",\"props\":{\"title\":\"EM002\",\"image\":\"wp-content\\\/uploads\\\/2020\\\/07\\\/EM002.jpg\"}},{\"type\":\"grid_item\",\"props\":{\"title\":\"EM003\",\"image\":\"wp-content\\\/uploads\\\/2020\\\/07\\\/EM003.jpg\"}},{\"type\":\"grid_item\",\"props\":{\"title\":\"EM004\",\"image\":\"wp-content\\\/uploads\\\/2020\\\/07\\\/EM004.jpg\"}},{\"type\":\"grid_item\",\"props\":{\"title\":\"EM005\",\"image\":\"wp-content\\\/uploads\\\/2020\\\/07\\\/EM005.jpg\"}},{\"type\":\"grid_item\",\"props\":{\"title\":\"EM006\",\"image\":\"wp-content\\\/uploads\\\/2020\\\/07\\\/EM006.jpg\"}},{\"type\":\"grid_item\",\"props\":{\"title\":\"EM007\",\"image\":\"wp-content\\\/uploads\\\/2020\\\/07\\\/EM007.jpg\"}},{\"type\":\"grid_item\",\"props\":{\"title\":\"EM008\",\"image\":\"wp-content\\\/uploads\\\/2020\\\/07\\\/EM008.jpg\"}},{\"type\":\"grid_item\",\"props\":{\"title\":\"EM009\",\"image\":\"wp-content\\\/uploads\\\/2020\\\/07\\\/EM009.jpg\"}},{\"type\":\"grid_item\",\"props\":{\"title\":\"EM010\",\"image\":\"wp-content\\\/uploads\\\/2020\\\/07\\\/EM010.jpg\"}}],\"name\":\"galeri\"}]}]}]}],\"version\":\"3.0.9\",\"type\":\"layout\"} --><\/p>\n","protected":false},"excerpt":{"rendered":"<p>Ma\u00e7al\u0131 Elcikler EM001 EM002 EM003 EM004 EM005 EM006 EM007 EM008 EM009 EM010<\/p>\n","protected":false},"author":1,"featured_media":0,"parent":0,"menu_order":0,"comment_status":"closed","ping_status":"closed","template":"","meta":{"_joinchat":[]},"yoast_head":"<!-- This site is optimized with the Yoast SEO plugin v19.10 - https:\/\/yoast.com\/wordpress\/plugins\/seo\/ -->\n<title>Pullers With Clips<\/title>\n<meta name=\"robots\" content=\"index, follow, max-snippet:-1, max-image-preview:large, max-video-preview:-1\" \/>\n<meta property=\"og:locale\" content=\"en_US\" \/>\n<meta property=\"og:type\" content=\"article\" \/>\n<meta property=\"og:title\" content=\"Pullers With Clips\" \/>\n<meta property=\"og:url\" content=\"https:\/\/www.inofermuar.com\/en\/clips-pullers\/\" \/>\n<meta property=\"og:site_name\" content=\"\u0130NO Fermuar\" \/>\n<meta property=\"article:publisher\" content=\"https:\/\/facebook.com\/inofermuar\" \/>\n<meta property=\"article:modified_time\" content=\"2026-02-11T11:57:20+00:00\" \/>\n<meta name=\"twitter:card\" content=\"summary_large_image\" \/>\n<meta name=\"twitter:site\" content=\"@inofermuar\" \/>\n<script type=\"application\/ld+json\" class=\"yoast-schema-graph\">{\"@context\":\"https:\/\/schema.org\",\"@graph\":[{\"@type\":\"WebPage\",\"@id\":\"https:\/\/www.inofermuar.com\/en\/clips-pullers\/\",\"url\":\"https:\/\/www.inofermuar.com\/en\/clips-pullers\/\",\"name\":\"Ma\u00e7al\u0131 Elcikler - \u0130NO Fermuar\",\"isPartOf\":{\"@id\":\"https:\/\/www.inofermuar.com\/#website\"},\"datePublished\":\"2020-07-26T17:03:20+00:00\",\"dateModified\":\"2026-02-11T11:57:20+00:00\",\"breadcrumb\":{\"@id\":\"https:\/\/www.inofermuar.com\/en\/clips-pullers\/#breadcrumb\"},\"inLanguage\":\"en-US\",\"potentialAction\":[{\"@type\":\"ReadAction\",\"target\":[\"https:\/\/www.inofermuar.com\/en\/clips-pullers\/\"]}]},{\"@type\":\"BreadcrumbList\",\"@id\":\"https:\/\/www.inofermuar.com\/en\/clips-pullers\/#breadcrumb\",\"itemListElement\":[{\"@type\":\"ListItem\",\"position\":1,\"name\":\"Main Page\",\"item\":\"https:\/\/www.inofermuar.com\/\"},{\"@type\":\"ListItem\",\"position\":2,\"name\":\"Pullers With Clips\"}]},{\"@type\":\"WebSite\",\"@id\":\"https:\/\/www.inofermuar.com\/en\/#website\",\"url\":\"https:\/\/www.inofermuar.com\/en\/\",\"name\":\"\u0130NO Fermuar\",\"description\":\"Fermuar &Ccedil;e\u015fitleri ve Fermuar Modelleri\",\"publisher\":{\"@id\":\"https:\/\/www.inofermuar.com\/en\/#organization\"},\"potentialAction\":[{\"@type\":\"SearchAction\",\"target\":{\"@type\":\"EntryPoint\",\"urlTemplate\":\"https:\/\/www.inofermuar.com\/en\/?s={search_term_string}\"},\"query-input\":\"required name=search_term_string\"}],\"inLanguage\":\"en-US\"},{\"@type\":\"Organization\",\"@id\":\"https:\/\/www.inofermuar.com\/en\/#organization\",\"name\":\"\u0130no Fermuar\",\"url\":\"https:\/\/www.inofermuar.com\/en\/\",\"logo\":{\"@type\":\"ImageObject\",\"inLanguage\":\"en-US\",\"@id\":\"https:\/\/www.inofermuar.com\/en\/#\/schema\/logo\/image\/\",\"url\":\"https:\/\/www.inofermuar.com\/wp-content\/uploads\/2020\/07\/normal_logo-2.png\",\"contentUrl\":\"https:\/\/www.inofermuar.com\/wp-content\/uploads\/2020\/07\/normal_logo-2.png\",\"width\":150,\"height\":83,\"caption\":\"\u0130no Fermuar\"},\"image\":{\"@id\":\"https:\/\/www.inofermuar.com\/en\/#\/schema\/logo\/image\/\"},\"sameAs\":[\"https:\/\/instagram.com\/inofermuar\",\"https:\/\/www.linkedin.com\/company\/inofermuar\/\",\"https:\/\/www.youtube.com\/channel\/UCFh3mdP_xsOQ-OBVD-bvMnA\",\"https:\/\/facebook.com\/inofermuar\",\"https:\/\/twitter.com\/inofermuar\"]}]}<\/script>\n<!-- \/ Yoast SEO plugin. -->","yoast_head_json":{"title":"Pullers With Clips","robots":{"index":"index","follow":"follow","max-snippet":"max-snippet:-1","max-image-preview":"max-image-preview:large","max-video-preview":"max-video-preview:-1"},"og_locale":"en_US","og_type":"article","og_title":"Pullers With Clips","og_url":"https:\/\/www.inofermuar.com\/en\/clips-pullers\/","og_site_name":"\u0130NO Fermuar","article_publisher":"https:\/\/facebook.com\/inofermuar","article_modified_time":"2026-02-11T11:57:20+00:00","twitter_card":"summary_large_image","twitter_site":"@inofermuar","schema":{"@context":"https:\/\/schema.org","@graph":[{"@type":"WebPage","@id":"https:\/\/www.inofermuar.com\/en\/clips-pullers\/","url":"https:\/\/www.inofermuar.com\/en\/clips-pullers\/","name":"Ma\u00e7al\u0131 Elcikler - \u0130NO Fermuar","isPartOf":{"@id":"https:\/\/www.inofermuar.com\/#website"},"datePublished":"2020-07-26T17:03:20+00:00","dateModified":"2026-02-11T11:57:20+00:00","breadcrumb":{"@id":"https:\/\/www.inofermuar.com\/en\/clips-pullers\/#breadcrumb"},"inLanguage":"en-US","potentialAction":[{"@type":"ReadAction","target":["https:\/\/www.inofermuar.com\/en\/clips-pullers\/"]}]},{"@type":"BreadcrumbList","@id":"https:\/\/www.inofermuar.com\/en\/clips-pullers\/#breadcrumb","itemListElement":[{"@type":"ListItem","position":1,"name":"Main Page","item":"https:\/\/www.inofermuar.com\/"},{"@type":"ListItem","position":2,"name":"Pullers With Clips"}]},{"@type":"WebSite","@id":"https:\/\/www.inofermuar.com\/en\/#website","url":"https:\/\/www.inofermuar.com\/en\/","name":"\u0130NO Fermuar","description":"Fermuar &Ccedil;e\u015fitleri ve Fermuar Modelleri","publisher":{"@id":"https:\/\/www.inofermuar.com\/en\/#organization"},"potentialAction":[{"@type":"SearchAction","target":{"@type":"EntryPoint","urlTemplate":"https:\/\/www.inofermuar.com\/en\/?s={search_term_string}"},"query-input":"required name=search_term_string"}],"inLanguage":"en-US"},{"@type":"Organization","@id":"https:\/\/www.inofermuar.com\/en\/#organization","name":"\u0130no Fermuar","url":"https:\/\/www.inofermuar.com\/en\/","logo":{"@type":"ImageObject","inLanguage":"en-US","@id":"https:\/\/www.inofermuar.com\/en\/#\/schema\/logo\/image\/","url":"https:\/\/www.inofermuar.com\/wp-content\/uploads\/2020\/07\/normal_logo-2.png","contentUrl":"https:\/\/www.inofermuar.com\/wp-content\/uploads\/2020\/07\/normal_logo-2.png","width":150,"height":83,"caption":"\u0130no Fermuar"},"image":{"@id":"https:\/\/www.inofermuar.com\/en\/#\/schema\/logo\/image\/"},"sameAs":["https:\/\/instagram.com\/inofermuar","https:\/\/www.linkedin.com\/company\/inofermuar\/","https:\/\/www.youtube.com\/channel\/UCFh3mdP_xsOQ-OBVD-bvMnA","https:\/\/facebook.com\/inofermuar","https:\/\/twitter.com\/inofermuar"]}]}},"_links":{"self":[{"href":"https:\/\/www.inofermuar.com\/en\/wp-json\/wp\/v2\/pages\/693"}],"collection":[{"href":"https:\/\/www.inofermuar.com\/en\/wp-json\/wp\/v2\/pages"}],"about":[{"href":"https:\/\/www.inofermuar.com\/en\/wp-json\/wp\/v2\/types\/page"}],"author":[{"embeddable":true,"href":"https:\/\/www.inofermuar.com\/en\/wp-json\/wp\/v2\/users\/1"}],"replies":[{"embeddable":true,"href":"https:\/\/www.inofermuar.com\/en\/wp-json\/wp\/v2\/comments?post=693"}],"version-history":[{"count":4,"href":"https:\/\/www.inofermuar.com\/en\/wp-json\/wp\/v2\/pages\/693\/revisions"}],"predecessor-version":[{"id":1678,"href":"https:\/\/www.inofermuar.com\/en\/wp-json\/wp\/v2\/pages\/693\/revisions\/1678"}],"wp:attachment":[{"href":"https:\/\/www.inofermuar.com\/en\/wp-json\/wp\/v2\/media?parent=693"}],"curies":[{"name":"wp","href":"https:\/\/api.w.org\/{rel}","templated":true}]}}