{"id":59,"date":"2020-07-02T11:45:20","date_gmt":"2020-07-02T11:45:20","guid":{"rendered":"http:\/\/www.inofermuar.com\/yeni\/?page_id=59"},"modified":"2026-02-10T20:57:15","modified_gmt":"2026-02-10T20:57:15","slug":"fermuar","status":"publish","type":"page","link":"https:\/\/www.inofermuar.com\/en\/zipper-types\/","title":{"rendered":"Zipper Types"},"content":{"rendered":"<h2>Fermuar Hakk\u0131nda<\/h2>\n<h1>Fermuar Tipleri<\/h1>\n<ul>\n<li>\n<p>        <img decoding=\"async\" src=\"\/wp-content\/uploads\/2020\/07\/zipper_types_standart_chain.jpg\" alt=\"\"><\/p>\n<h4>Zincir<\/h4>\n<p>Standart fermuar zinciri<\/p>\n<\/li>\n<li>\n<p>        <img decoding=\"async\" src=\"\/wp-content\/uploads\/2020\/07\/zipper_types_close_end_zipper.jpg\" alt=\"\"><\/p>\n<h4>Dipli<\/h4>\n<p>\u00c7antalar, uyku tulumlar\u0131, ayakkab\u0131lar v.b.<\/p>\n<\/li>\n<li>\n<p>        <img decoding=\"async\" src=\"\/wp-content\/uploads\/2020\/07\/zipper_types_open_end_zipper.jpg\" alt=\"\"><\/p>\n<h4>Separe<\/h4>\n<p>Mont, kaban, etek, \u00e7anta, ayakkab\u0131, sweatshirt v.b.<\/p>\n<\/li>\n<li>\n<p>        <img decoding=\"async\" src=\"\/wp-content\/uploads\/2020\/07\/zipper_types_two-ways-open-zipper.jpg\" alt=\"\"><\/p>\n<h4>Kombi<\/h4>\n<p>Elbise, deri ceket, pantolon, cepler<\/p>\n<\/li>\n<li>\n<p>        <img decoding=\"async\" src=\"\/wp-content\/uploads\/2020\/07\/zipper_types_o-form-zipper.jpg\" alt=\"\"><\/p>\n<h4>O \u2013 fermuar<\/h4>\n<p>Yatak \u00f6rt\u00fcleri, bavullar, \u00e7antalar<\/p>\n<\/li>\n<li>\n<p>        <img decoding=\"async\" src=\"\/wp-content\/uploads\/2020\/07\/zipper_types_x-form-zipper.jpg\" alt=\"\"><\/p>\n<h4>X \u2013 fermuar<\/h4>\n<p>Tulumlar, i\u015f elbiseleri, kayak giysileri<\/p>\n<\/li>\n<li>\n<p>        <img decoding=\"async\" src=\"\/wp-content\/uploads\/2020\/07\/zipper_types_y-form-zipper.jpg\" alt=\"\"><\/p>\n<h4>Y \u2013 fermuar<\/h4>\n<p>\u0130\u015f elbiseleri, kayak giysileri<\/p>\n<\/li>\n<li>\n<p>        <img decoding=\"async\" src=\"\/wp-content\/uploads\/2020\/07\/zipper_types_double-combi-zipper.jpg\" alt=\"\"><\/p>\n<h4>Double Kombi<\/h4>\n<p>Montlar, kabanlar<\/p>\n<\/li>\n<\/ul>\n<h1>Fermuar\u0131n Boyu Nas\u0131l \u00d6l\u00e7\u00fcl\u00fcr?<\/h1>\n<div>Elinizdeki fermuar\u0131n cinsine g\u00f6re; a\u015fa\u011f\u0131da belirtilen i\u015faretli alanlar aras\u0131 mesafeyi \u00f6l\u00e7erek fermuar uzunlu\u011funu bulabilirsiniz.<\/div>\n<ul>\n<li>\n<p>        <img decoding=\"async\" src=\"\/wp-content\/uploads\/2020\/07\/measure_open_end-en.jpg\" alt=\"\"><\/p>\n<h4>Separe<\/h4>\n<\/li>\n<li>\n<p>        <img decoding=\"async\" src=\"\/wp-content\/uploads\/2020\/07\/measure_two_end-en.jpg\" alt=\"\"><\/p>\n<h4>Kombi<\/h4>\n<\/li>\n<li>\n<p>        <img decoding=\"async\" src=\"\/wp-content\/uploads\/2020\/07\/measure-closed-end-en.jpg\" alt=\"\"><\/p>\n<h4>Dipli<\/h4>\n<\/li>\n<\/ul>\n<h1>Fermuar\u0131n B\u00f6l\u00fcmleri<\/h1>\n<p><img decoding=\"async\" src=\"\/wp-content\/uploads\/2020\/07\/ino-fermuarin-bolumleri.jpg\" alt=\"\"><br \/>\n<img decoding=\"async\" src=\"\/wp-content\/uploads\/2020\/07\/ino-fermuar-kursor-parcalari.jpg\" alt=\"\"><br \/>\n<img decoding=\"async\" src=\"\/wp-content\/uploads\/2020\/07\/ino-separe-parcalar.jpg\" alt=\"\"><\/p>\n<p><!--more--><br \/>\n<!-- {\"children\":[{\"type\":\"section\",\"props\":{\"style\":\"primary\",\"width\":\"default\",\"vertical_align\":\"middle\",\"title_position\":\"top-left\",\"title_rotation\":\"left\",\"title_breakpoint\":\"xl\",\"image_position\":\"center-center\",\"padding\":\"xsmall\",\"image\":\"wp-content\\\/uploads\\\/2020\\\/07\\\/6.png\",\"preserve_color\":true,\"text_color\":\"light\",\"image_size\":\"cover\"},\"children\":[{\"type\":\"row\",\"children\":[{\"type\":\"column\",\"props\":{\"image_position\":\"center-center\",\"media_overlay_gradient\":\"\",\"position_sticky_breakpoint\":\"m\"},\"children\":[{\"type\":\"headline\",\"props\":{\"title_element\":\"h2\",\"content\":\"Fermuar Hakk\\u0131nda\",\"content_en_us\":\"About Textile Zippers\",\"content_ru_ru\":\"\\u0422\\u0438\\u043f\\u044b \\u0438 \\u043a\\u0430\\u0442\\u0435\\u0433\\u043e\\u0440\\u0438\\u0438 \\u0442\\u0435\\u043a\\u0441\\u0442\\u0438\\u043b\\u044c\\u043d\\u044b\\u0445 \\u043c\\u043e\\u043b\\u043d\\u0438\\u0439\"}}]}]}],\"name\":\"ust\"},{\"type\":\"section\",\"props\":{\"style\":\"default\",\"width\":\"default\",\"vertical_align\":\"middle\",\"title_position\":\"top-left\",\"title_rotation\":\"left\",\"title_breakpoint\":\"xl\",\"image_position\":\"center-center\"},\"children\":[{\"type\":\"row\",\"children\":[{\"type\":\"column\",\"props\":{\"image_position\":\"center-center\",\"media_overlay_gradient\":\"\",\"position_sticky_breakpoint\":\"m\"},\"children\":[{\"type\":\"headline\",\"props\":{\"title_element\":\"h1\",\"content\":\"Fermuar Tipleri\",\"text_align\":\"center\",\"content_en_us\":\"Type of Zipper\",\"content_ru_ru\":\"\\u0422\\u0438\\u043f\\u044b \\u041c\\u043e\\u043b\\u043d\\u0438\\u0439\"}},{\"type\":\"grid\",\"props\":{\"show_title\":true,\"show_meta\":true,\"show_content\":false,\"show_image\":true,\"show_link\":true,\"grid_default\":\"3\",\"grid_medium\":\"2\",\"filter_style\":\"tab\",\"filter_all\":true,\"filter_position\":\"top\",\"filter_align\":\"left\",\"filter_grid_width\":\"auto\",\"filter_grid_breakpoint\":\"m\",\"title_hover_style\":\"reset\",\"title_element\":\"h4\",\"title_align\":\"top\",\"title_grid_width\":\"1-2\",\"title_grid_breakpoint\":\"m\",\"meta_style\":\"text-meta\",\"meta_align\":\"below-title\",\"content_column_breakpoint\":\"m\",\"icon_width\":80,\"image_align\":\"top\",\"image_grid_width\":\"1-2\",\"image_grid_breakpoint\":\"m\",\"image_svg_color\":\"emphasis\",\"link_text\":\"\",\"link_style\":\"default\",\"margin\":\"default\",\"item_animation\":true,\"grid_large\":\"4\",\"grid_xlarge\":\"4\",\"text_align\":\"center\",\"image_border\":\"rounded\",\"item_maxwidth\":\"2xlarge\",\"panel_link\":false,\"grid_masonry\":false,\"title_style\":\"h5\",\"image_link\":true,\"image_svg_inline\":false,\"grid_small\":\"2\",\"lightbox\":true,\"panel_card_size\":\"small\",\"panel_image_no_padding\":true,\"parallax_easing\":\"1\",\"meta_element\":\"div\"},\"children\":[{\"type\":\"grid_item\",\"props\":{\"title\":\"Zincir\",\"image\":\"wp-content\\\/uploads\\\/2020\\\/07\\\/zipper_types_standart_chain.jpg\",\"meta\":\"Standart fermuar zinciri\",\"title_ru_ru\":\"\\u041d\\u0435\\u043f\\u0440\\u0435\\u0440\\u044b\\u0432\\u043d\\u0430\\u044f\",\"meta_ru_ru\":\" \",\"title_en_us\":\"Continuous in rolls\",\"meta_en_us\":\" \"}},{\"type\":\"grid_item\",\"props\":{\"title\":\"Dipli\",\"image\":\"wp-content\\\/uploads\\\/2020\\\/07\\\/zipper_types_close_end_zipper.jpg\",\"meta\":\"\\u00c7antalar, uyku tulumlar\\u0131, ayakkab\\u0131lar v.b.\",\"title_en_us\":\"Closed\",\"meta_en_us\":\" \",\"title_ru_ru\":\"\\u0417\\u0430\\u043a\\u0440\\u044b\\u0442\\u0430\\u044f, \\u043d\\u0435\\u0440\\u0430\\u0437\\u044a\\u0435\\u043c\\u043d\\u0430\\u044f\",\"meta_ru_ru\":\" \"}},{\"type\":\"grid_item\",\"props\":{\"title\":\"Separe\",\"image\":\"wp-content\\\/uploads\\\/2020\\\/07\\\/zipper_types_open_end_zipper.jpg\",\"meta\":\"Mont, kaban, etek, \\u00e7anta, ayakkab\\u0131, sweatshirt v.b.\",\"title_en_us\":\"Open-end\",\"title_ru_ru\":\"\\u0420\\u0430\\u0437\\u044a\\u0435\\u043c\\u043d\\u0430\\u044f\",\"meta_ru_ru\":\" \",\"meta_en_us\":\" \"}},{\"type\":\"grid_item\",\"props\":{\"title\":\"Kombi\",\"image\":\"wp-content\\\/uploads\\\/2020\\\/07\\\/zipper_types_two-ways-open-zipper.jpg\",\"meta\":\"Elbise, deri ceket, pantolon, cepler\",\"title_en_us\":\"Combi\",\"meta_en_us\":\" \",\"title_ru_ru\":\"\\u0420\\u0430\\u0437\\u044a\\u0435\\u043c\\u043d\\u0430\\u044f \\u0434\\u0432\\u0443\\u0445\\u0437\\u0430\\u043c\\u043a\\u043e\\u0432\\u0430\\u044f\",\"meta_ru_ru\":\" \"}},{\"type\":\"grid_item\",\"props\":{\"title\":\"O \\u2013 fermuar\",\"image\":\"wp-content\\\/uploads\\\/2020\\\/07\\\/zipper_types_o-form-zipper.jpg\",\"meta\":\"Yatak \\u00f6rt\\u00fcleri, bavullar, \\u00e7antalar\",\"title_en_us\":\"O-zipper\",\"meta_en_us\":\" \",\"title_ru_ru\":\"\\u041c\\u043e\\u043b\\u043d\\u0438\\u044f  \\u0442\\u0438\\u043f \\u041e\",\"meta_ru_ru\":\" \"}},{\"type\":\"grid_item\",\"props\":{\"title\":\"X \\u2013 fermuar\",\"image\":\"wp-content\\\/uploads\\\/2020\\\/07\\\/zipper_types_x-form-zipper.jpg\",\"meta\":\"Tulumlar, i\\u015f elbiseleri, kayak giysileri\",\"title_en_us\":\"Z-zipper\",\"meta_en_us\":\" \",\"title_ru_ru\":\"\\u041c\\u043e\\u043b\\u043d\\u0438\\u044f \\u0442\\u0438\\u043f \\u0425\",\"meta_ru_ru\":\" \"}},{\"type\":\"grid_item\",\"props\":{\"title\":\"Y \\u2013 fermuar\",\"image\":\"wp-content\\\/uploads\\\/2020\\\/07\\\/zipper_types_y-form-zipper.jpg\",\"meta\":\"\\u0130\\u015f elbiseleri, kayak giysileri\",\"title_en_us\":\"Y-zipper\",\"meta_en_us\":\" \",\"title_ru_ru\":\"\\u041c\\u043e\\u043b\\u043d\\u0438\\u044f \\u0442\\u0438\\u043f Y\",\"meta_ru_ru\":\" \"}},{\"type\":\"grid_item\",\"props\":{\"title\":\"Double Kombi\",\"image\":\"wp-content\\\/uploads\\\/2020\\\/07\\\/zipper_types_double-combi-zipper.jpg\",\"meta\":\"Montlar, kabanlar\",\"title_en_us\":\"Double Combi\",\"meta_en_us\":\"  \",\"title_ru_ru\":\"\\u0420\\u0430\\u0437\\u044a\\u0435\\u043c\\u043d\\u0430\\u044f \\u0434\\u0432\\u0443\\u0445\\u0437\\u0430\\u043c\\u043a\\u043e\\u0432\\u0430\\u044f \\u0434\\u0432\\u043e\\u0439\\u043d\\u0430\\u044f\",\"meta_ru_ru\":\" \"}}],\"name\":\"galeri\"}]}]}]},{\"type\":\"section\",\"props\":{\"style\":\"default\",\"width\":\"default\",\"vertical_align\":\"middle\",\"title_position\":\"top-left\",\"title_rotation\":\"left\",\"title_breakpoint\":\"xl\",\"image_position\":\"center-center\"},\"children\":[{\"type\":\"row\",\"children\":[{\"type\":\"column\",\"props\":{\"image_position\":\"center-center\",\"media_overlay_gradient\":\"\",\"position_sticky_breakpoint\":\"m\"},\"children\":[{\"type\":\"headline\",\"props\":{\"title_element\":\"h1\",\"content\":\"Fermuar\\u0131n Boyu Nas\\u0131l \\u00d6l\\u00e7\\u00fcl\\u00fcr?\",\"text_align\":\"center\",\"content_en_us\":\"How to measure zipper length?\",\"content_ru_ru\":\"\\u041a\\u0430\\u043a \\u0438\\u0437\\u043c\\u0435\\u0440\\u0438\\u0442\\u044c \\u0434\\u043b\\u0438\\u043d\\u0443 \\u043c\\u043e\\u043b\\u043d\\u0438\\u0438?\"}},{\"type\":\"text\",\"props\":{\"margin\":\"default\",\"column_breakpoint\":\"m\",\"content\":\"Elinizdeki fermuar\\u0131n cinsine g\\u00f6re; a\\u015fa\\u011f\\u0131da belirtilen i\\u015faretli alanlar aras\\u0131 mesafeyi \\u00f6l\\u00e7erek fermuar uzunlu\\u011funu bulabilirsiniz.\",\"text_align\":\"center\",\"content_en_us\":\"Depending on the type of zipper you have, you can determine the zipper length by measuring the distance between the marked areas below.\",\"content_ru_ru\":\"\\u0412 \\u0437\\u0430\\u0432\\u0438\\u0441\\u0438\\u043c\\u043e\\u0441\\u0442\\u0438 \\u043e\\u0442 \\u0442\\u0438\\u043f\\u0430 \\u043c\\u043e\\u043b\\u043d\\u0438\\u0438, \\u0432\\u044b \\u043c\\u043e\\u0436\\u0435\\u0442\\u0435 \\u043e\\u043f\\u0440\\u0435\\u0434\\u0435\\u043b\\u0438\\u0442\\u044c \\u0435\\u0435 \\u0434\\u043b\\u0438\\u043d\\u0443, \\u0438\\u0437\\u043c\\u0435\\u0440\\u0438\\u0432 \\u0440\\u0430\\u0441\\u0441\\u0442\\u043e\\u044f\\u043d\\u0438\\u0435 \\u043c\\u0435\\u0436\\u0434\\u0443 \\u043e\\u0442\\u043c\\u0435\\u0447\\u0435\\u043d\\u043d\\u044b\\u043c\\u0438  \\u043e\\u0431\\u043b\\u0430\\u0441\\u0442\\u044f\\u043c\\u0438 \\u043a\\u0430\\u043a \\u043f\\u043e\\u043a\\u0430\\u0437\\u0430\\u043d\\u043e \\u043d\\u0430 \\u0440\\u0438\\u0441\\u0443\\u043d\\u043a\\u0435 \\u043d\\u0438\\u0436\\u0435:\"}},{\"type\":\"grid\",\"props\":{\"show_title\":true,\"show_meta\":true,\"show_content\":false,\"show_image\":true,\"show_link\":true,\"grid_default\":\"3\",\"grid_medium\":\"2\",\"filter_style\":\"tab\",\"filter_all\":true,\"filter_position\":\"top\",\"filter_align\":\"left\",\"filter_grid_width\":\"auto\",\"filter_grid_breakpoint\":\"m\",\"title_hover_style\":\"reset\",\"title_element\":\"h4\",\"title_align\":\"top\",\"title_grid_width\":\"1-2\",\"title_grid_breakpoint\":\"m\",\"meta_style\":\"text-meta\",\"meta_align\":\"below-title\",\"content_column_breakpoint\":\"m\",\"icon_width\":80,\"image_align\":\"top\",\"image_grid_width\":\"1-2\",\"image_grid_breakpoint\":\"m\",\"image_svg_color\":\"emphasis\",\"link_text\":\"\",\"link_style\":\"default\",\"margin\":\"default\",\"item_animation\":true,\"grid_large\":\"3\",\"grid_xlarge\":\"3\",\"text_align\":\"center\",\"image_border\":\"rounded\",\"item_maxwidth\":\"2xlarge\",\"panel_link\":false,\"grid_masonry\":false,\"title_style\":\"h5\",\"image_link\":true,\"image_svg_inline\":false,\"grid_small\":\"2\",\"lightbox\":true,\"panel_card_size\":\"small\",\"panel_image_no_padding\":true,\"parallax_easing\":\"1\",\"meta_element\":\"div\"},\"children\":[{\"type\":\"grid_item\",\"props\":{\"title\":\"Separe\",\"image\":\"wp-content\\\/uploads\\\/2020\\\/07\\\/measure_open_end-en.jpg\",\"title_en_us\":\"Open-end\",\"title_ru_ru\":\"\\u0420\\u0430\\u0437\\u044a\\u0435\\u043c\\u043d\\u0430\\u044f\"}},{\"type\":\"grid_item\",\"props\":{\"title\":\"Kombi\",\"image\":\"wp-content\\\/uploads\\\/2020\\\/07\\\/measure_two_end-en.jpg\",\"title_en_us\":\"Combi\",\"title_ru_ru\":\"\\u0420\\u0430\\u0437\\u044a\\u0435\\u043c\\u043d\\u0430\\u044f \\u0434\\u0432\\u0443\\u0445\\u0437\\u0430\\u043c\\u043a\\u043e\\u0432\\u0430\\u044f\"}},{\"type\":\"grid_item\",\"props\":{\"title\":\"Dipli\",\"image\":\"wp-content\\\/uploads\\\/2020\\\/07\\\/measure-closed-end-en.jpg\",\"title_ru_ru\":\"\\u0417\\u0430\\u043a\\u0440\\u044b\\u0442\\u0430\\u044f, \\u043d\\u0435\\u0440\\u0430\\u0437\\u044a\\u0435\\u043c\\u043d\\u0430\\u044f\",\"title_en_us\":\"Closed\"}}],\"name\":\"galeri\"}]}]}]},{\"type\":\"section\",\"props\":{\"style\":\"default\",\"width\":\"default\",\"vertical_align\":\"middle\",\"title_position\":\"top-left\",\"title_rotation\":\"left\",\"title_breakpoint\":\"xl\",\"image_position\":\"center-center\"},\"children\":[{\"type\":\"row\",\"children\":[{\"type\":\"column\",\"props\":{\"image_position\":\"center-center\",\"media_overlay_gradient\":\"\",\"position_sticky_breakpoint\":\"m\"},\"children\":[{\"type\":\"headline\",\"props\":{\"title_element\":\"h1\",\"content\":\"Fermuar\\u0131n B\\u00f6l\\u00fcmleri\",\"text_align\":\"center\",\"content_en_us\":\"Parts of a Zipper\",\"content_ru_ru\":\"\\u0418\\u0437 \\u0447\\u0435\\u0433\\u043e \\u0441\\u043e\\u0441\\u0442\\u043e\\u0438\\u0442 \\u043c\\u043e\\u043b\\u043d\\u0438\\u044f \\u0437\\u0430\\u0441\\u0442\\u0435\\u0436\\u043a\\u0430\"}}]}]},{\"type\":\"row\",\"props\":{\"layout\":\"1-2,1-2\"},\"children\":[{\"type\":\"column\",\"props\":{\"image_position\":\"center-center\",\"media_overlay_gradient\":\"\",\"width_medium\":\"1-2\",\"position_sticky_breakpoint\":\"m\"},\"children\":[{\"type\":\"image\",\"props\":{\"margin\":\"default\",\"image_svg_color\":\"emphasis\",\"image\":\"wp-content\\\/uploads\\\/2020\\\/07\\\/ino-fermuarin-bolumleri.jpg\",\"text_align\":\"center\",\"image_en_us\":\"wp-content\\\/uploads\\\/2026\\\/02\\\/parts-of-zipper-en.jpg\",\"image_ru_ru\":\"wp-content\\\/uploads\\\/2026\\\/02\\\/parts-of-zipper-ru.jpg\"}}]},{\"type\":\"column\",\"props\":{\"image_position\":\"center-center\",\"media_overlay_gradient\":\"\",\"width_medium\":\"1-2\",\"position_sticky_breakpoint\":\"m\"},\"children\":[{\"type\":\"image\",\"props\":{\"margin\":\"default\",\"image_svg_color\":\"emphasis\",\"image\":\"wp-content\\\/uploads\\\/2020\\\/07\\\/ino-fermuar-kursor-parcalari.jpg\",\"text_align\":\"center\",\"image_en_us\":\"wp-content\\\/uploads\\\/2026\\\/02\\\/zipper-slider-parts-en.jpg\",\"image_ru_ru\":\"wp-content\\\/uploads\\\/2026\\\/02\\\/zipper-slider-parts-ru.jpg\"}},{\"type\":\"image\",\"props\":{\"margin\":\"default\",\"image_svg_color\":\"emphasis\",\"image\":\"wp-content\\\/uploads\\\/2020\\\/07\\\/ino-separe-parcalar.jpg\",\"text_align\":\"center\",\"image_en_us\":\"wp-content\\\/uploads\\\/2026\\\/02\\\/ino-open-end-parts-en.jpg\",\"image_ru_ru\":\"wp-content\\\/uploads\\\/2026\\\/02\\\/ino-open-end-parts-ru.jpg\"}}]}]}]}],\"version\":\"3.0.9\",\"type\":\"layout\"} --><\/p>\n","protected":false},"excerpt":{"rendered":"<p>Fermuar Hakk\u0131nda Fermuar Tipleri Zincir Standart fermuar zinciri Dipli \u00c7antalar, uyku tulumlar\u0131, ayakkab\u0131lar v.b. Separe Mont, kaban, etek, \u00e7anta, ayakkab\u0131, sweatshirt v.b. Kombi Elbise, deri ceket, pantolon, cepler O \u2013 fermuar Yatak \u00f6rt\u00fcleri, bavullar, \u00e7antalar X \u2013 fermuar Tulumlar, i\u015f elbiseleri, kayak giysileri Y \u2013 fermuar \u0130\u015f elbiseleri, kayak giysileri Double Kombi Montlar, kabanlar Fermuar\u0131n [&hellip;]<\/p>\n","protected":false},"author":1,"featured_media":0,"parent":0,"menu_order":0,"comment_status":"closed","ping_status":"closed","template":"","meta":{"_joinchat":[]},"yoast_head":"<!-- This site is optimized with the Yoast SEO plugin v19.10 - https:\/\/yoast.com\/wordpress\/plugins\/seo\/ -->\n<title>Zipper Types<\/title>\n<meta name=\"robots\" content=\"index, follow, max-snippet:-1, max-image-preview:large, max-video-preview:-1\" \/>\n<meta property=\"og:locale\" content=\"en_US\" \/>\n<meta property=\"og:type\" content=\"article\" \/>\n<meta property=\"og:title\" content=\"Zipper Types\" \/>\n<meta property=\"og:url\" content=\"https:\/\/www.inofermuar.com\/en\/zipper-types\/\" \/>\n<meta property=\"og:site_name\" content=\"\u0130NO Fermuar\" \/>\n<meta property=\"article:publisher\" content=\"https:\/\/facebook.com\/inofermuar\" \/>\n<meta property=\"article:modified_time\" content=\"2026-02-10T20:57:15+00:00\" \/>\n<meta name=\"twitter:card\" content=\"summary_large_image\" \/>\n<meta name=\"twitter:site\" content=\"@inofermuar\" \/>\n<script type=\"application\/ld+json\" class=\"yoast-schema-graph\">{\"@context\":\"https:\/\/schema.org\",\"@graph\":[{\"@type\":\"WebPage\",\"@id\":\"https:\/\/www.inofermuar.com\/en\/zipper-types\/\",\"url\":\"https:\/\/www.inofermuar.com\/en\/zipper-types\/\",\"name\":\"Fermuar - \u0130NO Fermuar\",\"isPartOf\":{\"@id\":\"https:\/\/www.inofermuar.com\/#website\"},\"datePublished\":\"2020-07-02T11:45:20+00:00\",\"dateModified\":\"2026-02-10T20:57:15+00:00\",\"breadcrumb\":{\"@id\":\"https:\/\/www.inofermuar.com\/en\/zipper-types\/#breadcrumb\"},\"inLanguage\":\"en-US\",\"potentialAction\":[{\"@type\":\"ReadAction\",\"target\":[\"https:\/\/www.inofermuar.com\/en\/zipper-types\/\"]}]},{\"@type\":\"BreadcrumbList\",\"@id\":\"https:\/\/www.inofermuar.com\/en\/zipper-types\/#breadcrumb\",\"itemListElement\":[{\"@type\":\"ListItem\",\"position\":1,\"name\":\"Main Page\",\"item\":\"https:\/\/www.inofermuar.com\/\"},{\"@type\":\"ListItem\",\"position\":2,\"name\":\"Zipper Types\"}]},{\"@type\":\"WebSite\",\"@id\":\"https:\/\/www.inofermuar.com\/en\/#website\",\"url\":\"https:\/\/www.inofermuar.com\/en\/\",\"name\":\"\u0130NO Fermuar\",\"description\":\"Fermuar &Ccedil;e\u015fitleri ve Fermuar Modelleri\",\"publisher\":{\"@id\":\"https:\/\/www.inofermuar.com\/en\/#organization\"},\"potentialAction\":[{\"@type\":\"SearchAction\",\"target\":{\"@type\":\"EntryPoint\",\"urlTemplate\":\"https:\/\/www.inofermuar.com\/en\/?s={search_term_string}\"},\"query-input\":\"required name=search_term_string\"}],\"inLanguage\":\"en-US\"},{\"@type\":\"Organization\",\"@id\":\"https:\/\/www.inofermuar.com\/en\/#organization\",\"name\":\"\u0130no Fermuar\",\"url\":\"https:\/\/www.inofermuar.com\/en\/\",\"logo\":{\"@type\":\"ImageObject\",\"inLanguage\":\"en-US\",\"@id\":\"https:\/\/www.inofermuar.com\/en\/#\/schema\/logo\/image\/\",\"url\":\"https:\/\/www.inofermuar.com\/wp-content\/uploads\/2020\/07\/normal_logo-2.png\",\"contentUrl\":\"https:\/\/www.inofermuar.com\/wp-content\/uploads\/2020\/07\/normal_logo-2.png\",\"width\":150,\"height\":83,\"caption\":\"\u0130no Fermuar\"},\"image\":{\"@id\":\"https:\/\/www.inofermuar.com\/en\/#\/schema\/logo\/image\/\"},\"sameAs\":[\"https:\/\/instagram.com\/inofermuar\",\"https:\/\/www.linkedin.com\/company\/inofermuar\/\",\"https:\/\/www.youtube.com\/channel\/UCFh3mdP_xsOQ-OBVD-bvMnA\",\"https:\/\/facebook.com\/inofermuar\",\"https:\/\/twitter.com\/inofermuar\"]}]}<\/script>\n<!-- \/ Yoast SEO plugin. -->","yoast_head_json":{"title":"Zipper Types","robots":{"index":"index","follow":"follow","max-snippet":"max-snippet:-1","max-image-preview":"max-image-preview:large","max-video-preview":"max-video-preview:-1"},"og_locale":"en_US","og_type":"article","og_title":"Zipper Types","og_url":"https:\/\/www.inofermuar.com\/en\/zipper-types\/","og_site_name":"\u0130NO Fermuar","article_publisher":"https:\/\/facebook.com\/inofermuar","article_modified_time":"2026-02-10T20:57:15+00:00","twitter_card":"summary_large_image","twitter_site":"@inofermuar","schema":{"@context":"https:\/\/schema.org","@graph":[{"@type":"WebPage","@id":"https:\/\/www.inofermuar.com\/en\/zipper-types\/","url":"https:\/\/www.inofermuar.com\/en\/zipper-types\/","name":"Fermuar - \u0130NO Fermuar","isPartOf":{"@id":"https:\/\/www.inofermuar.com\/#website"},"datePublished":"2020-07-02T11:45:20+00:00","dateModified":"2026-02-10T20:57:15+00:00","breadcrumb":{"@id":"https:\/\/www.inofermuar.com\/en\/zipper-types\/#breadcrumb"},"inLanguage":"en-US","potentialAction":[{"@type":"ReadAction","target":["https:\/\/www.inofermuar.com\/en\/zipper-types\/"]}]},{"@type":"BreadcrumbList","@id":"https:\/\/www.inofermuar.com\/en\/zipper-types\/#breadcrumb","itemListElement":[{"@type":"ListItem","position":1,"name":"Main Page","item":"https:\/\/www.inofermuar.com\/"},{"@type":"ListItem","position":2,"name":"Zipper Types"}]},{"@type":"WebSite","@id":"https:\/\/www.inofermuar.com\/en\/#website","url":"https:\/\/www.inofermuar.com\/en\/","name":"\u0130NO Fermuar","description":"Fermuar &Ccedil;e\u015fitleri ve Fermuar Modelleri","publisher":{"@id":"https:\/\/www.inofermuar.com\/en\/#organization"},"potentialAction":[{"@type":"SearchAction","target":{"@type":"EntryPoint","urlTemplate":"https:\/\/www.inofermuar.com\/en\/?s={search_term_string}"},"query-input":"required name=search_term_string"}],"inLanguage":"en-US"},{"@type":"Organization","@id":"https:\/\/www.inofermuar.com\/en\/#organization","name":"\u0130no Fermuar","url":"https:\/\/www.inofermuar.com\/en\/","logo":{"@type":"ImageObject","inLanguage":"en-US","@id":"https:\/\/www.inofermuar.com\/en\/#\/schema\/logo\/image\/","url":"https:\/\/www.inofermuar.com\/wp-content\/uploads\/2020\/07\/normal_logo-2.png","contentUrl":"https:\/\/www.inofermuar.com\/wp-content\/uploads\/2020\/07\/normal_logo-2.png","width":150,"height":83,"caption":"\u0130no Fermuar"},"image":{"@id":"https:\/\/www.inofermuar.com\/en\/#\/schema\/logo\/image\/"},"sameAs":["https:\/\/instagram.com\/inofermuar","https:\/\/www.linkedin.com\/company\/inofermuar\/","https:\/\/www.youtube.com\/channel\/UCFh3mdP_xsOQ-OBVD-bvMnA","https:\/\/facebook.com\/inofermuar","https:\/\/twitter.com\/inofermuar"]}]}},"_links":{"self":[{"href":"https:\/\/www.inofermuar.com\/en\/wp-json\/wp\/v2\/pages\/59"}],"collection":[{"href":"https:\/\/www.inofermuar.com\/en\/wp-json\/wp\/v2\/pages"}],"about":[{"href":"https:\/\/www.inofermuar.com\/en\/wp-json\/wp\/v2\/types\/page"}],"author":[{"embeddable":true,"href":"https:\/\/www.inofermuar.com\/en\/wp-json\/wp\/v2\/users\/1"}],"replies":[{"embeddable":true,"href":"https:\/\/www.inofermuar.com\/en\/wp-json\/wp\/v2\/comments?post=59"}],"version-history":[{"count":59,"href":"https:\/\/www.inofermuar.com\/en\/wp-json\/wp\/v2\/pages\/59\/revisions"}],"predecessor-version":[{"id":1586,"href":"https:\/\/www.inofermuar.com\/en\/wp-json\/wp\/v2\/pages\/59\/revisions\/1586"}],"wp:attachment":[{"href":"https:\/\/www.inofermuar.com\/en\/wp-json\/wp\/v2\/media?parent=59"}],"curies":[{"name":"wp","href":"https:\/\/api.w.org\/{rel}","templated":true}]}}