{"id":24,"date":"2020-07-02T11:42:30","date_gmt":"2020-07-02T11:42:30","guid":{"rendered":"http:\/\/www.inofermuar.com\/yeni\/?page_id=24"},"modified":"2020-07-26T16:02:40","modified_gmt":"2020-07-26T16:02:40","slug":"serit","status":"publish","type":"page","link":"https:\/\/www.inofermuar.com\/en\/tapes\/","title":{"rendered":"Tapes"},"content":{"rendered":"<h2>\u015eeritler<\/h2>\n<div>\n<div>\n<p>M\u00fc\u015fteri talebi do\u011frultusunda pek \u00e7ok farkl\u0131 desen ve renkte fermuar \u015feridini kendi b\u00fcnyemizde bulunan dokumahanemizde \u00fcretiyor, yine kendi boyahanemizde boyama i\u015flemlerini ger\u00e7ekle\u015ftiriyoruz.<\/p>\n<p>A\u015fa\u011f\u0131da, \u00fcretmi\u015f oldu\u011fumuz fermuar \u015feritlerinden \u00f6rnekler bulabilirsiniz.<\/p>\n<\/div>\n<\/div>\n<h1>Jeans<\/h1>\n<ul>\n<li>\n<p>        <img decoding=\"async\" src=\"\/yeni\/wp-content\/uploads\/2020\/07\/pamuk_indigo_blue.jpg\" alt=\"\"><\/p>\n<h4>Pamuk indigo blue<\/h4>\n<\/li>\n<li>\n<p>        <img decoding=\"async\" src=\"\/yeni\/wp-content\/uploads\/2020\/07\/pamuk_indigo_cizgili.jpg\" alt=\"\"><\/p>\n<h4>Pamuk indigo cizgili<\/h4>\n<\/li>\n<li>\n<p>        <img decoding=\"async\" src=\"\/yeni\/wp-content\/uploads\/2020\/07\/pamuk-indigo-dark-blue.jpg\" alt=\"\"><\/p>\n<h4>Pamuk indigo dark blue<\/h4>\n<\/li>\n<li>\n<p>        <img decoding=\"async\" src=\"\/yeni\/wp-content\/uploads\/2020\/07\/polyester-indigo.jpg\" alt=\"\"><\/p>\n<h4>Polyester indigo<\/h4>\n<\/li>\n<li>\n<p>        <img decoding=\"async\" src=\"\/yeni\/wp-content\/uploads\/2020\/07\/polyester-indigo-fitil-beyaz.jpg\" alt=\"\"><\/p>\n<h4>Polyester indigo (beyaz fitil)<\/h4>\n<\/li>\n<li>\n<p>        <img decoding=\"async\" src=\"\/yeni\/wp-content\/uploads\/2020\/07\/gumus_sim_indigo_pamul.jpg\" alt=\"\"><\/p>\n<h4>G\u00fcm\u00fc\u015f simli indigo pamuk<\/h4>\n<\/li>\n<\/ul>\n<h1>Simli<\/h1>\n<ul>\n<li>\n<p>        <img decoding=\"async\" src=\"\/yeni\/wp-content\/uploads\/2020\/07\/altin_sim_ekru.jpg\" alt=\"\"><\/p>\n<h4>Alt\u0131n sim (ekru)<\/h4>\n<\/li>\n<li>\n<p>        <img decoding=\"async\" src=\"\/yeni\/wp-content\/uploads\/2020\/07\/gumus_sim_ekru.jpg\" alt=\"\"><\/p>\n<h4>G\u00fcm\u00fc\u015f sim (ekru)<\/h4>\n<\/li>\n<li>\n<p>        <img decoding=\"async\" src=\"\/yeni\/wp-content\/uploads\/2020\/07\/gumus_sim_siyah.jpg\" alt=\"\"><\/p>\n<h4>G\u00fcm\u00fc\u015f sim (siyah)<\/h4>\n<\/li>\n<li>\n<p>        <img decoding=\"async\" src=\"\/yeni\/wp-content\/uploads\/2020\/07\/antik_sim_siyah.jpg\" alt=\"\"><\/p>\n<h4>Antik sim (siyah)<\/h4>\n<\/li>\n<li>\n<p>        <img decoding=\"async\" src=\"\/yeni\/wp-content\/uploads\/2020\/07\/bakir_sim_siyah.jpg\" alt=\"\"><\/p>\n<h4>Bakir sim (siyah)<\/h4>\n<\/li>\n<\/ul>\n<h1>Su ge\u00e7irmez<\/h1>\n<ul>\n<li>\n<p>        <img decoding=\"async\" src=\"\/yeni\/wp-content\/uploads\/2020\/07\/ino_su_gecirmez_baskili_01.jpg\" alt=\"\"><\/p>\n<h4>Su ge\u00e7irmez 01 (bask\u0131l\u0131)<\/h4>\n<\/li>\n<li>\n<p>        <img decoding=\"async\" src=\"\/yeni\/wp-content\/uploads\/2020\/07\/ino_su_gecirmez_baskili_02.jpg\" alt=\"\"><\/p>\n<h4>Su ge\u00e7irmez 02 (bask\u0131l\u0131)<\/h4>\n<\/li>\n<\/ul>\n<h1>Leopar<\/h1>\n<ul>\n<li>\n<p>        <img decoding=\"async\" src=\"\/yeni\/wp-content\/uploads\/2020\/07\/ino_ozel_leopar_01.jpg\" alt=\"\"><\/p>\n<h4>Leopar 01<\/h4>\n<\/li>\n<li>\n<p>        <img decoding=\"async\" src=\"\/yeni\/wp-content\/uploads\/2020\/07\/ino_ozel_leopar_02.jpg\" alt=\"\"><\/p>\n<h4>Leopar 02<\/h4>\n<\/li>\n<li>\n<p>        <img decoding=\"async\" src=\"\/yeni\/wp-content\/uploads\/2020\/07\/ino_ozel_leopar_03.jpg\" alt=\"\"><\/p>\n<h4>Leopar 03<\/h4>\n<\/li>\n<\/ul>\n<h1>\u00d6zel \u015feritler<\/h1>\n<ul>\n<li>\n<p>        <img decoding=\"async\" src=\"\/yeni\/wp-content\/uploads\/2020\/07\/saten.jpg\" alt=\"\"><\/p>\n<h4>Saten<\/h4>\n<\/li>\n<li>\n<p>        <img decoding=\"async\" src=\"\/yeni\/wp-content\/uploads\/2020\/07\/pamuk.jpg\" alt=\"\"><\/p>\n<h4>Pamuk (ham)<\/h4>\n<\/li>\n<li>\n<p>        <img decoding=\"async\" src=\"\/yeni\/wp-content\/uploads\/2020\/07\/ino_ozel_thick_serit.jpg\" alt=\"\"><\/p>\n<h4>Thick (kal\u0131n)<\/h4>\n<\/li>\n<li>\n<p>        <img decoding=\"async\" src=\"\/yeni\/wp-content\/uploads\/2020\/07\/inox_desen.jpg\" alt=\"\"><\/p>\n<h4>Inox desen<\/h4>\n<\/li>\n<li>\n<p>        <img decoding=\"async\" src=\"\/yeni\/wp-content\/uploads\/2020\/07\/ino_exclusive_desen.jpg\" alt=\"\"><\/p>\n<h4>Inox Exclusive desen<\/h4>\n<\/li>\n<li>\n<p>        <img decoding=\"async\" src=\"\/yeni\/wp-content\/uploads\/2020\/07\/ino_ozel_01.jpg\" alt=\"\"><\/p>\n<h4>Ino ozel 01<\/h4>\n<\/li>\n<li>\n<p>        <img decoding=\"async\" src=\"\/yeni\/wp-content\/uploads\/2020\/07\/ino_ozel_02.jpg\" alt=\"\"><\/p>\n<h4>Ino ozel 02<\/h4>\n<\/li>\n<li>\n<p>        <img decoding=\"async\" src=\"\/yeni\/wp-content\/uploads\/2020\/07\/ino_ozel_03.jpg\" alt=\"\"><\/p>\n<h4>Ino ozel 03<\/h4>\n<\/li>\n<li>\n<p>        <img decoding=\"async\" src=\"\/yeni\/wp-content\/uploads\/2020\/07\/ino_ozel_04.jpg\" alt=\"\"><\/p>\n<h4>Ino ozel 04<\/h4>\n<\/li>\n<li>\n<p>        <img decoding=\"async\" src=\"\/yeni\/wp-content\/uploads\/2020\/07\/ino_ozel_05.jpg\" alt=\"\"><\/p>\n<h4>Ino ozel 05<\/h4>\n<\/li>\n<li>\n<p>        <img decoding=\"async\" src=\"\/yeni\/wp-content\/uploads\/2020\/07\/ino_ozel_06.jpg\" alt=\"\"><\/p>\n<h4>Ino ozel 06<\/h4>\n<\/li>\n<li>\n<p>        <img decoding=\"async\" src=\"\/yeni\/wp-content\/uploads\/2020\/07\/ino_ozel_07.jpg\" alt=\"\"><\/p>\n<h4>Ino ozel 07<\/h4>\n<\/li>\n<li>\n<p>        <img decoding=\"async\" src=\"\/yeni\/wp-content\/uploads\/2020\/07\/serit_01.jpg\" alt=\"\"><\/p>\n<h4>Ino ozel 08<\/h4>\n<\/li>\n<\/ul>\n<p><!-- {\"children\":[{\"type\":\"section\",\"props\":{\"style\":\"primary\",\"width\":\"default\",\"vertical_align\":\"middle\",\"title_position\":\"top-left\",\"title_rotation\":\"left\",\"title_breakpoint\":\"xl\",\"image_position\":\"center-center\",\"padding\":\"xsmall\",\"image\":\"wp-content\\\/uploads\\\/2020\\\/07\\\/6.png\",\"preserve_color\":true,\"text_color\":\"light\",\"image_size\":\"cover\"},\"children\":[{\"type\":\"row\",\"children\":[{\"type\":\"column\",\"props\":{\"image_position\":\"center-center\",\"media_overlay_gradient\":\"\"},\"children\":[{\"type\":\"headline\",\"props\":{\"title_element\":\"h2\",\"content\":\"\\u015eeritler\"}}]}]}],\"name\":\"ust\"},{\"type\":\"section\",\"props\":{\"style\":\"default\",\"width\":\"xlarge\",\"vertical_align\":\"middle\",\"title_position\":\"top-left\",\"title_rotation\":\"left\",\"title_breakpoint\":\"xl\",\"image_position\":\"center-center\",\"padding_remove_horizontal\":false},\"children\":[{\"type\":\"row\",\"children\":[{\"type\":\"column\",\"props\":{\"image_position\":\"center-center\",\"media_overlay_gradient\":\"\"},\"children\":[{\"type\":\"panel\",\"props\":{\"link_text\":\"Read more\",\"title_hover_style\":\"reset\",\"title_element\":\"h3\",\"title_align\":\"top\",\"title_grid_width\":\"1-2\",\"title_grid_breakpoint\":\"m\",\"meta_style\":\"meta\",\"meta_align\":\"below-title\",\"content_column_breakpoint\":\"m\",\"icon_width\":80,\"image_align\":\"right\",\"image_grid_width\":\"1-2\",\"image_grid_breakpoint\":\"m\",\"image_svg_color\":\"emphasis\",\"link_style\":\"default\",\"margin\":\"default\",\"title\":\"\",\"content\":\"\n\n<p>M\\u00fc\\u015fteri talebi do\\u011frultusunda pek \\u00e7ok farkl\\u0131 desen ve renkte fermuar \\u015feridini kendi b\\u00fcnyemizde bulunan dokumahanemizde \\u00fcretiyor, yine kendi boyahanemizde boyama i\\u015flemlerini ger\\u00e7ekle\\u015ftiriyoruz.<\\\/p>\\n\n\n<p>A\\u015fa\\u011f\\u0131da, \\u00fcretmi\\u015f oldu\\u011fumuz fermuar \\u015feritlerinden \\u00f6rnekler bulabilirsiniz.<\\\/p>\",\"image\":\"\",\"image_box_decoration\":\"primary\",\"content_style\":\"lead\",\"content_dropcap\":false,\"text_align\":\"center\"}}]}]}]},{\"type\":\"section\",\"props\":{\"style\":\"default\",\"width\":\"default\",\"vertical_align\":\"middle\",\"title_position\":\"top-left\",\"title_rotation\":\"left\",\"title_breakpoint\":\"xl\",\"image_position\":\"center-center\"},\"children\":[{\"type\":\"row\",\"children\":[{\"type\":\"column\",\"props\":{\"image_position\":\"center-center\",\"media_overlay_gradient\":\"\"},\"children\":[{\"type\":\"headline\",\"props\":{\"title_element\":\"h1\",\"content\":\"Jeans\",\"text_align\":\"center\"}},{\"type\":\"grid\",\"props\":{\"show_title\":true,\"show_meta\":true,\"show_content\":false,\"show_image\":true,\"show_link\":true,\"grid_default\":\"4\",\"grid_medium\":\"6\",\"filter_style\":\"tab\",\"filter_all\":true,\"filter_position\":\"top\",\"filter_align\":\"left\",\"filter_grid_width\":\"auto\",\"filter_grid_breakpoint\":\"m\",\"title_hover_style\":\"reset\",\"title_element\":\"h4\",\"title_align\":\"top\",\"title_grid_width\":\"1-2\",\"title_grid_breakpoint\":\"m\",\"meta_style\":\"meta\",\"meta_align\":\"below-title\",\"content_column_breakpoint\":\"m\",\"icon_width\":80,\"image_align\":\"top\",\"image_grid_width\":\"1-2\",\"image_grid_breakpoint\":\"m\",\"image_svg_color\":\"emphasis\",\"link_text\":\"\",\"link_style\":\"default\",\"margin\":\"default\",\"item_animation\":\"\",\"grid_large\":\"6\",\"grid_xlarge\":\"6\",\"text_align\":\"center\",\"image_border\":\"rounded\",\"panel_size\":\"small\",\"panel_card_image\":true,\"item_maxwidth\":\"2xlarge\",\"panel_link\":false,\"grid_masonry\":false,\"title_style\":\"h6\",\"image_link\":true,\"image_svg_inline\":false,\"grid_small\":\"4\",\"lightbox\":true,\"lightbox_image_width\":\"\",\"lightbox_image_height\":\"\",\"lightbox_image_orientation\":false},\"children\":[{\"type\":\"grid_item\",\"props\":{\"title\":\"Pamuk indigo blue\",\"image\":\"wp-content\\\/uploads\\\/2020\\\/07\\\/pamuk_indigo_blue.jpg\"}},{\"type\":\"grid_item\",\"props\":{\"title\":\"Pamuk indigo cizgili\",\"image\":\"wp-content\\\/uploads\\\/2020\\\/07\\\/pamuk_indigo_cizgili.jpg\"}},{\"type\":\"grid_item\",\"props\":{\"title\":\"Pamuk indigo dark blue\",\"image\":\"wp-content\\\/uploads\\\/2020\\\/07\\\/pamuk-indigo-dark-blue.jpg\"}},{\"type\":\"grid_item\",\"props\":{\"title\":\"Polyester indigo\",\"image\":\"wp-content\\\/uploads\\\/2020\\\/07\\\/polyester-indigo.jpg\"}},{\"type\":\"grid_item\",\"props\":{\"title\":\"Polyester indigo (beyaz fitil)\",\"image\":\"wp-content\\\/uploads\\\/2020\\\/07\\\/polyester-indigo-fitil-beyaz.jpg\"}},{\"type\":\"grid_item\",\"props\":{\"title\":\"G\\u00fcm\\u00fc\\u015f simli indigo pamuk\",\"image\":\"wp-content\\\/uploads\\\/2020\\\/07\\\/gumus_sim_indigo_pamul.jpg\"}}],\"name\":\"galeri\"}]}]},{\"type\":\"row\",\"children\":[{\"type\":\"column\",\"props\":{\"image_position\":\"center-center\",\"media_overlay_gradient\":\"\"},\"children\":[{\"type\":\"headline\",\"props\":{\"title_element\":\"h1\",\"content\":\"Simli\",\"text_align\":\"center\"}},{\"type\":\"grid\",\"props\":{\"show_title\":true,\"show_meta\":true,\"show_content\":false,\"show_image\":true,\"show_link\":true,\"grid_default\":\"4\",\"grid_medium\":\"6\",\"filter_style\":\"tab\",\"filter_all\":true,\"filter_position\":\"top\",\"filter_align\":\"left\",\"filter_grid_width\":\"auto\",\"filter_grid_breakpoint\":\"m\",\"title_hover_style\":\"reset\",\"title_element\":\"h4\",\"title_align\":\"top\",\"title_grid_width\":\"1-2\",\"title_grid_breakpoint\":\"m\",\"meta_style\":\"meta\",\"meta_align\":\"below-title\",\"content_column_breakpoint\":\"m\",\"icon_width\":80,\"image_align\":\"top\",\"image_grid_width\":\"1-2\",\"image_grid_breakpoint\":\"m\",\"image_svg_color\":\"emphasis\",\"link_text\":\"\",\"link_style\":\"default\",\"margin\":\"default\",\"item_animation\":\"\",\"grid_large\":\"6\",\"grid_xlarge\":\"6\",\"text_align\":\"center\",\"image_border\":\"rounded\",\"panel_size\":\"small\",\"panel_card_image\":true,\"item_maxwidth\":\"2xlarge\",\"panel_link\":false,\"grid_masonry\":false,\"title_style\":\"h6\",\"image_link\":true,\"image_svg_inline\":false,\"grid_small\":\"4\",\"lightbox\":true,\"lightbox_image_width\":\"\",\"lightbox_image_height\":\"\",\"lightbox_image_orientation\":false},\"children\":[{\"type\":\"grid_item\",\"props\":{\"title\":\"Alt\\u0131n sim (ekru)\",\"image\":\"wp-content\\\/uploads\\\/2020\\\/07\\\/altin_sim_ekru.jpg\"}},{\"type\":\"grid_item\",\"props\":{\"title\":\"G\\u00fcm\\u00fc\\u015f sim (ekru)\",\"image\":\"wp-content\\\/uploads\\\/2020\\\/07\\\/gumus_sim_ekru.jpg\"}},{\"type\":\"grid_item\",\"props\":{\"title\":\"G\\u00fcm\\u00fc\\u015f sim (siyah)\",\"image\":\"wp-content\\\/uploads\\\/2020\\\/07\\\/gumus_sim_siyah.jpg\"}},{\"type\":\"grid_item\",\"props\":{\"title\":\"Antik sim (siyah)\",\"image\":\"wp-content\\\/uploads\\\/2020\\\/07\\\/antik_sim_siyah.jpg\"}},{\"type\":\"grid_item\",\"props\":{\"title\":\"Bakir sim (siyah)\",\"image\":\"wp-content\\\/uploads\\\/2020\\\/07\\\/bakir_sim_siyah.jpg\"}}],\"name\":\"galeri\"}]}]},{\"type\":\"row\",\"children\":[{\"type\":\"column\",\"props\":{\"image_position\":\"center-center\",\"media_overlay_gradient\":\"\"},\"children\":[{\"type\":\"headline\",\"props\":{\"title_element\":\"h1\",\"content\":\"Su ge\\u00e7irmez\",\"text_align\":\"center\"}},{\"type\":\"grid\",\"props\":{\"show_title\":true,\"show_meta\":true,\"show_content\":false,\"show_image\":true,\"show_link\":true,\"grid_default\":\"4\",\"grid_medium\":\"6\",\"filter_style\":\"tab\",\"filter_all\":true,\"filter_position\":\"top\",\"filter_align\":\"left\",\"filter_grid_width\":\"auto\",\"filter_grid_breakpoint\":\"m\",\"title_hover_style\":\"reset\",\"title_element\":\"h4\",\"title_align\":\"top\",\"title_grid_width\":\"1-2\",\"title_grid_breakpoint\":\"m\",\"meta_style\":\"meta\",\"meta_align\":\"below-title\",\"content_column_breakpoint\":\"m\",\"icon_width\":80,\"image_align\":\"top\",\"image_grid_width\":\"1-2\",\"image_grid_breakpoint\":\"m\",\"image_svg_color\":\"emphasis\",\"link_text\":\"\",\"link_style\":\"default\",\"margin\":\"default\",\"item_animation\":\"\",\"grid_large\":\"6\",\"grid_xlarge\":\"6\",\"text_align\":\"center\",\"image_border\":\"rounded\",\"panel_size\":\"small\",\"panel_card_image\":true,\"item_maxwidth\":\"2xlarge\",\"panel_link\":false,\"grid_masonry\":false,\"title_style\":\"h6\",\"image_link\":true,\"image_svg_inline\":false,\"grid_small\":\"4\",\"lightbox\":true,\"lightbox_image_width\":\"\",\"lightbox_image_height\":\"\",\"lightbox_image_orientation\":false},\"children\":[{\"type\":\"grid_item\",\"props\":{\"title\":\"Su ge\\u00e7irmez 01 (bask\\u0131l\\u0131)\",\"image\":\"wp-content\\\/uploads\\\/2020\\\/07\\\/ino_su_gecirmez_baskili_01.jpg\"}},{\"type\":\"grid_item\",\"props\":{\"title\":\"Su ge\\u00e7irmez 02 (bask\\u0131l\\u0131)\",\"image\":\"wp-content\\\/uploads\\\/2020\\\/07\\\/ino_su_gecirmez_baskili_02.jpg\"}}],\"name\":\"galeri\"}]}]},{\"type\":\"row\",\"children\":[{\"type\":\"column\",\"props\":{\"image_position\":\"center-center\",\"media_overlay_gradient\":\"\"},\"children\":[{\"type\":\"headline\",\"props\":{\"title_element\":\"h1\",\"content\":\"Leopar\",\"text_align\":\"center\"}},{\"type\":\"grid\",\"props\":{\"show_title\":true,\"show_meta\":true,\"show_content\":false,\"show_image\":true,\"show_link\":true,\"grid_default\":\"4\",\"grid_medium\":\"6\",\"filter_style\":\"tab\",\"filter_all\":true,\"filter_position\":\"top\",\"filter_align\":\"left\",\"filter_grid_width\":\"auto\",\"filter_grid_breakpoint\":\"m\",\"title_hover_style\":\"reset\",\"title_element\":\"h4\",\"title_align\":\"top\",\"title_grid_width\":\"1-2\",\"title_grid_breakpoint\":\"m\",\"meta_style\":\"meta\",\"meta_align\":\"below-title\",\"content_column_breakpoint\":\"m\",\"icon_width\":80,\"image_align\":\"top\",\"image_grid_width\":\"1-2\",\"image_grid_breakpoint\":\"m\",\"image_svg_color\":\"emphasis\",\"link_text\":\"\",\"link_style\":\"default\",\"margin\":\"default\",\"item_animation\":\"\",\"grid_large\":\"6\",\"grid_xlarge\":\"6\",\"text_align\":\"center\",\"image_border\":\"rounded\",\"panel_size\":\"small\",\"panel_card_image\":true,\"item_maxwidth\":\"2xlarge\",\"panel_link\":false,\"grid_masonry\":false,\"title_style\":\"h6\",\"image_link\":true,\"image_svg_inline\":false,\"grid_small\":\"4\",\"lightbox\":true,\"lightbox_image_width\":\"\",\"lightbox_image_height\":\"\",\"lightbox_image_orientation\":false},\"children\":[{\"type\":\"grid_item\",\"props\":{\"title\":\"Leopar 01\",\"image\":\"wp-content\\\/uploads\\\/2020\\\/07\\\/ino_ozel_leopar_01.jpg\"}},{\"type\":\"grid_item\",\"props\":{\"title\":\"Leopar 02\",\"image\":\"wp-content\\\/uploads\\\/2020\\\/07\\\/ino_ozel_leopar_02.jpg\"}},{\"type\":\"grid_item\",\"props\":{\"title\":\"Leopar 03\",\"image\":\"wp-content\\\/uploads\\\/2020\\\/07\\\/ino_ozel_leopar_03.jpg\"}}],\"name\":\"galeri\"}]}]},{\"type\":\"row\",\"children\":[{\"type\":\"column\",\"props\":{\"image_position\":\"center-center\",\"media_overlay_gradient\":\"\"},\"children\":[{\"type\":\"headline\",\"props\":{\"title_element\":\"h1\",\"content\":\"\\u00d6zel \\u015feritler\",\"text_align\":\"center\"}},{\"type\":\"grid\",\"props\":{\"show_title\":true,\"show_meta\":true,\"show_content\":false,\"show_image\":true,\"show_link\":true,\"grid_default\":\"4\",\"grid_medium\":\"5\",\"filter_style\":\"tab\",\"filter_all\":true,\"filter_position\":\"top\",\"filter_align\":\"left\",\"filter_grid_width\":\"auto\",\"filter_grid_breakpoint\":\"m\",\"title_hover_style\":\"reset\",\"title_element\":\"h4\",\"title_align\":\"top\",\"title_grid_width\":\"1-2\",\"title_grid_breakpoint\":\"m\",\"meta_style\":\"meta\",\"meta_align\":\"below-title\",\"content_column_breakpoint\":\"m\",\"icon_width\":80,\"image_align\":\"top\",\"image_grid_width\":\"1-2\",\"image_grid_breakpoint\":\"m\",\"image_svg_color\":\"emphasis\",\"link_text\":\"\",\"link_style\":\"default\",\"margin\":\"default\",\"item_animation\":\"\",\"grid_large\":\"5\",\"grid_xlarge\":\"5\",\"text_align\":\"center\",\"image_border\":\"rounded\",\"panel_size\":\"small\",\"panel_card_image\":true,\"item_maxwidth\":\"2xlarge\",\"panel_link\":false,\"grid_masonry\":false,\"title_style\":\"h6\",\"image_link\":true,\"image_svg_inline\":false,\"grid_small\":\"4\",\"lightbox\":true,\"lightbox_image_width\":\"\",\"lightbox_image_height\":\"\",\"lightbox_image_orientation\":false},\"children\":[{\"type\":\"grid_item\",\"props\":{\"title\":\"Saten\",\"image\":\"wp-content\\\/uploads\\\/2020\\\/07\\\/saten.jpg\"}},{\"type\":\"grid_item\",\"props\":{\"title\":\"Pamuk (ham)\",\"image\":\"wp-content\\\/uploads\\\/2020\\\/07\\\/pamuk.jpg\"}},{\"type\":\"grid_item\",\"props\":{\"title\":\"Thick (kal\\u0131n)\",\"image\":\"wp-content\\\/uploads\\\/2020\\\/07\\\/ino_ozel_thick_serit.jpg\"}},{\"type\":\"grid_item\",\"props\":{\"title\":\"Inox desen\",\"image\":\"wp-content\\\/uploads\\\/2020\\\/07\\\/inox_desen.jpg\"}},{\"type\":\"grid_item\",\"props\":{\"title\":\"Inox Exclusive desen\",\"image\":\"wp-content\\\/uploads\\\/2020\\\/07\\\/ino_exclusive_desen.jpg\"}},{\"type\":\"grid_item\",\"props\":{\"title\":\"Ino ozel 01\",\"image\":\"wp-content\\\/uploads\\\/2020\\\/07\\\/ino_ozel_01.jpg\"}},{\"type\":\"grid_item\",\"props\":{\"title\":\"Ino ozel 02\",\"image\":\"wp-content\\\/uploads\\\/2020\\\/07\\\/ino_ozel_02.jpg\"}},{\"type\":\"grid_item\",\"props\":{\"title\":\"Ino ozel 03\",\"image\":\"wp-content\\\/uploads\\\/2020\\\/07\\\/ino_ozel_03.jpg\"}},{\"type\":\"grid_item\",\"props\":{\"title\":\"Ino ozel 04\",\"image\":\"wp-content\\\/uploads\\\/2020\\\/07\\\/ino_ozel_04.jpg\"}},{\"type\":\"grid_item\",\"props\":{\"title\":\"Ino ozel 05\",\"image\":\"wp-content\\\/uploads\\\/2020\\\/07\\\/ino_ozel_05.jpg\"}},{\"type\":\"grid_item\",\"props\":{\"title\":\"Ino ozel 06\",\"image\":\"wp-content\\\/uploads\\\/2020\\\/07\\\/ino_ozel_06.jpg\"}},{\"type\":\"grid_item\",\"props\":{\"title\":\"Ino ozel 07\",\"image\":\"wp-content\\\/uploads\\\/2020\\\/07\\\/ino_ozel_07.jpg\"}},{\"type\":\"grid_item\",\"props\":{\"title\":\"Ino ozel 08\",\"image\":\"wp-content\\\/uploads\\\/2020\\\/07\\\/serit_01.jpg\"}}],\"name\":\"galeri\"}]}]}]}],\"version\":\"2.1.1\",\"type\":\"layout\"} --><\/p>\n","protected":false},"excerpt":{"rendered":"<p>\u015eeritler M\u00fc\u015fteri talebi do\u011frultusunda pek \u00e7ok farkl\u0131 desen ve renkte fermuar \u015feridini kendi b\u00fcnyemizde bulunan dokumahanemizde \u00fcretiyor, yine kendi boyahanemizde boyama i\u015flemlerini ger\u00e7ekle\u015ftiriyoruz. A\u015fa\u011f\u0131da, \u00fcretmi\u015f oldu\u011fumuz fermuar \u015feritlerinden \u00f6rnekler bulabilirsiniz. Jeans Pamuk indigo blue Pamuk indigo cizgili Pamuk indigo dark blue Polyester indigo Polyester indigo (beyaz fitil) G\u00fcm\u00fc\u015f simli indigo pamuk Simli Alt\u0131n sim (ekru) [&hellip;]<\/p>\n","protected":false},"author":1,"featured_media":0,"parent":0,"menu_order":0,"comment_status":"closed","ping_status":"closed","template":"","meta":{"_joinchat":[]},"yoast_head":"<!-- This site is optimized with the Yoast SEO plugin v19.10 - https:\/\/yoast.com\/wordpress\/plugins\/seo\/ -->\n<title>Tapes<\/title>\n<meta name=\"robots\" content=\"index, follow, max-snippet:-1, max-image-preview:large, max-video-preview:-1\" \/>\n<meta property=\"og:locale\" content=\"en_US\" \/>\n<meta property=\"og:type\" content=\"article\" \/>\n<meta property=\"og:title\" content=\"Tapes\" \/>\n<meta property=\"og:url\" content=\"https:\/\/www.inofermuar.com\/en\/tapes\/\" \/>\n<meta property=\"og:site_name\" content=\"\u0130NO Fermuar\" \/>\n<meta property=\"article:publisher\" content=\"https:\/\/facebook.com\/inofermuar\" \/>\n<meta property=\"article:modified_time\" content=\"2020-07-26T16:02:40+00:00\" \/>\n<meta name=\"twitter:card\" content=\"summary_large_image\" \/>\n<meta name=\"twitter:site\" content=\"@inofermuar\" \/>\n<meta name=\"twitter:label1\" content=\"Est. reading time\" \/>\n\t<meta name=\"twitter:data1\" content=\"1 minute\" \/>\n<script type=\"application\/ld+json\" class=\"yoast-schema-graph\">{\"@context\":\"https:\/\/schema.org\",\"@graph\":[{\"@type\":\"WebPage\",\"@id\":\"https:\/\/www.inofermuar.com\/en\/tapes\/\",\"url\":\"https:\/\/www.inofermuar.com\/en\/tapes\/\",\"name\":\"\u015eerit - \u0130NO Fermuar\",\"isPartOf\":{\"@id\":\"https:\/\/www.inofermuar.com\/#website\"},\"datePublished\":\"2020-07-02T11:42:30+00:00\",\"dateModified\":\"2020-07-26T16:02:40+00:00\",\"breadcrumb\":{\"@id\":\"https:\/\/www.inofermuar.com\/en\/tapes\/#breadcrumb\"},\"inLanguage\":\"en-US\",\"potentialAction\":[{\"@type\":\"ReadAction\",\"target\":[\"https:\/\/www.inofermuar.com\/en\/tapes\/\"]}]},{\"@type\":\"BreadcrumbList\",\"@id\":\"https:\/\/www.inofermuar.com\/en\/tapes\/#breadcrumb\",\"itemListElement\":[{\"@type\":\"ListItem\",\"position\":1,\"name\":\"Main Page\",\"item\":\"https:\/\/www.inofermuar.com\/\"},{\"@type\":\"ListItem\",\"position\":2,\"name\":\"Tapes\"}]},{\"@type\":\"WebSite\",\"@id\":\"https:\/\/www.inofermuar.com\/en\/#website\",\"url\":\"https:\/\/www.inofermuar.com\/en\/\",\"name\":\"\u0130NO Fermuar\",\"description\":\"Fermuar &Ccedil;e\u015fitleri ve Fermuar Modelleri\",\"publisher\":{\"@id\":\"https:\/\/www.inofermuar.com\/en\/#organization\"},\"potentialAction\":[{\"@type\":\"SearchAction\",\"target\":{\"@type\":\"EntryPoint\",\"urlTemplate\":\"https:\/\/www.inofermuar.com\/en\/?s={search_term_string}\"},\"query-input\":\"required name=search_term_string\"}],\"inLanguage\":\"en-US\"},{\"@type\":\"Organization\",\"@id\":\"https:\/\/www.inofermuar.com\/en\/#organization\",\"name\":\"\u0130no Fermuar\",\"url\":\"https:\/\/www.inofermuar.com\/en\/\",\"logo\":{\"@type\":\"ImageObject\",\"inLanguage\":\"en-US\",\"@id\":\"https:\/\/www.inofermuar.com\/en\/#\/schema\/logo\/image\/\",\"url\":\"https:\/\/www.inofermuar.com\/wp-content\/uploads\/2020\/07\/normal_logo-2.png\",\"contentUrl\":\"https:\/\/www.inofermuar.com\/wp-content\/uploads\/2020\/07\/normal_logo-2.png\",\"width\":150,\"height\":83,\"caption\":\"\u0130no Fermuar\"},\"image\":{\"@id\":\"https:\/\/www.inofermuar.com\/en\/#\/schema\/logo\/image\/\"},\"sameAs\":[\"https:\/\/instagram.com\/inofermuar\",\"https:\/\/www.linkedin.com\/company\/inofermuar\/\",\"https:\/\/www.youtube.com\/channel\/UCFh3mdP_xsOQ-OBVD-bvMnA\",\"https:\/\/facebook.com\/inofermuar\",\"https:\/\/twitter.com\/inofermuar\"]}]}<\/script>\n<!-- \/ Yoast SEO plugin. -->","yoast_head_json":{"title":"Tapes","robots":{"index":"index","follow":"follow","max-snippet":"max-snippet:-1","max-image-preview":"max-image-preview:large","max-video-preview":"max-video-preview:-1"},"og_locale":"en_US","og_type":"article","og_title":"Tapes","og_url":"https:\/\/www.inofermuar.com\/en\/tapes\/","og_site_name":"\u0130NO Fermuar","article_publisher":"https:\/\/facebook.com\/inofermuar","article_modified_time":"2020-07-26T16:02:40+00:00","twitter_card":"summary_large_image","twitter_site":"@inofermuar","twitter_misc":{"Est. reading time":"1 minute"},"schema":{"@context":"https:\/\/schema.org","@graph":[{"@type":"WebPage","@id":"https:\/\/www.inofermuar.com\/en\/tapes\/","url":"https:\/\/www.inofermuar.com\/en\/tapes\/","name":"\u015eerit - \u0130NO Fermuar","isPartOf":{"@id":"https:\/\/www.inofermuar.com\/#website"},"datePublished":"2020-07-02T11:42:30+00:00","dateModified":"2020-07-26T16:02:40+00:00","breadcrumb":{"@id":"https:\/\/www.inofermuar.com\/en\/tapes\/#breadcrumb"},"inLanguage":"en-US","potentialAction":[{"@type":"ReadAction","target":["https:\/\/www.inofermuar.com\/en\/tapes\/"]}]},{"@type":"BreadcrumbList","@id":"https:\/\/www.inofermuar.com\/en\/tapes\/#breadcrumb","itemListElement":[{"@type":"ListItem","position":1,"name":"Main Page","item":"https:\/\/www.inofermuar.com\/"},{"@type":"ListItem","position":2,"name":"Tapes"}]},{"@type":"WebSite","@id":"https:\/\/www.inofermuar.com\/en\/#website","url":"https:\/\/www.inofermuar.com\/en\/","name":"\u0130NO Fermuar","description":"Fermuar &Ccedil;e\u015fitleri ve Fermuar Modelleri","publisher":{"@id":"https:\/\/www.inofermuar.com\/en\/#organization"},"potentialAction":[{"@type":"SearchAction","target":{"@type":"EntryPoint","urlTemplate":"https:\/\/www.inofermuar.com\/en\/?s={search_term_string}"},"query-input":"required name=search_term_string"}],"inLanguage":"en-US"},{"@type":"Organization","@id":"https:\/\/www.inofermuar.com\/en\/#organization","name":"\u0130no Fermuar","url":"https:\/\/www.inofermuar.com\/en\/","logo":{"@type":"ImageObject","inLanguage":"en-US","@id":"https:\/\/www.inofermuar.com\/en\/#\/schema\/logo\/image\/","url":"https:\/\/www.inofermuar.com\/wp-content\/uploads\/2020\/07\/normal_logo-2.png","contentUrl":"https:\/\/www.inofermuar.com\/wp-content\/uploads\/2020\/07\/normal_logo-2.png","width":150,"height":83,"caption":"\u0130no Fermuar"},"image":{"@id":"https:\/\/www.inofermuar.com\/en\/#\/schema\/logo\/image\/"},"sameAs":["https:\/\/instagram.com\/inofermuar","https:\/\/www.linkedin.com\/company\/inofermuar\/","https:\/\/www.youtube.com\/channel\/UCFh3mdP_xsOQ-OBVD-bvMnA","https:\/\/facebook.com\/inofermuar","https:\/\/twitter.com\/inofermuar"]}]}},"_links":{"self":[{"href":"https:\/\/www.inofermuar.com\/en\/wp-json\/wp\/v2\/pages\/24"}],"collection":[{"href":"https:\/\/www.inofermuar.com\/en\/wp-json\/wp\/v2\/pages"}],"about":[{"href":"https:\/\/www.inofermuar.com\/en\/wp-json\/wp\/v2\/types\/page"}],"author":[{"embeddable":true,"href":"https:\/\/www.inofermuar.com\/en\/wp-json\/wp\/v2\/users\/1"}],"replies":[{"embeddable":true,"href":"https:\/\/www.inofermuar.com\/en\/wp-json\/wp\/v2\/comments?post=24"}],"version-history":[{"count":47,"href":"https:\/\/www.inofermuar.com\/en\/wp-json\/wp\/v2\/pages\/24\/revisions"}],"predecessor-version":[{"id":596,"href":"https:\/\/www.inofermuar.com\/en\/wp-json\/wp\/v2\/pages\/24\/revisions\/596"}],"wp:attachment":[{"href":"https:\/\/www.inofermuar.com\/en\/wp-json\/wp\/v2\/media?parent=24"}],"curies":[{"name":"wp","href":"https:\/\/api.w.org\/{rel}","templated":true}]}}