{"id":17,"date":"2020-07-02T11:42:29","date_gmt":"2020-07-02T11:42:29","guid":{"rendered":"http:\/\/www.inofermuar.com\/yeni\/?page_id=17"},"modified":"2026-02-10T22:02:44","modified_gmt":"2026-02-10T22:02:44","slug":"sertifikalar","status":"publish","type":"page","link":"https:\/\/www.inofermuar.com\/en\/certificates\/","title":{"rendered":"Certificates"},"content":{"rendered":"<h2>Sertifikalar\u0131m\u0131z<\/h2>\n<div>\n<p>        <img decoding=\"async\" src=\"\/wp-content\/uploads\/2020\/07\/sertfiikalar-86fb7ad6.jpg\" alt=\"\"><\/p>\n<div>\n<p><strong>OEKO-TEX\u00ae\u00a0<\/strong><em>STANDARD 100,\u00a0<\/em>Hohenstein enstit\u00fcs\u00fc taraf\u0131ndan verilen ve d\u00fcnyaca ge\u00e7erlili\u011fi kabul edilen, imalat\u0131 yap\u0131lan tekstil \u00fcr\u00fcnleri ve aksesuarlar\u0131n\u0131n muhteviyat\u0131nda gerek insan sa\u011fl\u0131\u011f\u0131, gerekse \u00e7evre i\u00e7in zararl\u0131 maddelerin kullan\u0131lmad\u0131\u011f\u0131n\u0131 garanti eden sertifikad\u0131r.<\/p>\n<p><strong>ISO 9001<\/strong>\u00a0standartlar\u0131 ise bir \u015firketin \u00fcr\u00fcn ve hizmetlerinin evrensel kalite standartlar\u0131n\u0131 tutturdu\u011funu ve bunun s\u00fcreklili\u011fini garantiler.<\/p>\n<p>INO Fermuar olarak tekstil sekt\u00f6r\u00fc i\u00e7in \u00e7ok \u00f6nemli olan bu iki sertifikaya da sahibiz.<\/p>\n<\/div>\n<\/div>\n<p><!--more--><br \/>\n<!-- {\"type\":\"layout\",\"children\":[{\"type\":\"section\",\"props\":{\"style\":\"primary\",\"width\":\"default\",\"vertical_align\":\"middle\",\"title_position\":\"top-left\",\"title_rotation\":\"left\",\"title_breakpoint\":\"xl\",\"image_position\":\"center-center\",\"padding\":\"xsmall\",\"image\":\"wp-content\\\/uploads\\\/2020\\\/07\\\/6.png\",\"preserve_color\":true,\"text_color\":\"light\",\"image_size\":\"cover\"},\"children\":[{\"type\":\"row\",\"children\":[{\"type\":\"column\",\"props\":{\"image_position\":\"center-center\",\"media_overlay_gradient\":\"\",\"position_sticky_breakpoint\":\"m\"},\"children\":[{\"type\":\"headline\",\"props\":{\"title_element\":\"h2\",\"content\":\"Sertifikalar\\u0131m\\u0131z\",\"content_en_us\":\"Our Certificates \",\"content_ru_ru\":\"\\u0421\\u0435\\u0440\\u0442\\u0438\\u0444\\u0438\\u043a\\u0430\\u0442\\u044b \\u041a\\u0430\\u0447\\u0435\\u0441\\u0442\\u0432\\u0430 \\u041f\\u0440\\u043e\\u0434\\u0443\\u043a\\u0446\\u0438\\u0438 \\u0438 \\u041e\\u0440\\u0433\\u0430\\u043d\\u0438\\u0437\\u0430\\u0446\\u0438\\u0438 \\u041f\\u0440\\u043e\\u0438\\u0437\\u0432\\u043e\\u0434\\u0441\\u0442\\u0432\\u0430 \"}}]}]}],\"name\":\"ust\"},{\"type\":\"section\",\"props\":{\"style\":\"default\",\"width\":\"default\",\"vertical_align\":\"middle\",\"title_position\":\"top-left\",\"title_rotation\":\"left\",\"title_breakpoint\":\"xl\",\"image_position\":\"center-center\",\"padding_remove_bottom\":false,\"height\":\"expand\"},\"children\":[{\"type\":\"row\",\"children\":[{\"type\":\"column\",\"props\":{\"image_position\":\"center-center\",\"media_overlay_gradient\":\"\",\"position_sticky_breakpoint\":\"m\"},\"children\":[{\"type\":\"panel\",\"props\":{\"link_text\":\"Detayl\\u0131 Bilgi\",\"title_hover_style\":\"reset\",\"title_element\":\"h3\",\"title_align\":\"top\",\"title_grid_width\":\"1-2\",\"title_grid_breakpoint\":\"m\",\"meta_style\":\"text-meta\",\"meta_align\":\"below-title\",\"content_column_breakpoint\":\"m\",\"icon_width\":80,\"image_align\":\"left\",\"image_grid_width\":\"1-2\",\"image_grid_breakpoint\":\"m\",\"image_svg_color\":\"emphasis\",\"link_style\":\"secondary\",\"margin\":\"default\",\"content\":\"\n\n<p><strong>OEKO-TEX\\u00ae\\u00a0<\\\/strong><em>STANDARD 100,\\u00a0<\\\/em>Hohenstein enstit\\u00fcs\\u00fc taraf\\u0131ndan verilen ve d\\u00fcnyaca ge\\u00e7erlili\\u011fi kabul edilen, imalat\\u0131 yap\\u0131lan tekstil \\u00fcr\\u00fcnleri ve aksesuarlar\\u0131n\\u0131n muhteviyat\\u0131nda gerek insan sa\\u011fl\\u0131\\u011f\\u0131, gerekse \\u00e7evre i\\u00e7in zararl\\u0131 maddelerin kullan\\u0131lmad\\u0131\\u011f\\u0131n\\u0131 garanti eden sertifikad\\u0131r.<\\\/p>\\n\n\n<p><strong>ISO 9001<\\\/strong>\\u00a0standartlar\\u0131 ise bir \\u015firketin \\u00fcr\\u00fcn ve hizmetlerinin evrensel kalite standartlar\\u0131n\\u0131 tutturdu\\u011funu ve bunun s\\u00fcreklili\\u011fini garantiler.<\\\/p>\\n\n\n<p>INO Fermuar olarak tekstil sekt\\u00f6r\\u00fc i\\u00e7in \\u00e7ok \\u00f6nemli olan bu iki sertifikaya da sahibiz.<\\\/p>\",\"title\":\"\",\"image\":\"wp-content\\\/uploads\\\/2020\\\/07\\\/sertfiikalar-86fb7ad6.jpg\",\"link\":\"\",\"title_decoration\":\"bullet\",\"meta_element\":\"div\",\"content_ru_ru\":\"\n\n<p><strong>OEKO-TEX\\u00ae\\u00a0<\\\/strong><em>STANDARD 100,\\u00a0<\\\/em>\\u2014 \\u044d\\u0442\\u043e \\u0432\\u0441\\u0435\\u043c\\u0438\\u0440\\u043d\\u043e \\u043f\\u0440\\u0438\\u0437\\u043d\\u0430\\u043d\\u043d\\u044b\\u0439 \\u0441\\u0435\\u0440\\u0442\\u0438\\u0444\\u0438\\u043a\\u0430\\u0442, \\u0432\\u044b\\u0434\\u0430\\u043d\\u043d\\u044b\\u0439 \\u0418\\u043d\\u0441\\u0442\\u0438\\u0442\\u0443\\u0442\\u043e\\u043c \\u0425\\u043e\\u044d\\u043d\\u0448\\u0442\\u0430\\u0439\\u043d, \\u0433\\u0430\\u0440\\u0430\\u043d\\u0442\\u0438\\u0440\\u0443\\u044e\\u0449\\u0438\\u0439, \\u0447\\u0442\\u043e \\u043f\\u0440\\u043e\\u0438\\u0437\\u0432\\u043e\\u0434\\u0438\\u043c\\u044b\\u0435 \\u0442\\u0435\\u043a\\u0441\\u0442\\u0438\\u043b\\u044c\\u043d\\u044b\\u0435 \\u0438\\u0437\\u0434\\u0435\\u043b\\u0438\\u044f \\u0438 \\u0430\\u043a\\u0441\\u0435\\u0441\\u0441\\u0443\\u0430\\u0440\\u044b \\u043d\\u0435 \\u0441\\u043e\\u0434\\u0435\\u0440\\u0436\\u0430\\u0442 \\u0432\\u0435\\u0449\\u0435\\u0441\\u0442\\u0432, \\u0432\\u0440\\u0435\\u0434\\u043d\\u044b\\u0445 \\u0434\\u043b\\u044f \\u0437\\u0434\\u043e\\u0440\\u043e\\u0432\\u044c\\u044f \\u0447\\u0435\\u043b\\u043e\\u0432\\u0435\\u043a\\u0430 \\u0438\\u043b\\u0438 \\u043e\\u043a\\u0440\\u0443\\u0436\\u0430\\u044e\\u0449\\u0435\\u0439 \\u0441\\u0440\\u0435\\u0434\\u044b.<\\\/p>\\n\\n\n\n<p><strong>\\u0421\\u0435\\u0440\\u0442\\u0438\\u0444\\u0438\\u043a\\u0430\\u0442 \\u0421\\u0442\\u0430\\u043d\\u0434\\u0430\\u0440\\u0442\\u044b ISO 9001<\\\/strong>, \\u0433\\u0430\\u0440\\u0430\\u043d\\u0442\\u0438\\u0440\\u0443\\u0435\\u0442, \\u0447\\u0442\\u043e \\u043f\\u0440\\u043e\\u0434\\u0443\\u043a\\u0446\\u0438\\u044f \\u0438 \\u0443\\u0441\\u043b\\u0443\\u0433\\u0438 \\u043a\\u043e\\u043c\\u043f\\u0430\\u043d\\u0438\\u0438 \\u0441\\u043e\\u043e\\u0442\\u0432\\u0435\\u0442\\u0441\\u0442\\u0432\\u0443\\u044e\\u0442 \\u0443\\u043d\\u0438\\u0432\\u0435\\u0440\\u0441\\u0430\\u043b\\u044c\\u043d\\u044b\\u043c \\u0441\\u0442\\u0430\\u043d\\u0434\\u0430\\u0440\\u0442\\u0430\\u043c \\u043a\\u0430\\u0447\\u0435\\u0441\\u0442\\u0432\\u0430 \\u0438 \\u0447\\u0442\\u043e \\u044d\\u0442\\u043e \\u0441\\u043e\\u043e\\u0442\\u0432\\u0435\\u0442\\u0441\\u0442\\u0432\\u0438\\u0435 \\u044f\\u0432\\u043b\\u044f\\u0435\\u0442\\u0441\\u044f \\u043f\\u043e\\u0441\\u0442\\u043e\\u044f\\u043d\\u043d\\u044b\\u043c.<\\\/p>\\n\\n\n\n<p>\\u041a\\u043e\\u043c\\u043f\\u0430\\u043d\\u0438\\u044f INO Zipper \\u043e\\u0431\\u043b\\u0430\\u0434\\u0430\\u0435\\u0442 \\u043e\\u0431\\u043e\\u0438\\u043c\\u0438 \\u044d\\u0442\\u0438\\u043c\\u0438 \\u0441\\u0435\\u0440\\u0442\\u0438\\u0444\\u0438\\u043a\\u0430\\u0442\\u0430\\u043c\\u0438, \\u043a\\u043e\\u0442\\u043e\\u0440\\u044b\\u0435 \\u043e\\u0447\\u0435\\u043d\\u044c \\u0432\\u0430\\u0436\\u043d\\u044b \\u0434\\u043b\\u044f \\u0442\\u0435\\u043a\\u0441\\u0442\\u0438\\u043b\\u044c\\u043d\\u043e\\u0439 \\u043f\\u0440\\u043e\\u043c\\u044b\\u0448\\u043b\\u0435\\u043d\\u043d\\u043e\\u0441\\u0442\\u0438.<\\\/p>\",\"content_en_us\":\"\n\n<p><strong>OEKO-TEX\\u00ae\\u00a0<\\\/strong><em>STANDARD 100,\\u00a0<\\\/em> is a globally recognized certificate issued by the Hohenstein Institute, guaranteeing that the textile products and accessories manufactured do not contain substances harmful to human health or the environment.<\\\/p>\\n\\n\n\n<p><strong>ISO 9001<\\\/strong> standards, on the other hand, guarantee that a company's products and services meet universal quality standards and that this is consistent.<\\\/p>\\n\\n\n\n<p>As INO Zipper, we possess both of these certificates, which are very important for the textile industry.<\\\/p>\\n\"}}]}]}],\"name\":\"sertifikalartr\"}],\"version\":\"3.0.9\"} --><\/p>\n","protected":false},"excerpt":{"rendered":"<p>Sertifikalar\u0131m\u0131z OEKO-TEX\u00ae\u00a0STANDARD 100,\u00a0Hohenstein enstit\u00fcs\u00fc taraf\u0131ndan verilen ve d\u00fcnyaca ge\u00e7erlili\u011fi kabul edilen, imalat\u0131 yap\u0131lan tekstil \u00fcr\u00fcnleri ve aksesuarlar\u0131n\u0131n muhteviyat\u0131nda gerek insan sa\u011fl\u0131\u011f\u0131, gerekse \u00e7evre i\u00e7in zararl\u0131 maddelerin kullan\u0131lmad\u0131\u011f\u0131n\u0131 garanti eden sertifikad\u0131r. ISO 9001\u00a0standartlar\u0131 ise bir \u015firketin \u00fcr\u00fcn ve hizmetlerinin evrensel kalite standartlar\u0131n\u0131 tutturdu\u011funu ve bunun s\u00fcreklili\u011fini garantiler. INO Fermuar olarak tekstil sekt\u00f6r\u00fc i\u00e7in \u00e7ok \u00f6nemli olan [&hellip;]<\/p>\n","protected":false},"author":1,"featured_media":0,"parent":0,"menu_order":0,"comment_status":"closed","ping_status":"closed","template":"","meta":{"_joinchat":[]},"yoast_head":"<!-- This site is optimized with the Yoast SEO plugin v19.10 - https:\/\/yoast.com\/wordpress\/plugins\/seo\/ -->\n<title>Certificates<\/title>\n<meta name=\"robots\" content=\"index, follow, max-snippet:-1, max-image-preview:large, max-video-preview:-1\" \/>\n<meta property=\"og:locale\" content=\"en_US\" \/>\n<meta property=\"og:type\" content=\"article\" \/>\n<meta property=\"og:title\" content=\"Certificates\" \/>\n<meta property=\"og:url\" content=\"https:\/\/www.inofermuar.com\/en\/certificates\/\" \/>\n<meta property=\"og:site_name\" content=\"\u0130NO Fermuar\" \/>\n<meta property=\"article:publisher\" content=\"https:\/\/facebook.com\/inofermuar\" \/>\n<meta property=\"article:modified_time\" content=\"2026-02-10T22:02:44+00:00\" \/>\n<meta name=\"twitter:card\" content=\"summary_large_image\" \/>\n<meta name=\"twitter:site\" content=\"@inofermuar\" \/>\n<script type=\"application\/ld+json\" class=\"yoast-schema-graph\">{\"@context\":\"https:\/\/schema.org\",\"@graph\":[{\"@type\":\"WebPage\",\"@id\":\"https:\/\/www.inofermuar.com\/en\/certificates\/\",\"url\":\"https:\/\/www.inofermuar.com\/en\/certificates\/\",\"name\":\"Sertifikalar - \u0130NO Fermuar\",\"isPartOf\":{\"@id\":\"https:\/\/www.inofermuar.com\/#website\"},\"datePublished\":\"2020-07-02T11:42:29+00:00\",\"dateModified\":\"2026-02-10T22:02:44+00:00\",\"breadcrumb\":{\"@id\":\"https:\/\/www.inofermuar.com\/en\/certificates\/#breadcrumb\"},\"inLanguage\":\"en-US\",\"potentialAction\":[{\"@type\":\"ReadAction\",\"target\":[\"https:\/\/www.inofermuar.com\/en\/certificates\/\"]}]},{\"@type\":\"BreadcrumbList\",\"@id\":\"https:\/\/www.inofermuar.com\/en\/certificates\/#breadcrumb\",\"itemListElement\":[{\"@type\":\"ListItem\",\"position\":1,\"name\":\"Main Page\",\"item\":\"https:\/\/www.inofermuar.com\/\"},{\"@type\":\"ListItem\",\"position\":2,\"name\":\"Certificates\"}]},{\"@type\":\"WebSite\",\"@id\":\"https:\/\/www.inofermuar.com\/en\/#website\",\"url\":\"https:\/\/www.inofermuar.com\/en\/\",\"name\":\"\u0130NO Fermuar\",\"description\":\"Fermuar &Ccedil;e\u015fitleri ve Fermuar Modelleri\",\"publisher\":{\"@id\":\"https:\/\/www.inofermuar.com\/en\/#organization\"},\"potentialAction\":[{\"@type\":\"SearchAction\",\"target\":{\"@type\":\"EntryPoint\",\"urlTemplate\":\"https:\/\/www.inofermuar.com\/en\/?s={search_term_string}\"},\"query-input\":\"required name=search_term_string\"}],\"inLanguage\":\"en-US\"},{\"@type\":\"Organization\",\"@id\":\"https:\/\/www.inofermuar.com\/en\/#organization\",\"name\":\"\u0130no Fermuar\",\"url\":\"https:\/\/www.inofermuar.com\/en\/\",\"logo\":{\"@type\":\"ImageObject\",\"inLanguage\":\"en-US\",\"@id\":\"https:\/\/www.inofermuar.com\/en\/#\/schema\/logo\/image\/\",\"url\":\"https:\/\/www.inofermuar.com\/wp-content\/uploads\/2020\/07\/normal_logo-2.png\",\"contentUrl\":\"https:\/\/www.inofermuar.com\/wp-content\/uploads\/2020\/07\/normal_logo-2.png\",\"width\":150,\"height\":83,\"caption\":\"\u0130no Fermuar\"},\"image\":{\"@id\":\"https:\/\/www.inofermuar.com\/en\/#\/schema\/logo\/image\/\"},\"sameAs\":[\"https:\/\/instagram.com\/inofermuar\",\"https:\/\/www.linkedin.com\/company\/inofermuar\/\",\"https:\/\/www.youtube.com\/channel\/UCFh3mdP_xsOQ-OBVD-bvMnA\",\"https:\/\/facebook.com\/inofermuar\",\"https:\/\/twitter.com\/inofermuar\"]}]}<\/script>\n<!-- \/ Yoast SEO plugin. -->","yoast_head_json":{"title":"Certificates","robots":{"index":"index","follow":"follow","max-snippet":"max-snippet:-1","max-image-preview":"max-image-preview:large","max-video-preview":"max-video-preview:-1"},"og_locale":"en_US","og_type":"article","og_title":"Certificates","og_url":"https:\/\/www.inofermuar.com\/en\/certificates\/","og_site_name":"\u0130NO Fermuar","article_publisher":"https:\/\/facebook.com\/inofermuar","article_modified_time":"2026-02-10T22:02:44+00:00","twitter_card":"summary_large_image","twitter_site":"@inofermuar","schema":{"@context":"https:\/\/schema.org","@graph":[{"@type":"WebPage","@id":"https:\/\/www.inofermuar.com\/en\/certificates\/","url":"https:\/\/www.inofermuar.com\/en\/certificates\/","name":"Sertifikalar - \u0130NO Fermuar","isPartOf":{"@id":"https:\/\/www.inofermuar.com\/#website"},"datePublished":"2020-07-02T11:42:29+00:00","dateModified":"2026-02-10T22:02:44+00:00","breadcrumb":{"@id":"https:\/\/www.inofermuar.com\/en\/certificates\/#breadcrumb"},"inLanguage":"en-US","potentialAction":[{"@type":"ReadAction","target":["https:\/\/www.inofermuar.com\/en\/certificates\/"]}]},{"@type":"BreadcrumbList","@id":"https:\/\/www.inofermuar.com\/en\/certificates\/#breadcrumb","itemListElement":[{"@type":"ListItem","position":1,"name":"Main Page","item":"https:\/\/www.inofermuar.com\/"},{"@type":"ListItem","position":2,"name":"Certificates"}]},{"@type":"WebSite","@id":"https:\/\/www.inofermuar.com\/en\/#website","url":"https:\/\/www.inofermuar.com\/en\/","name":"\u0130NO Fermuar","description":"Fermuar &Ccedil;e\u015fitleri ve Fermuar Modelleri","publisher":{"@id":"https:\/\/www.inofermuar.com\/en\/#organization"},"potentialAction":[{"@type":"SearchAction","target":{"@type":"EntryPoint","urlTemplate":"https:\/\/www.inofermuar.com\/en\/?s={search_term_string}"},"query-input":"required name=search_term_string"}],"inLanguage":"en-US"},{"@type":"Organization","@id":"https:\/\/www.inofermuar.com\/en\/#organization","name":"\u0130no Fermuar","url":"https:\/\/www.inofermuar.com\/en\/","logo":{"@type":"ImageObject","inLanguage":"en-US","@id":"https:\/\/www.inofermuar.com\/en\/#\/schema\/logo\/image\/","url":"https:\/\/www.inofermuar.com\/wp-content\/uploads\/2020\/07\/normal_logo-2.png","contentUrl":"https:\/\/www.inofermuar.com\/wp-content\/uploads\/2020\/07\/normal_logo-2.png","width":150,"height":83,"caption":"\u0130no Fermuar"},"image":{"@id":"https:\/\/www.inofermuar.com\/en\/#\/schema\/logo\/image\/"},"sameAs":["https:\/\/instagram.com\/inofermuar","https:\/\/www.linkedin.com\/company\/inofermuar\/","https:\/\/www.youtube.com\/channel\/UCFh3mdP_xsOQ-OBVD-bvMnA","https:\/\/facebook.com\/inofermuar","https:\/\/twitter.com\/inofermuar"]}]}},"_links":{"self":[{"href":"https:\/\/www.inofermuar.com\/en\/wp-json\/wp\/v2\/pages\/17"}],"collection":[{"href":"https:\/\/www.inofermuar.com\/en\/wp-json\/wp\/v2\/pages"}],"about":[{"href":"https:\/\/www.inofermuar.com\/en\/wp-json\/wp\/v2\/types\/page"}],"author":[{"embeddable":true,"href":"https:\/\/www.inofermuar.com\/en\/wp-json\/wp\/v2\/users\/1"}],"replies":[{"embeddable":true,"href":"https:\/\/www.inofermuar.com\/en\/wp-json\/wp\/v2\/comments?post=17"}],"version-history":[{"count":12,"href":"https:\/\/www.inofermuar.com\/en\/wp-json\/wp\/v2\/pages\/17\/revisions"}],"predecessor-version":[{"id":1609,"href":"https:\/\/www.inofermuar.com\/en\/wp-json\/wp\/v2\/pages\/17\/revisions\/1609"}],"wp:attachment":[{"href":"https:\/\/www.inofermuar.com\/en\/wp-json\/wp\/v2\/media?parent=17"}],"curies":[{"name":"wp","href":"https:\/\/api.w.org\/{rel}","templated":true}]}}