{"id":16,"date":"2020-07-02T11:42:29","date_gmt":"2020-07-02T11:42:29","guid":{"rendered":"http:\/\/www.inofermuar.com\/yeni\/?page_id=16"},"modified":"2026-02-10T21:53:30","modified_gmt":"2026-02-10T21:53:30","slug":"uretim","status":"publish","type":"page","link":"https:\/\/www.inofermuar.com\/en\/production\/","title":{"rendered":"Production"},"content":{"rendered":"<h2>\u00dcretim<\/h2>\n<div>\n<p>        <img decoding=\"async\" src=\"\/wp-content\/uploads\/2020\/07\/J4A0068.jpg\" alt=\"\"><\/p>\n<div>\n<p>Boyahane, dokuma \u00fcnitesi, ileri teknoloji fermuar \u00fcretim makineleri ve CNS tezgah i\u015fleme merkezimiz ile %100 dikey entegre tesislerimiz sayesinde (Elcik ve k\u00fcrs\u00f6r \u00fcretiminden, \u015ferit \u00fcretimine ve kaplamaya kadar \u00fcr\u00fcn\u00fcn her \u015feyini kendi b\u00fcnyemizde ger\u00e7ekle\u015ftiriyoruz) imalat\u0131m\u0131z \u00fczerinde kesin kontrole sahibiz.<\/p>\n<\/div>\n<\/div>\n<div>\n<p>        <img decoding=\"async\" src=\"\/wp-content\/uploads\/2020\/07\/J4A0160.jpg\" alt=\"\"><\/p>\n<div>\n<p>Bu sayede m\u00fc\u015fterilerimizden gelen\u00a0<strong>\u00fcr\u00fcn ki\u015fiselle\u015ftirme\u00a0<\/strong>taleplerinin tamam\u0131na yak\u0131n\u0131na cevap verebiliyor ve \u00fcr\u00fcnlerimizin kalitesinin s\u00fcreklili\u011fini sa\u011flayabiliyoruz.<\/p>\n<p>Dokumada\u00a0<strong>\u0130talyan teknolojisi<\/strong>, metal fermuar \u00fcretiminde\u00a0<strong>Amerikan teknolojisi<\/strong>, k\u00fcrs\u00f6r boyamada\u00a0<strong>Alman teknolojisi<\/strong>\u00a0kullan\u0131yoruz.<\/p>\n<\/div>\n<\/div>\n<p><!--more--><br \/>\n<!-- {\"type\":\"layout\",\"children\":[{\"type\":\"section\",\"props\":{\"style\":\"primary\",\"width\":\"default\",\"vertical_align\":\"middle\",\"title_position\":\"top-left\",\"title_rotation\":\"left\",\"title_breakpoint\":\"xl\",\"image_position\":\"center-center\",\"padding\":\"xsmall\",\"image\":\"wp-content\\\/uploads\\\/2020\\\/07\\\/6.png\",\"preserve_color\":true,\"text_color\":\"light\",\"image_size\":\"cover\"},\"children\":[{\"type\":\"row\",\"children\":[{\"type\":\"column\",\"props\":{\"image_position\":\"center-center\",\"media_overlay_gradient\":\"\",\"position_sticky_breakpoint\":\"m\"},\"children\":[{\"type\":\"headline\",\"props\":{\"title_element\":\"h2\",\"content\":\"\\u00dcretim\",\"content_en_us\":\"Manufacturing Process\",\"content_ru_ru\":\"\\u041f\\u0440\\u043e\\u0438\\u0437\\u0432\\u043e\\u0434\\u0441\\u0442\\u0432\\u0435\\u043d\\u043d\\u0430\\u044f \\u0411\\u0430\\u0437\\u0430 INO FERMUAR\"}}]}]}],\"name\":\"ust\"},{\"type\":\"section\",\"props\":{\"style\":\"default\",\"width\":\"default\",\"vertical_align\":\"middle\",\"title_position\":\"top-left\",\"title_rotation\":\"left\",\"title_breakpoint\":\"xl\",\"image_position\":\"center-center\"},\"children\":[{\"type\":\"row\",\"children\":[{\"type\":\"column\",\"props\":{\"image_position\":\"center-center\",\"media_overlay_gradient\":\"\",\"position_sticky_breakpoint\":\"m\"},\"children\":[{\"type\":\"panel\",\"props\":{\"link_text\":\"Read more\",\"title_hover_style\":\"reset\",\"title_element\":\"h3\",\"title_align\":\"top\",\"title_grid_width\":\"1-2\",\"title_grid_breakpoint\":\"m\",\"meta_style\":\"text-meta\",\"meta_align\":\"below-title\",\"content_column_breakpoint\":\"m\",\"icon_width\":80,\"image_align\":\"right\",\"image_grid_width\":\"1-2\",\"image_grid_breakpoint\":\"m\",\"image_svg_color\":\"emphasis\",\"link_style\":\"default\",\"margin\":\"default\",\"content\":\"\n\n<p>Boyahane, dokuma \\u00fcnitesi, ileri teknoloji fermuar \\u00fcretim makineleri ve CNS tezgah i\\u015fleme merkezimiz ile %100 dikey entegre tesislerimiz sayesinde (Elcik ve k\\u00fcrs\\u00f6r \\u00fcretiminden, \\u015ferit \\u00fcretimine ve kaplamaya kadar \\u00fcr\\u00fcn\\u00fcn her \\u015feyini kendi b\\u00fcnyemizde ger\\u00e7ekle\\u015ftiriyoruz) imalat\\u0131m\\u0131z \\u00fczerinde kesin kontrole sahibiz.<\\\/p>\",\"title\":\"\",\"image\":\"wp-content\\\/uploads\\\/2020\\\/07\\\/J4A0068.jpg\",\"image_width\":\"335\",\"image_height\":\"250\",\"text_align\":\"justify\",\"image_box_decoration\":\"primary\",\"meta_element\":\"div\",\"content_ru_ru\":\"\n\n<p>\\u0411\\u043b\\u0430\\u0433\\u043e\\u0434\\u0430\\u0440\\u044f \\u043d\\u0430\\u0448\\u0435\\u0439 \\u043f\\u043e\\u043b\\u043d\\u043e\\u0441\\u0442\\u044c\\u044e \\u0432\\u0435\\u0440\\u0442\\u0438\\u043a\\u0430\\u043b\\u044c\\u043d\\u043e \\u0438\\u043d\\u0442\\u0435\\u0433\\u0440\\u0438\\u0440\\u043e\\u0432\\u0430\\u043d\\u043d\\u043e\\u0439 \\u043f\\u0440\\u043e\\u0438\\u0437\\u0432\\u043e\\u0434\\u0441\\u0442\\u0432\\u0435\\u043d\\u043d\\u043e\\u0439 \\u0431\\u0430\\u0437\\u0435, \\u0432\\u043a\\u043b\\u044e\\u0447\\u0430\\u044e\\u0449\\u0435\\u0439 \\u043a\\u0440\\u0430\\u0441\\u0438\\u043b\\u044c\\u043d\\u044b\\u0439 \\u0446\\u0435\\u0445, \\u0442\\u043a\\u0430\\u0446\\u043a\\u0438\\u0439 \\u0446\\u0435\\u0445, \\u0441\\u043e\\u0432\\u0440\\u0435\\u043c\\u0435\\u043d\\u043d\\u044b\\u0435 \\u0441\\u0442\\u0430\\u043d\\u043a\\u0438 \\u0434\\u043b\\u044f \\u043f\\u0440\\u043e\\u0438\\u0437\\u0432\\u043e\\u0434\\u0441\\u0442\\u0432\\u0430 \\u043c\\u043e\\u043b\\u043d\\u0438\\u0439 \\u0438 \\u0446\\u0435\\u043d\\u0442\\u0440 \\u043e\\u0431\\u0440\\u0430\\u0431\\u043e\\u0442\\u043a\\u0438 \\u043d\\u0430 \\u0441\\u0442\\u0430\\u043d\\u043a\\u0430\\u0445 \\u0441 \\u0427\\u041f\\u0423 (\\u0432\\u044b\\u043f\\u043e\\u043b\\u043d\\u044f\\u0435\\u043c \\u0432\\u0441\\u0435 \\u0440\\u0430\\u0431\\u043e\\u0442\\u044b \\u0441\\u043e\\u0431\\u0441\\u0442\\u0432\\u0435\\u043d\\u043d\\u044b\\u043c\\u0438 \\u0441\\u0438\\u043b\\u0430\\u043c\\u0438, \\u043e\\u0442 \\u0438\\u0437\\u0433\\u043e\\u0442\\u043e\\u0432\\u043b\\u0435\\u043d\\u0438\\u044f \\u0437\\u0430\\u043c\\u043a\\u043e\\u0432 \\u0438 \\u043c\\u043e\\u043b\\u043d\\u0438\\u0439 \\u0438 \\u043d\\u0430\\u043f\\u0440\\u0430\\u0432\\u043b\\u044f\\u044e\\u0449\\u0438\\u0445 \\u0434\\u043e \\u043f\\u0440\\u043e\\u0438\\u0437\\u0432\\u043e\\u0434\\u0441\\u0442\\u0432\\u0430 \\u043b\\u0435\\u043d\\u0442 \\u0438 \\u043d\\u0430\\u043d\\u0435\\u0441\\u0435\\u043d\\u0438\\u044f \\u043f\\u043e\\u043a\\u0440\\u044b\\u0442\\u0438\\u0439), \\u043c\\u044b \\u0438\\u043c\\u0435\\u0435\\u043c \\u043f\\u043e\\u043b\\u043d\\u044b\\u0439 \\u043a\\u043e\\u043d\\u0442\\u0440\\u043e\\u043b\\u044c \\u043d\\u0430\\u0434 \\u043f\\u0440\\u043e\\u0438\\u0437\\u0432\\u043e\\u0434\\u0441\\u0442\\u0432\\u0435\\u043d\\u043d\\u044b\\u043c \\u043f\\u0440\\u043e\\u0446\\u0435\\u0441\\u0441\\u043e\\u043c.<\\\/p>\",\"content_en_us\":\"\n\n<p>Thanks to our 100% vertically integrated facilities, including our dyeing facility, weaving unit, advanced zipper production machines, and CNC loom processing center (we carry out everything in-house, from handle and cursor production to ribbon production and coating), we have absolute control over our manufacturing process.<\\\/p>\"}}]}]},{\"type\":\"row\",\"children\":[{\"type\":\"column\",\"props\":{\"image_position\":\"center-center\",\"media_overlay_gradient\":\"\",\"position_sticky_breakpoint\":\"m\"},\"children\":[{\"type\":\"panel\",\"props\":{\"link_text\":\"Read more\",\"title_hover_style\":\"reset\",\"title_element\":\"h3\",\"title_align\":\"top\",\"title_grid_width\":\"1-2\",\"title_grid_breakpoint\":\"m\",\"meta_style\":\"text-meta\",\"meta_align\":\"below-title\",\"content_column_breakpoint\":\"m\",\"icon_width\":80,\"image_align\":\"left\",\"image_grid_width\":\"1-3\",\"image_grid_breakpoint\":\"m\",\"image_svg_color\":\"emphasis\",\"link_style\":\"default\",\"margin\":\"default\",\"content\":\"\n\n<p>Bu sayede m\\u00fc\\u015fterilerimizden gelen\\u00a0<strong>\\u00fcr\\u00fcn ki\\u015fiselle\\u015ftirme\\u00a0<\\\/strong>taleplerinin tamam\\u0131na yak\\u0131n\\u0131na cevap verebiliyor ve \\u00fcr\\u00fcnlerimizin kalitesinin s\\u00fcreklili\\u011fini sa\\u011flayabiliyoruz.<\\\/p>\\n\n\n<p>Dokumada\\u00a0<strong>\\u0130talyan teknolojisi<\\\/strong>, metal fermuar \\u00fcretiminde\\u00a0<strong>Amerikan teknolojisi<\\\/strong>, k\\u00fcrs\\u00f6r boyamada\\u00a0<strong>Alman teknolojisi<\\\/strong>\\u00a0kullan\\u0131yoruz.<\\\/p>\",\"title\":\"\",\"image\":\"wp-content\\\/uploads\\\/2020\\\/07\\\/J4A0160.jpg\",\"image_width\":\"335\",\"image_height\":\"250\",\"text_align\":\"justify\",\"image_box_decoration\":\"primary\",\"meta_element\":\"div\",\"content_en_us\":\"\n\n<p>This allows us to respond to almost all of our customers' requests for <strong>product personalization<\\\/strong> and ensure the continuity of our product quality.<\\\/p>\\n\\n\n\n<p>We use <strong>Italian technology<\\\/strong> in weaving, <strong>American technology<\\\/strong> in metal zipper production, and <strong>German technology<\\\/strong> in cursor dyeing.<\\\/p>\",\"content_ru_ru\":\"\n\n<p>\\u042d\\u0442\\u043e \\u043f\\u043e\\u0437\\u0432\\u043e\\u043b\\u044f\\u0435\\u0442 \\u043d\\u0430\\u043c \\u0443\\u0434\\u043e\\u0432\\u043b\\u0435\\u0442\\u0432\\u043e\\u0440\\u044f\\u0442\\u044c \\u043f\\u0440\\u0430\\u043a\\u0442\\u0438\\u0447\\u0435\\u0441\\u043a\\u0438 \\u0432\\u0441\\u0435 \\u0437\\u0430\\u043f\\u0440\\u043e\\u0441\\u044b \\u043d\\u0430\\u0448\\u0438\\u0445 \\u043a\\u043b\\u0438\\u0435\\u043d\\u0442\\u043e\\u0432 \\u043d\\u0430 \\u043f\\u0435\\u0440\\u0441\\u043e\\u043d\\u0430\\u043b\\u0438\\u0437\\u0430\\u0446\\u0438\\u044e \\u043f\\u0440\\u043e\\u0434\\u0443\\u043a\\u0446\\u0438\\u0438 \\u0438 \\u043e\\u0431\\u0435\\u0441\\u043f\\u0435\\u0447\\u0438\\u0432\\u0430\\u0442\\u044c \\u043d\\u0435\\u0438\\u0437\\u043c\\u0435\\u043d\\u043d\\u043e \\u0432\\u044b\\u0441\\u043e\\u043a\\u043e\\u0435 \\u043a\\u0430\\u0447\\u0435\\u0441\\u0442\\u0432\\u043e \\u043d\\u0430\\u0448\\u0435\\u0439 \\u043f\\u0440\\u043e\\u0434\\u0443\\u043a\\u0446\\u0438\\u0438.<\\\/p>\\n\\n\n\n<p>\\u041c\\u044b \\u0438\\u0441\\u043f\\u043e\\u043b\\u044c\\u0437\\u0443\\u0435\\u043c <strong>\\u0438\\u0442\\u0430\\u043b\\u044c\\u044f\\u043d\\u0441\\u043a\\u0438\\u0435<\\\/strong> \\u0442\\u0435\\u0445\\u043d\\u043e\\u043b\\u043e\\u0433\\u0438\\u0438 \\u0432 \\u0442\\u043a\\u0430\\u0447\\u0435\\u0441\\u0442\\u0432\\u0435, <strong>\\u0430\\u043c\\u0435\\u0440\\u0438\\u043a\\u0430\\u043d\\u0441\\u043a\\u0438\\u0435 <\\\/strong>\\u0442\\u0435\\u0445\\u043d\\u043e\\u043b\\u043e\\u0433\\u0438\\u0438 \\u0432 \\u043f\\u0440\\u043e\\u0438\\u0437\\u0432\\u043e\\u0434\\u0441\\u0442\\u0432\\u0435 \\u043c\\u0435\\u0442\\u0430\\u043b\\u043b\\u0438\\u0447\\u0435\\u0441\\u043a\\u0438\\u0445 \\u043c\\u043e\\u043b\\u043d\\u0438\\u0439 \\u0438 <strong>\\u043d\\u0435\\u043c\\u0435\\u0446\\u043a\\u0438\\u0435<\\\/strong> \\u0442\\u0435\\u0445\\u043d\\u043e\\u043b\\u043e\\u0433\\u0438\\u0438 \\u0432 \\u043e\\u043a\\u0440\\u0430\\u0448\\u0438\\u0432\\u0430\\u043d\\u0438\\u0438 \\u0437\\u0430\\u0441\\u0442\\u0435\\u0436\\u0435\\u043a.<\\\/p>\"}}]}]}]}],\"version\":\"3.0.9\"} --><\/p>\n","protected":false},"excerpt":{"rendered":"<p>\u00dcretim Boyahane, dokuma \u00fcnitesi, ileri teknoloji fermuar \u00fcretim makineleri ve CNS tezgah i\u015fleme merkezimiz ile %100 dikey entegre tesislerimiz sayesinde (Elcik ve k\u00fcrs\u00f6r \u00fcretiminden, \u015ferit \u00fcretimine ve kaplamaya kadar \u00fcr\u00fcn\u00fcn her \u015feyini kendi b\u00fcnyemizde ger\u00e7ekle\u015ftiriyoruz) imalat\u0131m\u0131z \u00fczerinde kesin kontrole sahibiz. Bu sayede m\u00fc\u015fterilerimizden gelen\u00a0\u00fcr\u00fcn ki\u015fiselle\u015ftirme\u00a0taleplerinin tamam\u0131na yak\u0131n\u0131na cevap verebiliyor ve \u00fcr\u00fcnlerimizin kalitesinin s\u00fcreklili\u011fini sa\u011flayabiliyoruz. Dokumada\u00a0\u0130talyan [&hellip;]<\/p>\n","protected":false},"author":1,"featured_media":0,"parent":0,"menu_order":0,"comment_status":"closed","ping_status":"closed","template":"","meta":{"_joinchat":[]},"yoast_head":"<!-- This site is optimized with the Yoast SEO plugin v19.10 - https:\/\/yoast.com\/wordpress\/plugins\/seo\/ -->\n<title>Production<\/title>\n<meta name=\"robots\" content=\"index, follow, max-snippet:-1, max-image-preview:large, max-video-preview:-1\" \/>\n<meta property=\"og:locale\" content=\"en_US\" \/>\n<meta property=\"og:type\" content=\"article\" \/>\n<meta property=\"og:title\" content=\"Production\" \/>\n<meta property=\"og:url\" content=\"https:\/\/www.inofermuar.com\/en\/production\/\" \/>\n<meta property=\"og:site_name\" content=\"\u0130NO Fermuar\" \/>\n<meta property=\"article:publisher\" content=\"https:\/\/facebook.com\/inofermuar\" \/>\n<meta property=\"article:modified_time\" content=\"2026-02-10T21:53:30+00:00\" \/>\n<meta name=\"twitter:card\" content=\"summary_large_image\" \/>\n<meta name=\"twitter:site\" content=\"@inofermuar\" \/>\n<script type=\"application\/ld+json\" class=\"yoast-schema-graph\">{\"@context\":\"https:\/\/schema.org\",\"@graph\":[{\"@type\":\"WebPage\",\"@id\":\"https:\/\/www.inofermuar.com\/en\/production\/\",\"url\":\"https:\/\/www.inofermuar.com\/en\/production\/\",\"name\":\"\u00dcretim - \u0130NO Fermuar\",\"isPartOf\":{\"@id\":\"https:\/\/www.inofermuar.com\/#website\"},\"datePublished\":\"2020-07-02T11:42:29+00:00\",\"dateModified\":\"2026-02-10T21:53:30+00:00\",\"breadcrumb\":{\"@id\":\"https:\/\/www.inofermuar.com\/en\/production\/#breadcrumb\"},\"inLanguage\":\"en-US\",\"potentialAction\":[{\"@type\":\"ReadAction\",\"target\":[\"https:\/\/www.inofermuar.com\/en\/production\/\"]}]},{\"@type\":\"BreadcrumbList\",\"@id\":\"https:\/\/www.inofermuar.com\/en\/production\/#breadcrumb\",\"itemListElement\":[{\"@type\":\"ListItem\",\"position\":1,\"name\":\"Main Page\",\"item\":\"https:\/\/www.inofermuar.com\/\"},{\"@type\":\"ListItem\",\"position\":2,\"name\":\"Production\"}]},{\"@type\":\"WebSite\",\"@id\":\"https:\/\/www.inofermuar.com\/en\/#website\",\"url\":\"https:\/\/www.inofermuar.com\/en\/\",\"name\":\"\u0130NO Fermuar\",\"description\":\"Fermuar &Ccedil;e\u015fitleri ve Fermuar Modelleri\",\"publisher\":{\"@id\":\"https:\/\/www.inofermuar.com\/en\/#organization\"},\"potentialAction\":[{\"@type\":\"SearchAction\",\"target\":{\"@type\":\"EntryPoint\",\"urlTemplate\":\"https:\/\/www.inofermuar.com\/en\/?s={search_term_string}\"},\"query-input\":\"required name=search_term_string\"}],\"inLanguage\":\"en-US\"},{\"@type\":\"Organization\",\"@id\":\"https:\/\/www.inofermuar.com\/en\/#organization\",\"name\":\"\u0130no Fermuar\",\"url\":\"https:\/\/www.inofermuar.com\/en\/\",\"logo\":{\"@type\":\"ImageObject\",\"inLanguage\":\"en-US\",\"@id\":\"https:\/\/www.inofermuar.com\/en\/#\/schema\/logo\/image\/\",\"url\":\"https:\/\/www.inofermuar.com\/wp-content\/uploads\/2020\/07\/normal_logo-2.png\",\"contentUrl\":\"https:\/\/www.inofermuar.com\/wp-content\/uploads\/2020\/07\/normal_logo-2.png\",\"width\":150,\"height\":83,\"caption\":\"\u0130no Fermuar\"},\"image\":{\"@id\":\"https:\/\/www.inofermuar.com\/en\/#\/schema\/logo\/image\/\"},\"sameAs\":[\"https:\/\/instagram.com\/inofermuar\",\"https:\/\/www.linkedin.com\/company\/inofermuar\/\",\"https:\/\/www.youtube.com\/channel\/UCFh3mdP_xsOQ-OBVD-bvMnA\",\"https:\/\/facebook.com\/inofermuar\",\"https:\/\/twitter.com\/inofermuar\"]}]}<\/script>\n<!-- \/ Yoast SEO plugin. -->","yoast_head_json":{"title":"Production","robots":{"index":"index","follow":"follow","max-snippet":"max-snippet:-1","max-image-preview":"max-image-preview:large","max-video-preview":"max-video-preview:-1"},"og_locale":"en_US","og_type":"article","og_title":"Production","og_url":"https:\/\/www.inofermuar.com\/en\/production\/","og_site_name":"\u0130NO Fermuar","article_publisher":"https:\/\/facebook.com\/inofermuar","article_modified_time":"2026-02-10T21:53:30+00:00","twitter_card":"summary_large_image","twitter_site":"@inofermuar","schema":{"@context":"https:\/\/schema.org","@graph":[{"@type":"WebPage","@id":"https:\/\/www.inofermuar.com\/en\/production\/","url":"https:\/\/www.inofermuar.com\/en\/production\/","name":"\u00dcretim - \u0130NO Fermuar","isPartOf":{"@id":"https:\/\/www.inofermuar.com\/#website"},"datePublished":"2020-07-02T11:42:29+00:00","dateModified":"2026-02-10T21:53:30+00:00","breadcrumb":{"@id":"https:\/\/www.inofermuar.com\/en\/production\/#breadcrumb"},"inLanguage":"en-US","potentialAction":[{"@type":"ReadAction","target":["https:\/\/www.inofermuar.com\/en\/production\/"]}]},{"@type":"BreadcrumbList","@id":"https:\/\/www.inofermuar.com\/en\/production\/#breadcrumb","itemListElement":[{"@type":"ListItem","position":1,"name":"Main Page","item":"https:\/\/www.inofermuar.com\/"},{"@type":"ListItem","position":2,"name":"Production"}]},{"@type":"WebSite","@id":"https:\/\/www.inofermuar.com\/en\/#website","url":"https:\/\/www.inofermuar.com\/en\/","name":"\u0130NO Fermuar","description":"Fermuar &Ccedil;e\u015fitleri ve Fermuar Modelleri","publisher":{"@id":"https:\/\/www.inofermuar.com\/en\/#organization"},"potentialAction":[{"@type":"SearchAction","target":{"@type":"EntryPoint","urlTemplate":"https:\/\/www.inofermuar.com\/en\/?s={search_term_string}"},"query-input":"required name=search_term_string"}],"inLanguage":"en-US"},{"@type":"Organization","@id":"https:\/\/www.inofermuar.com\/en\/#organization","name":"\u0130no Fermuar","url":"https:\/\/www.inofermuar.com\/en\/","logo":{"@type":"ImageObject","inLanguage":"en-US","@id":"https:\/\/www.inofermuar.com\/en\/#\/schema\/logo\/image\/","url":"https:\/\/www.inofermuar.com\/wp-content\/uploads\/2020\/07\/normal_logo-2.png","contentUrl":"https:\/\/www.inofermuar.com\/wp-content\/uploads\/2020\/07\/normal_logo-2.png","width":150,"height":83,"caption":"\u0130no Fermuar"},"image":{"@id":"https:\/\/www.inofermuar.com\/en\/#\/schema\/logo\/image\/"},"sameAs":["https:\/\/instagram.com\/inofermuar","https:\/\/www.linkedin.com\/company\/inofermuar\/","https:\/\/www.youtube.com\/channel\/UCFh3mdP_xsOQ-OBVD-bvMnA","https:\/\/facebook.com\/inofermuar","https:\/\/twitter.com\/inofermuar"]}]}},"_links":{"self":[{"href":"https:\/\/www.inofermuar.com\/en\/wp-json\/wp\/v2\/pages\/16"}],"collection":[{"href":"https:\/\/www.inofermuar.com\/en\/wp-json\/wp\/v2\/pages"}],"about":[{"href":"https:\/\/www.inofermuar.com\/en\/wp-json\/wp\/v2\/types\/page"}],"author":[{"embeddable":true,"href":"https:\/\/www.inofermuar.com\/en\/wp-json\/wp\/v2\/users\/1"}],"replies":[{"embeddable":true,"href":"https:\/\/www.inofermuar.com\/en\/wp-json\/wp\/v2\/comments?post=16"}],"version-history":[{"count":12,"href":"https:\/\/www.inofermuar.com\/en\/wp-json\/wp\/v2\/pages\/16\/revisions"}],"predecessor-version":[{"id":1604,"href":"https:\/\/www.inofermuar.com\/en\/wp-json\/wp\/v2\/pages\/16\/revisions\/1604"}],"wp:attachment":[{"href":"https:\/\/www.inofermuar.com\/en\/wp-json\/wp\/v2\/media?parent=16"}],"curies":[{"name":"wp","href":"https:\/\/api.w.org\/{rel}","templated":true}]}}