{"id":15,"date":"2020-07-02T11:42:29","date_gmt":"2020-07-02T11:42:29","guid":{"rendered":"http:\/\/www.inofermuar.com\/yeni\/?page_id=15"},"modified":"2026-02-10T21:42:06","modified_gmt":"2026-02-10T21:42:06","slug":"fabrika","status":"publish","type":"page","link":"https:\/\/www.inofermuar.com\/en\/factory\/","title":{"rendered":"Factory"},"content":{"rendered":"<h2>Fabrikam\u0131z<\/h2>\n<div>\n<div>\n<p>\u0130stanbul\u2019da bulunan 3000 m2 kapali alana sahip fabrikam\u0131z, 80 civar\u0131 \u00e7al\u0131\u015fan\u0131yla \u015fu b\u00f6l\u00fcmlerden olu\u015fmaktad\u0131r:<\/p>\n<ul>\n<li>\u015eerit dokuma ve boyama,<\/li>\n<li>Tasar\u0131m ve modelleme,<\/li>\n<li>Metal fermuar \u00fcretim alan\u0131,<\/li>\n<li>Plastik enjeksiyon (plastik fermuar),<\/li>\n<li>Kal\u0131phane ve CNC,<\/li>\n<li>Aksesuar \u00fcretim alan\u0131,<\/li>\n<li>Fermuar par\u00e7alar\u0131 \u00fcretim alan\u0131,<\/li>\n<li>Fermuar montaj,<\/li>\n<li>Paketleme ve depo<\/li>\n<\/ul>\n<p>\u00dcr\u00fcnlerimizin %100\u2019\u00fc kendi fabrikam\u0131zda \u00fcretildi\u011finden, \u00fcr\u00fcnlerimiz \u00fczerinde tam kontrol sahibiyiz. B\u00f6ylece kalitemiz konusunda tutarl\u0131l\u0131k ve s\u00fcreklilik garanti edebiliyoruz.<\/p>\n<\/div>\n<\/div>\n<p><iframe src=\"https:\/\/youtu.be\/BQJzE3x-Z_E\"><\/iframe><\/p>\n<ul>\n<li>\n<p>        <img decoding=\"async\" src=\"\/wp-content\/uploads\/2020\/07\/1b-500x500-500x441-1.jpg\" alt=\"\"><\/p>\n<h3>1b-500&#215;500-500&#215;441<\/h3>\n<\/li>\n<li>\n<p>        <img decoding=\"async\" src=\"\/wp-content\/uploads\/2020\/07\/2b-500x500-500x441-1.jpg\" alt=\"\"><\/p>\n<h3>2b-500&#215;500-500&#215;441<\/h3>\n<\/li>\n<li>\n<p>        <img decoding=\"async\" src=\"\/wp-content\/uploads\/2020\/07\/3b-500x500-500x441-1.jpg\" alt=\"\"><\/p>\n<h3>3b-500&#215;500-500&#215;441<\/h3>\n<\/li>\n<li>\n<p>        <img decoding=\"async\" src=\"\/wp-content\/uploads\/2020\/07\/4b-500x500-500x441-1.jpg\" alt=\"\"><\/p>\n<h3>4b-500&#215;500-500&#215;441<\/h3>\n<\/li>\n<li>\n<p>        <img decoding=\"async\" src=\"\/wp-content\/uploads\/2020\/07\/10b-500x500-500x441-1.jpg\" alt=\"\"><\/p>\n<h3>10b-500&#215;500-500&#215;441<\/h3>\n<\/li>\n<li>\n<p>        <img decoding=\"async\" src=\"\/wp-content\/uploads\/2020\/07\/11b-500x500-500x441-1.jpg\" alt=\"\"><\/p>\n<h3>11b-500&#215;500-500&#215;441<\/h3>\n<\/li>\n<li>\n<p>        <img decoding=\"async\" src=\"\/wp-content\/uploads\/2020\/07\/12b-500x500-500x441-1.jpg\" alt=\"\"><\/p>\n<h3>12b-500&#215;500-500&#215;441<\/h3>\n<\/li>\n<li>\n<p>        <img decoding=\"async\" src=\"\/wp-content\/uploads\/2020\/07\/13b-500x500-500x441-1.jpg\" alt=\"\"><\/p>\n<h3>13b-500&#215;500-500&#215;441<\/h3>\n<\/li>\n<\/ul>\n<p><!--more--><br \/>\n<!-- {\"type\":\"layout\",\"children\":[{\"type\":\"section\",\"props\":{\"style\":\"primary\",\"width\":\"default\",\"vertical_align\":\"middle\",\"title_position\":\"top-left\",\"title_rotation\":\"left\",\"title_breakpoint\":\"xl\",\"image_position\":\"center-center\",\"padding\":\"xsmall\",\"image\":\"wp-content\\\/uploads\\\/2020\\\/07\\\/6.png\",\"preserve_color\":true,\"text_color\":\"light\",\"image_size\":\"cover\"},\"children\":[{\"type\":\"row\",\"children\":[{\"type\":\"column\",\"props\":{\"image_position\":\"center-center\",\"media_overlay_gradient\":\"\",\"position_sticky_breakpoint\":\"m\"},\"children\":[{\"type\":\"headline\",\"props\":{\"title_element\":\"h2\",\"content\":\"Fabrikam\\u0131z\",\"content_en_us\":\"Our Factory\",\"content_ru_ru\":\"\\u0424\\u0430\\u0431\\u0440\\u0438\\u043a\\u0430 INO Fermuar\"}}]}]}],\"name\":\"ust\"},{\"type\":\"section\",\"props\":{\"style\":\"default\",\"width\":\"default\",\"vertical_align\":\"middle\",\"title_position\":\"top-left\",\"title_rotation\":\"left\",\"title_breakpoint\":\"xl\",\"image_position\":\"center-center\"},\"children\":[{\"type\":\"row\",\"props\":{\"layout\":\"1-2,1-2\"},\"children\":[{\"type\":\"column\",\"props\":{\"image_position\":\"center-center\",\"media_overlay_gradient\":\"\",\"width_medium\":\"1-2\",\"position_sticky_breakpoint\":\"m\"},\"children\":[{\"type\":\"panel\",\"props\":{\"link_text\":\"Read more\",\"title_hover_style\":\"reset\",\"title_element\":\"h3\",\"title_align\":\"top\",\"title_grid_width\":\"1-2\",\"title_grid_breakpoint\":\"m\",\"meta_style\":\"text-meta\",\"meta_align\":\"below-title\",\"content_column_breakpoint\":\"m\",\"icon_width\":80,\"image_align\":\"top\",\"image_grid_width\":\"1-2\",\"image_grid_breakpoint\":\"m\",\"image_svg_color\":\"emphasis\",\"link_style\":\"default\",\"margin\":\"default\",\"content\":\"\n\n<p>\\u0130stanbul\\u2019da bulunan 3000 m2 kapali alana sahip fabrikam\\u0131z, 80 civar\\u0131 \\u00e7al\\u0131\\u015fan\\u0131yla \\u015fu b\\u00f6l\\u00fcmlerden olu\\u015fmaktad\\u0131r:<\\\/p>\\n\n\n<ul>\\n\n\n<li>\\u015eerit dokuma ve boyama,<\\\/li>\\n\n\n<li>Tasar\\u0131m ve modelleme,<\\\/li>\\n\n\n<li>Metal fermuar \\u00fcretim alan\\u0131,<\\\/li>\\n\n\n<li>Plastik enjeksiyon (plastik fermuar),<\\\/li>\\n\n\n<li>Kal\\u0131phane ve CNC,<\\\/li>\\n\n\n<li>Aksesuar \\u00fcretim alan\\u0131,<\\\/li>\\n\n\n<li>Fermuar par\\u00e7alar\\u0131 \\u00fcretim alan\\u0131,<\\\/li>\\n\n\n<li>Fermuar montaj,<\\\/li>\\n\n\n<li>Paketleme ve depo<\\\/li>\\n<\\\/ul>\\n\n\n<p>\\u00dcr\\u00fcnlerimizin %100\\u2019\\u00fc kendi fabrikam\\u0131zda \\u00fcretildi\\u011finden, \\u00fcr\\u00fcnlerimiz \\u00fczerinde tam kontrol sahibiyiz. B\\u00f6ylece kalitemiz konusunda tutarl\\u0131l\\u0131k ve s\\u00fcreklilik garanti edebiliyoruz.<\\\/p>\",\"title\":\"\",\"meta_element\":\"div\",\"content_ru_ru\":\"\n\n<p>\\u041d\\u0430\\u0448\\u0430 \\u0444\\u0430\\u0431\\u0440\\u0438\\u043a\\u0430, \\u0440\\u0430\\u0441\\u043f\\u043e\\u043b\\u043e\\u0436\\u0435\\u043d\\u043d\\u0430\\u044f \\u0432 \\u0421\\u0442\\u0430\\u043c\\u0431\\u0443\\u043b\\u0435 \\u0438 \\u0437\\u0430\\u043d\\u0438\\u043c\\u0430\\u044e\\u0449\\u0430\\u044f \\u043f\\u043b\\u043e\\u0449\\u0430\\u0434\\u044c 3000 \\u043c2, \\u0441\\u043e\\u0441\\u0442\\u043e\\u0438\\u0442 \\u0438\\u0437 \\u0441\\u043b\\u0435\\u0434\\u0443\\u044e\\u0449\\u0438\\u0445 \\u043f\\u0440\\u043e\\u0438\\u0437\\u0432\\u043e\\u0434\\u0441\\u0442\\u0432\\u0435\\u043d\\u043d\\u044b\\u0445 \\u043e\\u0442\\u0434\\u0435\\u043b\\u043e\\u0432 \\u0438 \\u0446\\u0435\\u0445\\u043e\\u0432, \\u043d\\u0430 \\u043a\\u043e\\u0442\\u043e\\u0440\\u044b\\u0445 \\u0440\\u0430\\u0431\\u043e\\u0442\\u0430\\u0435\\u0442 \\u043f\\u043e\\u0440\\u044f\\u0434\\u043a\\u0430 80 \\u0441\\u043e\\u0442\\u0440\\u0443\\u0434\\u043d\\u0438\\u043a\\u043e\\u0432:<\\\/p>\\n\\n\n\n<ul>\\n\n\n<li>\\u0426\\u0435\\u0445 \\u0442\\u043a\\u0430\\u0447\\u0435\\u0441\\u0442\\u0432\\u0430 \\u0438 \\u043e\\u043a\\u0440\\u0430\\u0448\\u0438\\u0432\\u0430\\u043d\\u0438\\u044f \\u0442\\u0435\\u0441\\u044c\\u043c\\u044b,<\\\/li>\\n\\n\n\n<li>\\u041e\\u0442\\u0434\\u0435\\u043b \\u0434\\u0438\\u0437\\u0430\\u0439\\u043d\\u0430 \\u0438 \\u043c\\u043e\\u0434\\u0435\\u043b\\u0438\\u0440\\u043e\\u0432\\u0430\\u043d\\u0438\\u044f,<\\\/li>\\n\\n\n\n<li>\\u0426\\u0435\\u0445 \\u043c\\u0435\\u0442\\u0430\\u043b\\u043b\\u0438\\u0447\\u0435\\u0441\\u043a\\u0438\\u0445 \\u043c\\u043e\\u043b\\u043d\\u0438\\u0439,<\\\/li>\\n    \n\n<li>\\u0426\\u0435\\u0445 \\u0441\\u043f\\u0438\\u0440\\u0430\\u043b\\u044c\\u043d\\u044b\\u0445 \\u043c\\u043e\\u043b\\u043d\\u0438\\u0438,<\\\/li>\\n\\n\n\n<li>\\u0426\\u0435\\u0445 \\u043f\\u043b\\u0430\\u0441\\u0442\\u0438\\u043a\\u043e\\u0432\\u044b\\u0445 \\u043c\\u043e\\u043b\\u043d\\u0438\\u0438,<\\\/li>\\n\\n\n\n<li>\\u0426\\u0435\\u0445 \\u043f\\u0440\\u0435\\u0441\\u0441-\\u0444\\u043e\\u0440\\u043c \\u0438 \\u0427\\u041f\\u0423,<\\\/li>\\n\\n\n\n<li>\\u041f\\u0440\\u043e\\u0438\\u0437\\u0432\\u043e\\u0434\\u0441\\u0442\\u0432\\u0435\\u043d\\u043d\\u044b\\u0439 \\u0446\\u0435\\u0445 \\u0430\\u043a\\u0441\\u0435\\u0441\\u0441\\u0443\\u0430\\u0440\\u043e\\u0432,<\\\/li>\\n\\n\n\n<li>\\u041f\\u0440\\u043e\\u0438\\u0437\\u0432\\u043e\\u0434\\u0441\\u0442\\u0432\\u0435\\u043d\\u043d\\u044b\\u0439 \\u0446\\u0435\\u0445 \\u0434\\u0435\\u0442\\u0430\\u043b\\u0435\\u0439 \\u043c\\u043e\\u043b\\u043d\\u0438\\u0439,<\\\/li>\\n\\n\n\n<li>\\u0421\\u0431\\u043e\\u0440\\u043a\\u0430 \\u043c\\u043e\\u043b\\u043d\\u0438\\u0439,<\\\/li>\\n\\n\n\n<li>\\u0423\\u043f\\u0430\\u043a\\u043e\\u0432\\u043a\\u0430 \\u0438 \\u0441\\u043a\\u043b\\u0430\\u0434\\u0438\\u0440\\u043e\\u0432\\u0430\\u043d\\u0438\\u0435,<\\\/li>\\n<\\\/ul>\\n\n\n<p>\\u041f\\u043e\\u0441\\u043a\\u043e\\u043b\\u044c\\u043a\\u0443 100% \\u043d\\u0430\\u0448\\u0435\\u0439 \\u043f\\u0440\\u043e\\u0434\\u0443\\u043a\\u0446\\u0438\\u0438 \\u043f\\u0440\\u043e\\u0438\\u0437\\u0432\\u043e\\u0434\\u0438\\u0442\\u0441\\u044f \\u043d\\u0430 \\u0441\\u043e\\u0431\\u0441\\u0442\\u0432\\u0435\\u043d\\u043d\\u043e\\u043c \\u0437\\u0430\\u0432\\u043e\\u0434\\u0435, \\u043c\\u044b \\u043f\\u043e\\u043b\\u043d\\u043e\\u0441\\u0442\\u044c\\u044e \\u043a\\u043e\\u043d\\u0442\\u0440\\u043e\\u043b\\u0438\\u0440\\u0443\\u0435\\u043c \\u0435\\u0435 \\u043a\\u0430\\u0447\\u0435\\u0441\\u0442\\u0432\\u043e. \\u042d\\u0442\\u043e \\u043f\\u043e\\u0437\\u0432\\u043e\\u043b\\u044f\\u0435\\u0442 \\u043d\\u0430\\u043c \\u0433\\u0430\\u0440\\u0430\\u043d\\u0442\\u0438\\u0440\\u043e\\u0432\\u0430\\u0442\\u044c \\u0441\\u0442\\u0430\\u0431\\u0438\\u043b\\u044c\\u043d\\u043e\\u0441\\u0442\\u044c \\u0438 \\u043d\\u0435\\u043f\\u0440\\u0435\\u0440\\u044b\\u0432\\u043d\\u043e\\u0441\\u0442\\u044c \\u043f\\u043e\\u0441\\u0442\\u0430\\u0432\\u043e\\u043a.<\\\/p>\",\"content_en_us\":\"\n\n<p>Our 3,000 m\\u00b2 Istanbul factory consists of the following production departments and workshops, employing approximately 80 people:<\\\/p>\\n\\n\n\n<ul>\\n\n\n<li>Weaving and Dyeing Line<\\\/li>\\n\\n\n\n<li>Design and Modeling Department<\\\/li>\\n\\n\n\n<li>Metal Zipper Line<\\\/li>\\n\\n\n\n<li>Plastic Zipper Line<\\\/li>\\n\n\n<li>Nylon Zipper Line<\\\/li>\\n\\n\n\n<li>Mold and CNC Line<\\\/li>\\n\\n\n\n<li>Accessories Line<\\\/li>\\n\\n\n\n<li>Zipper Parts Line<\\\/li>\\n\\n\n\n<li>Zipper Assembly<\\\/li>\\n\\n\n\n<li>Packaging and Warehousing<\\\/li>\\n<\\\/ul>\\n\n\n<p>Since 100% of our products are manufactured in-house, we have complete control its quality. This allows us to guarantee stability and continuity of supply.<\\\/p>\",\"title_en_us\":\"Our Factory\"}}]},{\"type\":\"column\",\"props\":{\"image_position\":\"center-center\",\"media_overlay_gradient\":\"\",\"width_medium\":\"1-2\",\"position_sticky_breakpoint\":\"m\"},\"children\":[{\"type\":\"video\",\"props\":{\"video_controls\":true,\"margin\":\"default\",\"video\":\"https:\\\/\\\/youtu.be\\\/BQJzE3x-Z_E\",\"video_width\":\"800\",\"video_height\":\"500\",\"video_box_shadow\":\"small\",\"video_box_decoration\":\"primary\"}}]}]},{\"type\":\"row\",\"children\":[{\"type\":\"column\",\"props\":{\"image_position\":\"center-center\",\"media_overlay_gradient\":\"\",\"position_sticky_breakpoint\":\"m\"},\"children\":[{\"type\":\"overlay-slider\",\"props\":{\"show_title\":false,\"show_meta\":false,\"show_content\":false,\"show_link\":false,\"slider_width\":\"fixed\",\"slider_width_default\":\"1-1\",\"slider_width_medium\":\"1-3\",\"slider_gap\":\"default\",\"slider_autoplay_pause\":true,\"nav\":\"dotnav\",\"nav_align\":\"center\",\"nav_breakpoint\":\"s\",\"slidenav\":\"default\",\"slidenav_margin\":\"medium\",\"slidenav_breakpoint\":\"s\",\"slidenav_outside_breakpoint\":\"xl\",\"overlay_mode\":\"cover\",\"overlay_position\":\"center\",\"overlay_transition\":\"fade\",\"title_element\":\"h3\",\"meta_style\":\"text-meta\",\"meta_align\":\"below-title\",\"link_text\":\"Read more\",\"link_style\":\"default\",\"text_align\":\"center\",\"margin\":\"default\",\"show_hover_image\":true,\"title_hover_style\":\"reset\",\"meta_element\":\"div\"},\"children\":[{\"type\":\"overlay-slider_item\",\"props\":{\"title\":\"1b-500x500-500x441\",\"image\":\"wp-content\\\/uploads\\\/2020\\\/07\\\/1b-500x500-500x441-1.jpg\"}},{\"type\":\"overlay-slider_item\",\"props\":{\"title\":\"2b-500x500-500x441\",\"image\":\"wp-content\\\/uploads\\\/2020\\\/07\\\/2b-500x500-500x441-1.jpg\"}},{\"type\":\"overlay-slider_item\",\"props\":{\"title\":\"3b-500x500-500x441\",\"image\":\"wp-content\\\/uploads\\\/2020\\\/07\\\/3b-500x500-500x441-1.jpg\"}},{\"type\":\"overlay-slider_item\",\"props\":{\"title\":\"4b-500x500-500x441\",\"image\":\"wp-content\\\/uploads\\\/2020\\\/07\\\/4b-500x500-500x441-1.jpg\"}},{\"type\":\"overlay-slider_item\",\"props\":{\"title\":\"10b-500x500-500x441\",\"image\":\"wp-content\\\/uploads\\\/2020\\\/07\\\/10b-500x500-500x441-1.jpg\"}},{\"type\":\"overlay-slider_item\",\"props\":{\"title\":\"11b-500x500-500x441\",\"image\":\"wp-content\\\/uploads\\\/2020\\\/07\\\/11b-500x500-500x441-1.jpg\"}},{\"type\":\"overlay-slider_item\",\"props\":{\"title\":\"12b-500x500-500x441\",\"image\":\"wp-content\\\/uploads\\\/2020\\\/07\\\/12b-500x500-500x441-1.jpg\"}},{\"type\":\"overlay-slider_item\",\"props\":{\"title\":\"13b-500x500-500x441\",\"image\":\"wp-content\\\/uploads\\\/2020\\\/07\\\/13b-500x500-500x441-1.jpg\"}}]}]}]}]}],\"version\":\"3.0.9\"} --><\/p>\n","protected":false},"excerpt":{"rendered":"<p>Fabrikam\u0131z \u0130stanbul\u2019da bulunan 3000 m2 kapali alana sahip fabrikam\u0131z, 80 civar\u0131 \u00e7al\u0131\u015fan\u0131yla \u015fu b\u00f6l\u00fcmlerden olu\u015fmaktad\u0131r: \u015eerit dokuma ve boyama, Tasar\u0131m ve modelleme, Metal fermuar \u00fcretim alan\u0131, Plastik enjeksiyon (plastik fermuar), Kal\u0131phane ve CNC, Aksesuar \u00fcretim alan\u0131, Fermuar par\u00e7alar\u0131 \u00fcretim alan\u0131, Fermuar montaj, Paketleme ve depo \u00dcr\u00fcnlerimizin %100\u2019\u00fc kendi fabrikam\u0131zda \u00fcretildi\u011finden, \u00fcr\u00fcnlerimiz \u00fczerinde tam kontrol sahibiyiz. [&hellip;]<\/p>\n","protected":false},"author":1,"featured_media":0,"parent":0,"menu_order":0,"comment_status":"closed","ping_status":"closed","template":"","meta":{"_joinchat":[]},"yoast_head":"<!-- This site is optimized with the Yoast SEO plugin v19.10 - https:\/\/yoast.com\/wordpress\/plugins\/seo\/ -->\n<title>Factory<\/title>\n<meta name=\"robots\" content=\"index, follow, max-snippet:-1, max-image-preview:large, max-video-preview:-1\" \/>\n<meta property=\"og:locale\" content=\"en_US\" \/>\n<meta property=\"og:type\" content=\"article\" \/>\n<meta property=\"og:title\" content=\"Factory\" \/>\n<meta property=\"og:url\" content=\"https:\/\/www.inofermuar.com\/en\/factory\/\" \/>\n<meta property=\"og:site_name\" content=\"\u0130NO Fermuar\" \/>\n<meta property=\"article:publisher\" content=\"https:\/\/facebook.com\/inofermuar\" \/>\n<meta property=\"article:modified_time\" content=\"2026-02-10T21:42:06+00:00\" \/>\n<meta name=\"twitter:card\" content=\"summary_large_image\" \/>\n<meta name=\"twitter:site\" content=\"@inofermuar\" \/>\n<meta name=\"twitter:label1\" content=\"Est. reading time\" \/>\n\t<meta name=\"twitter:data1\" content=\"1 minute\" \/>\n<script type=\"application\/ld+json\" class=\"yoast-schema-graph\">{\"@context\":\"https:\/\/schema.org\",\"@graph\":[{\"@type\":\"WebPage\",\"@id\":\"https:\/\/www.inofermuar.com\/en\/factory\/\",\"url\":\"https:\/\/www.inofermuar.com\/en\/factory\/\",\"name\":\"Fabrika - \u0130NO Fermuar\",\"isPartOf\":{\"@id\":\"https:\/\/www.inofermuar.com\/#website\"},\"datePublished\":\"2020-07-02T11:42:29+00:00\",\"dateModified\":\"2026-02-10T21:42:06+00:00\",\"breadcrumb\":{\"@id\":\"https:\/\/www.inofermuar.com\/en\/factory\/#breadcrumb\"},\"inLanguage\":\"en-US\",\"potentialAction\":[{\"@type\":\"ReadAction\",\"target\":[\"https:\/\/www.inofermuar.com\/en\/factory\/\"]}]},{\"@type\":\"BreadcrumbList\",\"@id\":\"https:\/\/www.inofermuar.com\/en\/factory\/#breadcrumb\",\"itemListElement\":[{\"@type\":\"ListItem\",\"position\":1,\"name\":\"Main Page\",\"item\":\"https:\/\/www.inofermuar.com\/\"},{\"@type\":\"ListItem\",\"position\":2,\"name\":\"Factory\"}]},{\"@type\":\"WebSite\",\"@id\":\"https:\/\/www.inofermuar.com\/en\/#website\",\"url\":\"https:\/\/www.inofermuar.com\/en\/\",\"name\":\"\u0130NO Fermuar\",\"description\":\"Fermuar &Ccedil;e\u015fitleri ve Fermuar Modelleri\",\"publisher\":{\"@id\":\"https:\/\/www.inofermuar.com\/en\/#organization\"},\"potentialAction\":[{\"@type\":\"SearchAction\",\"target\":{\"@type\":\"EntryPoint\",\"urlTemplate\":\"https:\/\/www.inofermuar.com\/en\/?s={search_term_string}\"},\"query-input\":\"required name=search_term_string\"}],\"inLanguage\":\"en-US\"},{\"@type\":\"Organization\",\"@id\":\"https:\/\/www.inofermuar.com\/en\/#organization\",\"name\":\"\u0130no Fermuar\",\"url\":\"https:\/\/www.inofermuar.com\/en\/\",\"logo\":{\"@type\":\"ImageObject\",\"inLanguage\":\"en-US\",\"@id\":\"https:\/\/www.inofermuar.com\/en\/#\/schema\/logo\/image\/\",\"url\":\"https:\/\/www.inofermuar.com\/wp-content\/uploads\/2020\/07\/normal_logo-2.png\",\"contentUrl\":\"https:\/\/www.inofermuar.com\/wp-content\/uploads\/2020\/07\/normal_logo-2.png\",\"width\":150,\"height\":83,\"caption\":\"\u0130no Fermuar\"},\"image\":{\"@id\":\"https:\/\/www.inofermuar.com\/en\/#\/schema\/logo\/image\/\"},\"sameAs\":[\"https:\/\/instagram.com\/inofermuar\",\"https:\/\/www.linkedin.com\/company\/inofermuar\/\",\"https:\/\/www.youtube.com\/channel\/UCFh3mdP_xsOQ-OBVD-bvMnA\",\"https:\/\/facebook.com\/inofermuar\",\"https:\/\/twitter.com\/inofermuar\"]}]}<\/script>\n<!-- \/ Yoast SEO plugin. -->","yoast_head_json":{"title":"Factory","robots":{"index":"index","follow":"follow","max-snippet":"max-snippet:-1","max-image-preview":"max-image-preview:large","max-video-preview":"max-video-preview:-1"},"og_locale":"en_US","og_type":"article","og_title":"Factory","og_url":"https:\/\/www.inofermuar.com\/en\/factory\/","og_site_name":"\u0130NO Fermuar","article_publisher":"https:\/\/facebook.com\/inofermuar","article_modified_time":"2026-02-10T21:42:06+00:00","twitter_card":"summary_large_image","twitter_site":"@inofermuar","twitter_misc":{"Est. reading time":"1 minute"},"schema":{"@context":"https:\/\/schema.org","@graph":[{"@type":"WebPage","@id":"https:\/\/www.inofermuar.com\/en\/factory\/","url":"https:\/\/www.inofermuar.com\/en\/factory\/","name":"Fabrika - \u0130NO Fermuar","isPartOf":{"@id":"https:\/\/www.inofermuar.com\/#website"},"datePublished":"2020-07-02T11:42:29+00:00","dateModified":"2026-02-10T21:42:06+00:00","breadcrumb":{"@id":"https:\/\/www.inofermuar.com\/en\/factory\/#breadcrumb"},"inLanguage":"en-US","potentialAction":[{"@type":"ReadAction","target":["https:\/\/www.inofermuar.com\/en\/factory\/"]}]},{"@type":"BreadcrumbList","@id":"https:\/\/www.inofermuar.com\/en\/factory\/#breadcrumb","itemListElement":[{"@type":"ListItem","position":1,"name":"Main Page","item":"https:\/\/www.inofermuar.com\/"},{"@type":"ListItem","position":2,"name":"Factory"}]},{"@type":"WebSite","@id":"https:\/\/www.inofermuar.com\/en\/#website","url":"https:\/\/www.inofermuar.com\/en\/","name":"\u0130NO Fermuar","description":"Fermuar &Ccedil;e\u015fitleri ve Fermuar Modelleri","publisher":{"@id":"https:\/\/www.inofermuar.com\/en\/#organization"},"potentialAction":[{"@type":"SearchAction","target":{"@type":"EntryPoint","urlTemplate":"https:\/\/www.inofermuar.com\/en\/?s={search_term_string}"},"query-input":"required name=search_term_string"}],"inLanguage":"en-US"},{"@type":"Organization","@id":"https:\/\/www.inofermuar.com\/en\/#organization","name":"\u0130no Fermuar","url":"https:\/\/www.inofermuar.com\/en\/","logo":{"@type":"ImageObject","inLanguage":"en-US","@id":"https:\/\/www.inofermuar.com\/en\/#\/schema\/logo\/image\/","url":"https:\/\/www.inofermuar.com\/wp-content\/uploads\/2020\/07\/normal_logo-2.png","contentUrl":"https:\/\/www.inofermuar.com\/wp-content\/uploads\/2020\/07\/normal_logo-2.png","width":150,"height":83,"caption":"\u0130no Fermuar"},"image":{"@id":"https:\/\/www.inofermuar.com\/en\/#\/schema\/logo\/image\/"},"sameAs":["https:\/\/instagram.com\/inofermuar","https:\/\/www.linkedin.com\/company\/inofermuar\/","https:\/\/www.youtube.com\/channel\/UCFh3mdP_xsOQ-OBVD-bvMnA","https:\/\/facebook.com\/inofermuar","https:\/\/twitter.com\/inofermuar"]}]}},"_links":{"self":[{"href":"https:\/\/www.inofermuar.com\/en\/wp-json\/wp\/v2\/pages\/15"}],"collection":[{"href":"https:\/\/www.inofermuar.com\/en\/wp-json\/wp\/v2\/pages"}],"about":[{"href":"https:\/\/www.inofermuar.com\/en\/wp-json\/wp\/v2\/types\/page"}],"author":[{"embeddable":true,"href":"https:\/\/www.inofermuar.com\/en\/wp-json\/wp\/v2\/users\/1"}],"replies":[{"embeddable":true,"href":"https:\/\/www.inofermuar.com\/en\/wp-json\/wp\/v2\/comments?post=15"}],"version-history":[{"count":11,"href":"https:\/\/www.inofermuar.com\/en\/wp-json\/wp\/v2\/pages\/15\/revisions"}],"predecessor-version":[{"id":1598,"href":"https:\/\/www.inofermuar.com\/en\/wp-json\/wp\/v2\/pages\/15\/revisions\/1598"}],"wp:attachment":[{"href":"https:\/\/www.inofermuar.com\/en\/wp-json\/wp\/v2\/media?parent=15"}],"curies":[{"name":"wp","href":"https:\/\/api.w.org\/{rel}","templated":true}]}}